{"id":1081,"date":"2021-02-10T19:38:37","date_gmt":"2021-02-10T19:38:37","guid":{"rendered":"https:\/\/cs-stadthagen.de\/?page_id=1081"},"modified":"2021-11-11T14:31:59","modified_gmt":"2021-11-11T14:31:59","slug":"elementor-1081","status":"publish","type":"page","link":"https:\/\/www.cs-stadthagen.de\/?page_id=1081","title":{"rendered":"Spendenaktion"},"content":{"rendered":"\t\t<div data-elementor-type=\"wp-page\" data-elementor-id=\"1081\" class=\"elementor elementor-1081\">\n\t\t\t\t\t\t<section class=\"elementor-section elementor-top-section elementor-element elementor-element-150b834 elementor-section-boxed elementor-section-height-default elementor-section-height-default\" data-id=\"150b834\" data-element_type=\"section\" data-e-type=\"section\">\n\t\t\t\t\t\t<div class=\"elementor-container elementor-column-gap-default\">\n\t\t\t\t\t<div class=\"elementor-column elementor-col-100 elementor-top-column elementor-element elementor-element-96a3b2d\" data-id=\"96a3b2d\" data-element_type=\"column\" data-e-type=\"column\">\n\t\t\t<div class=\"elementor-widget-wrap elementor-element-populated\">\n\t\t\t\t\t\t<div class=\"elementor-element elementor-element-9fa0b63 elementor-widget elementor-widget-text-editor\" data-id=\"9fa0b63\" data-element_type=\"widget\" data-e-type=\"widget\" data-widget_type=\"text-editor.default\">\n\t\t\t\t<div class=\"elementor-widget-container\">\n\t\t\t\t\t\t\t\t\t<p style=\"font-size: 17px;\"><strong>Unsere Empfehlung gilt vorerst den Spenden-Projekten <\/strong><strong><span style=\"color: #ff6600; font-weight: bolder;\"><a href=\"#borallighttrenner\">Boreal light<\/a><\/span> und\/oder <span style=\"color: #ff6600; font-weight: bolder;\"><a href=\"#itsforkidstrenner\">It&#8217;s for kids.<\/a><\/span>\u00a0 Bitte im Verwendungszweck auch Computer Station erw\u00e4hnen. Wir danken\u00a0 Ihnen im Voraus.<br \/><\/strong><\/p>\t\t\t\t\t\t\t\t<\/div>\n\t\t\t\t<\/div>\n\t\t\t\t\t<\/div>\n\t\t<\/div>\n\t\t\t\t\t<\/div>\n\t\t<\/section>\n\t\t\t\t<section class=\"elementor-section elementor-top-section elementor-element elementor-element-40757d1 elementor-section-boxed elementor-section-height-default elementor-section-height-default\" data-id=\"40757d1\" data-element_type=\"section\" data-e-type=\"section\">\n\t\t\t\t\t\t<div class=\"elementor-container elementor-column-gap-default\">\n\t\t\t\t\t<div class=\"elementor-column elementor-col-100 elementor-top-column elementor-element elementor-element-ec9ee5e\" data-id=\"ec9ee5e\" data-element_type=\"column\" data-e-type=\"column\">\n\t\t\t<div class=\"elementor-widget-wrap elementor-element-populated\">\n\t\t\t\t\t\t<div class=\"elementor-element elementor-element-3ff59b2 elementor-widget-divider--view-line elementor-widget elementor-widget-divider\" data-id=\"3ff59b2\" data-element_type=\"widget\" data-e-type=\"widget\" id=\"borallighttrenner\" data-widget_type=\"divider.default\">\n\t\t\t\t<div class=\"elementor-widget-container\">\n\t\t\t\t\t\t\t<div class=\"elementor-divider\">\n\t\t\t<span class=\"elementor-divider-separator\">\n\t\t\t\t\t\t<\/span>\n\t\t<\/div>\n\t\t\t\t\t\t<\/div>\n\t\t\t\t<\/div>\n\t\t\t\t\t<\/div>\n\t\t<\/div>\n\t\t\t\t\t<\/div>\n\t\t<\/section>\n\t\t\t\t<section class=\"elementor-section elementor-top-section elementor-element elementor-element-c5511db elementor-section-boxed elementor-section-height-default elementor-section-height-default\" data-id=\"c5511db\" data-element_type=\"section\" data-e-type=\"section\">\n\t\t\t\t\t\t<div class=\"elementor-container elementor-column-gap-default\">\n\t\t\t\t\t<div class=\"elementor-column elementor-col-25 elementor-top-column elementor-element elementor-element-8de1a2f\" data-id=\"8de1a2f\" data-element_type=\"column\" data-e-type=\"column\">\n\t\t\t<div class=\"elementor-widget-wrap elementor-element-populated\">\n\t\t\t\t\t\t<div class=\"elementor-element elementor-element-52f7a99 elementor-widget elementor-widget-text-editor\" data-id=\"52f7a99\" data-element_type=\"widget\" data-e-type=\"widget\" data-settings=\"{&quot;_animation&quot;:&quot;none&quot;}\" data-widget_type=\"text-editor.default\">\n\t\t\t\t<div class=\"elementor-widget-container\">\n\t\t\t\t\t\t\t\t\t<div class=\"text-picture__picture float-right\">\n<h4 class=\"text-picture__picture__subline\"><a href=\"https:\/\/www.kfw.de\/stories\/wirtschaft\/gruenden\/boreal-light\/\"><strong>Boreal Light<\/strong><\/a><\/h4>\n<\/div>\n<div>\n\n<strong>Der Zugang zu sauberem Wasser ist ein Menschenrecht. In L\u00e4ndern wie Somalia oder Jemen ist es oft verschmutzt \u2013 und aufbereitetes Wasser teuer. Boreal Light hat eine Anlage entwickelt, die an vorhandene Quellen angeschlossen wird und die Bev\u00f6lkerung g\u00fcnstig versorgen kann. Daf\u00fcr wurde das Berliner Unternehmen im Wettbewerb KfW Award Gr\u00fcnden 2019 als Bundessieger ausgezeichnet. Zus\u00e4tzlich gewannen die Gr\u00fcnder den Publikumspreis.<\/strong>\n\n<\/div>\t\t\t\t\t\t\t\t<\/div>\n\t\t\t\t<\/div>\n\t\t\t\t\t<\/div>\n\t\t<\/div>\n\t\t\t\t<div class=\"elementor-column elementor-col-25 elementor-top-column elementor-element elementor-element-29b1842\" data-id=\"29b1842\" data-element_type=\"column\" data-e-type=\"column\">\n\t\t\t<div class=\"elementor-widget-wrap elementor-element-populated\">\n\t\t\t\t\t\t\t<\/div>\n\t\t<\/div>\n\t\t\t\t<div class=\"elementor-column elementor-col-50 elementor-top-column elementor-element elementor-element-134628c\" data-id=\"134628c\" data-element_type=\"column\" data-e-type=\"column\">\n\t\t\t<div class=\"elementor-widget-wrap elementor-element-populated\">\n\t\t\t\t\t\t<div class=\"elementor-element elementor-element-c00ef86 elementor-widget elementor-widget-video\" data-id=\"c00ef86\" data-element_type=\"widget\" data-e-type=\"widget\" data-settings=\"{&quot;youtube_url&quot;:&quot;https:\\\/\\\/www.youtube.com\\\/watch?v=OTPtKveWc_o&quot;,&quot;show_image_overlay&quot;:&quot;yes&quot;,&quot;image_overlay&quot;:{&quot;url&quot;:&quot;https:\\\/\\\/cs-stadthagen.de\\\/wp-content\\\/uploads\\\/2021\\\/02\\\/Boreal_Light.jpg&quot;,&quot;id&quot;:1084,&quot;size&quot;:&quot;&quot;,&quot;alt&quot;:&quot;&quot;,&quot;source&quot;:&quot;library&quot;},&quot;video_type&quot;:&quot;youtube&quot;}\" data-widget_type=\"video.default\">\n\t\t\t\t<div class=\"elementor-widget-container\">\n\t\t\t\t\t\t\t<div class=\"elementor-wrapper elementor-open-inline\">\n\t\t\t<div class=\"elementor-video\"><\/div>\t\t\t\t<div class=\"elementor-custom-embed-image-overlay\" style=\"background-image: url(https:\/\/www.cs-stadthagen.de\/wp-content\/uploads\/2021\/02\/Boreal_Light.jpg);\">\n\t\t\t\t\t\t\t\t\t\t\t\t\t\t\t\t<div class=\"elementor-custom-embed-play\" role=\"button\" aria-label=\"Video abspielen\" tabindex=\"0\">\n\t\t\t\t\t\t\t<i aria-hidden=\"true\" class=\"eicon-play\"><\/i>\t\t\t\t\t\t<\/div>\n\t\t\t\t\t\t\t\t\t<\/div>\n\t\t\t\t\t<\/div>\n\t\t\t\t\t\t<\/div>\n\t\t\t\t<\/div>\n\t\t\t\t\t<\/div>\n\t\t<\/div>\n\t\t\t\t\t<\/div>\n\t\t<\/section>\n\t\t\t\t<section class=\"elementor-section elementor-top-section elementor-element elementor-element-d67ad03 elementor-section-boxed elementor-section-height-default elementor-section-height-default\" data-id=\"d67ad03\" data-element_type=\"section\" data-e-type=\"section\">\n\t\t\t\t\t\t<div class=\"elementor-container elementor-column-gap-default\">\n\t\t\t\t\t<div class=\"elementor-column elementor-col-50 elementor-top-column elementor-element elementor-element-f8d3813\" data-id=\"f8d3813\" data-element_type=\"column\" data-e-type=\"column\">\n\t\t\t<div class=\"elementor-widget-wrap\">\n\t\t\t\t\t\t\t<\/div>\n\t\t<\/div>\n\t\t\t\t<div class=\"elementor-column elementor-col-50 elementor-top-column elementor-element elementor-element-685c0e8\" data-id=\"685c0e8\" data-element_type=\"column\" data-e-type=\"column\">\n\t\t\t<div class=\"elementor-widget-wrap elementor-element-populated\">\n\t\t\t\t\t\t<div class=\"elementor-element elementor-element-74d31bc elementor-widget elementor-widget-text-editor\" data-id=\"74d31bc\" data-element_type=\"widget\" data-e-type=\"widget\" data-widget_type=\"text-editor.default\">\n\t\t\t\t<div class=\"elementor-widget-container\">\n\t\t\t\t\t\t\t\t\t<p style=\"font-size: 16px;\"><strong>Boreal Light hat die Erfindung konsequent an den Ziell\u00e4ndern ausgerichtet. Das bedeutet vor allem, dass sie g\u00fcnstig sein muss. \u201eDie Versorgung mit Trinkwasser ist ein gro\u00dfes Gesch\u00e4ft, und die Konzerne diktieren die Preise. In Somalia zahlen die Menschen f\u00fcr f\u00fcnf Liter Trinkwasser einen Dollar \u2013 bei einem monatlichen Einkommen von 100 bis 150 Dollar. Das k\u00f6nnen sich nur wenige leisten. <br>Sie trinken daher verschmutztes Wasser, das h\u00e4ufig Krankheiten verursacht. An unserem Wasser Kiosk in Somalia kosten 1.000 Liter Wasser 50 Cent\u201c, sagt Ali Al-Hakim. Die Gr\u00fcnder waren daher nicht \u00fcberall willkommen. Lizenzen wurden nicht erteilt, die Wasserqualit\u00e4t angezweifelt und Mitarbeiter bedroht. \u201eWer etwas Gutes entwickelt, wird bek\u00e4mpft. <br>Entscheidend f\u00fcr eine Ver\u00e4nderung ist, dass die Menschen vor Ort sie akzeptieren\u201c, meint Ali Al-Hakim, der sich so schnell nicht einsch\u00fcchtern l\u00e4sst. Gleichzeitig versteht er, dass es in kleinen D\u00f6rfern auch Widerst\u00e4nde der Bev\u00f6lkerung gibt. Denn oft werden von Organisationen Anlagen aufgestellt, die eine Zeit lang das Leben verbessern. Doch sobald etwas kaputt ist oder ein Ersatzteil nicht ausgetauscht werden kann, stehen sie ungenutzt herum.<\/strong><\/p>\t\t\t\t\t\t\t\t<\/div>\n\t\t\t\t<\/div>\n\t\t\t\t\t<\/div>\n\t\t<\/div>\n\t\t\t\t\t<\/div>\n\t\t<\/section>\n\t\t\t\t<section class=\"elementor-section elementor-top-section elementor-element elementor-element-5fa7947 elementor-section-boxed elementor-section-height-default elementor-section-height-default\" data-id=\"5fa7947\" data-element_type=\"section\" data-e-type=\"section\">\n\t\t\t\t\t\t<div class=\"elementor-container elementor-column-gap-default\">\n\t\t\t\t\t<div class=\"elementor-column elementor-col-100 elementor-top-column elementor-element elementor-element-ee3edaa\" data-id=\"ee3edaa\" data-element_type=\"column\" data-e-type=\"column\">\n\t\t\t<div class=\"elementor-widget-wrap elementor-element-populated\">\n\t\t\t\t\t\t<div class=\"elementor-element elementor-element-7cb3eb9 elementor-widget-divider--view-line elementor-widget elementor-widget-divider\" data-id=\"7cb3eb9\" data-element_type=\"widget\" data-e-type=\"widget\" id=\"itsforkidstrenner\" data-widget_type=\"divider.default\">\n\t\t\t\t<div class=\"elementor-widget-container\">\n\t\t\t\t\t\t\t<div class=\"elementor-divider\">\n\t\t\t<span class=\"elementor-divider-separator\">\n\t\t\t\t\t\t<\/span>\n\t\t<\/div>\n\t\t\t\t\t\t<\/div>\n\t\t\t\t<\/div>\n\t\t\t\t\t<\/div>\n\t\t<\/div>\n\t\t\t\t\t<\/div>\n\t\t<\/section>\n\t\t\t\t<section class=\"elementor-section elementor-top-section elementor-element elementor-element-b82c37b elementor-section-boxed elementor-section-height-default elementor-section-height-default\" data-id=\"b82c37b\" data-element_type=\"section\" data-e-type=\"section\">\n\t\t\t\t\t\t<div class=\"elementor-container elementor-column-gap-default\">\n\t\t\t\t\t<div class=\"elementor-column elementor-col-33 elementor-top-column elementor-element elementor-element-2ac1a06\" data-id=\"2ac1a06\" data-element_type=\"column\" data-e-type=\"column\">\n\t\t\t<div class=\"elementor-widget-wrap elementor-element-populated\">\n\t\t\t\t\t\t<div class=\"elementor-element elementor-element-494c71a elementor-widget elementor-widget-text-editor\" data-id=\"494c71a\" data-element_type=\"widget\" data-e-type=\"widget\" data-widget_type=\"text-editor.default\">\n\t\t\t\t<div class=\"elementor-widget-container\">\n\t\t\t\t\t\t\t\t\t<div id=\"itsforkids\"><h4 style=\"color: orange;\"><a href=\"https:\/\/its-for-kids.de\/\"><span style=\"color: #ff6600;\"><strong>Its for kids!<\/strong><\/span><\/a><\/h4><\/div><div><p><strong>Helfen Sie gerade jetzt Kindern in Not! Der Erl\u00f6s dieser Aktion geht u.a. an lokale Kindertafeln und Einrichtungen f\u00fcr Opfer h\u00e4uslicher und sexueller Gewalt.<br \/><br \/>Da wir in unserem Unternehmen mit elektronischen Ger\u00e4ten arbeiten, Sie bei uns im Ladenlokal ihre Mobilendger\u00e4te und Druckerpatron zum Recycling abgeben.<br \/><\/strong><\/p><p>\u00a0<\/p><\/div>\t\t\t\t\t\t\t\t<\/div>\n\t\t\t\t<\/div>\n\t\t\t\t\t<\/div>\n\t\t<\/div>\n\t\t\t\t<div class=\"elementor-column elementor-col-66 elementor-top-column elementor-element elementor-element-b6104a4\" data-id=\"b6104a4\" data-element_type=\"column\" data-e-type=\"column\">\n\t\t\t<div class=\"elementor-widget-wrap elementor-element-populated\">\n\t\t\t\t\t\t<div class=\"elementor-element elementor-element-06619d7 elementor-widget elementor-widget-image\" data-id=\"06619d7\" data-element_type=\"widget\" data-e-type=\"widget\" data-widget_type=\"image.default\">\n\t\t\t\t<div class=\"elementor-widget-container\">\n\t\t\t\t\t\t\t\t\t\t\t\t\t\t\t<img fetchpriority=\"high\" decoding=\"async\" width=\"828\" height=\"426\" src=\"https:\/\/www.cs-stadthagen.de\/wp-content\/uploads\/2021\/09\/ItsForKids_home-2.jpg\" class=\"attachment-large size-large wp-image-1246\" alt=\"kind its for kids\" srcset=\"https:\/\/www.cs-stadthagen.de\/wp-content\/uploads\/2021\/09\/ItsForKids_home-2.jpg 828w, https:\/\/www.cs-stadthagen.de\/wp-content\/uploads\/2021\/09\/ItsForKids_home-2-300x154.jpg 300w, https:\/\/www.cs-stadthagen.de\/wp-content\/uploads\/2021\/09\/ItsForKids_home-2-768x395.jpg 768w, https:\/\/www.cs-stadthagen.de\/wp-content\/uploads\/2021\/09\/ItsForKids_home-2-520x268.jpg 520w, https:\/\/www.cs-stadthagen.de\/wp-content\/uploads\/2021\/09\/ItsForKids_home-2-740x381.jpg 740w\" sizes=\"(max-width: 828px) 100vw, 828px\" \/>\t\t\t\t\t\t\t\t\t\t\t\t\t\t\t<\/div>\n\t\t\t\t<\/div>\n\t\t\t\t\t<\/div>\n\t\t<\/div>\n\t\t\t\t\t<\/div>\n\t\t<\/section>\n\t\t\t\t<section class=\"elementor-section elementor-top-section elementor-element elementor-element-e142d96 elementor-section-boxed elementor-section-height-default elementor-section-height-default\" data-id=\"e142d96\" data-element_type=\"section\" data-e-type=\"section\">\n\t\t\t\t\t\t<div class=\"elementor-container elementor-column-gap-default\">\n\t\t\t\t\t<div class=\"elementor-column elementor-col-50 elementor-top-column elementor-element elementor-element-105c452\" data-id=\"105c452\" data-element_type=\"column\" data-e-type=\"column\">\n\t\t\t<div class=\"elementor-widget-wrap elementor-element-populated\">\n\t\t\t\t\t\t<div class=\"elementor-element elementor-element-d996ce1 elementor-widget elementor-widget-image\" data-id=\"d996ce1\" data-element_type=\"widget\" data-e-type=\"widget\" data-widget_type=\"image.default\">\n\t\t\t\t<div class=\"elementor-widget-container\">\n\t\t\t\t\t\t\t\t\t\t\t\t\t\t\t<img decoding=\"async\" src=\"https:\/\/its-for-kids.de\/Logo\/ItsForKids_logo.png\" title=\"\" alt=\"itsforkidslogo\" loading=\"lazy\" \/>\t\t\t\t\t\t\t\t\t\t\t\t\t\t\t<\/div>\n\t\t\t\t<\/div>\n\t\t\t\t\t<\/div>\n\t\t<\/div>\n\t\t\t\t<div class=\"elementor-column elementor-col-50 elementor-top-column elementor-element elementor-element-3a56b59\" data-id=\"3a56b59\" data-element_type=\"column\" data-e-type=\"column\">\n\t\t\t<div class=\"elementor-widget-wrap elementor-element-populated\">\n\t\t\t\t\t\t<div class=\"elementor-element elementor-element-92dcdbc elementor-widget elementor-widget-text-editor\" data-id=\"92dcdbc\" data-element_type=\"widget\" data-e-type=\"widget\" data-widget_type=\"text-editor.default\">\n\t\t\t\t<div class=\"elementor-widget-container\">\n\t\t\t\t\t\t\t\t\t<p style=\"font-size: 16px\">\n<strong>Anstatt die Handys in Schubladen vollstauben zu lassen, kannst du sie f\u00fcr den Kinderschutz spenden und so etwas Sinnvolles damit tun.<\/strong><br>\n<strong>Unser Partner Teqcycle, ein Tochterunternehmen der Deutschen Telekom AG, recycelt alte Handys und macht so die in den Telefonen enthaltenen seltenen Erden wieder nutzbar.<br><br>Jedes recycelte Handy ist somit auch ein Beitrag zum Umweltschutz.<\/strong>\n\n<strong>Wir als Stiftung erhalten f\u00fcr jedes Handy einen Gegenwert gutgeschrieben, mit dem wir Kinderschutzprojekte unterst\u00fctzen k\u00f6nnen.<\/strong><strong>Du kannst dir eine oder mehrere Sammelboxen online bestellen.<\/strong>\n<br>\n<strong>Wenn die Box voll ist (ca. 60 Handys passen hinein), kannst Du Dir ein Versandlabel ausdrucken und die Box an Teqcycle zur\u00fcckschicken.<br> Das Ganze ist f\u00fcr dich absolut kostenlos. \n<br><br>\nWenn du eine Box aufstellst, ist es sinnvoll, dass sie an einem Platz steht, wo m\u00f6glichst viel Kunden- oder Mitarbeiterverkehr herrscht \u2013 und sie zur Sicherheit unter Beobachtung steht. Das kann in einem Ladenlokal sein oder der Empfang in einem Unternehmen. <br>Nat\u00fcrlich kannst du auch gerne im Freundeskreis sammeln und auch weitere Kontakte gewinnen, die eine Box aufstellen wollen.<\/strong>\n<br>\n<strong>Aus Sicherheitsgr\u00fcnden k\u00f6nnen nur Handys ohne Akku eingeschickt werden. Bitte entfernt auch die SIM-Karten.<\/strong><\/p>\t\t\t\t\t\t\t\t<\/div>\n\t\t\t\t<\/div>\n\t\t\t\t\t<\/div>\n\t\t<\/div>\n\t\t\t\t\t<\/div>\n\t\t<\/section>\n\t\t\t\t<section class=\"elementor-section elementor-top-section elementor-element elementor-element-5aef8b0 elementor-section-boxed elementor-section-height-default elementor-section-height-default\" data-id=\"5aef8b0\" data-element_type=\"section\" data-e-type=\"section\">\n\t\t\t\t\t\t<div class=\"elementor-container elementor-column-gap-default\">\n\t\t\t\t\t<div class=\"elementor-column elementor-col-50 elementor-top-column elementor-element elementor-element-a4f05cd\" data-id=\"a4f05cd\" data-element_type=\"column\" data-e-type=\"column\">\n\t\t\t<div class=\"elementor-widget-wrap\">\n\t\t\t\t\t\t\t<\/div>\n\t\t<\/div>\n\t\t\t\t<div class=\"elementor-column elementor-col-50 elementor-top-column elementor-element elementor-element-0134ebf\" data-id=\"0134ebf\" data-element_type=\"column\" data-e-type=\"column\">\n\t\t\t<div class=\"elementor-widget-wrap elementor-element-populated\">\n\t\t\t\t\t\t<div class=\"elementor-element elementor-element-18f037a elementor-widget elementor-widget-text-editor\" data-id=\"18f037a\" data-element_type=\"widget\" data-e-type=\"widget\" data-widget_type=\"text-editor.default\">\n\t\t\t\t<div class=\"elementor-widget-container\">\n\t\t\t\t\t\t\t\t\t<section class=\"Accordion__Content-pd6rrf-0 eWbrYg\">\n<p style=\"font-size: 16px\" class=\"Primary__ParagraphPrimary-nxotvm-0 iMjwwM\"><strong>Unser Kooperationspartner Umweltbox sammelt leere Druckerpatronen und Tonerkartuschen, Toner und Kartuschen und recycelt diese \u2013 der Erl\u00f6s daraus geht an It\u2019s for Kids. Das ist nicht nur prima f\u00fcr die Umwelt, sondern kommt auch dem Kinderschutz zu Gute.<\/strong><\/p>\n<p style=\"font-size: 16px\" class=\"Primary__ParagraphPrimary-nxotvm-0 iMjwwM\"><strong>Wusstest du, dass f\u00fcr die Produktion einer Druckerpatrone 1 Liter und f\u00fcr die Herstellung eines Toners 5 Liter Erd\u00f6l verbraucht werden? Oder dass eine Kartusche rund 450 Jahre ben\u00f6tigt, um sich v\u00f6llig aufzul\u00f6sen? Nein? Dann geht es dir wie den meisten Menschen. Nicht ohne Grund landen rund 80 % der verkauften Druckerpatronen und Tonerkartuschen im Restm\u00fcll \u2013 mehr als 80 Millionen St\u00fcck pro Jahr alleine in Deutschland. Und das, obwohl sie ohne Qualit\u00e4tsverlust drei- bis f\u00fcnfmal wiederaufbereitet werden k\u00f6nnen. Und sowieso: Druckerpatronen und Tonerkartuschen geh\u00f6ren nicht in den Restm\u00fcll, sondern z\u00e4hlen zum Sonderm\u00fcll. Alleine im Sinne des Umweltschutzes lohnt es sich also, sich \u00fcber die richtige Entsorgung seiner Druckerpatronen und Tonerkartuschen Gedanken zu machen. Und f\u00fcr den Kinderschutz lohnt es sich gleich doppelt. Unser Kooperationspartner Umweltbox recycelt deine leeren Druckerpatronen und Tonerkartuschen f\u00fcr den guten Zweck. Der Erl\u00f6s deiner Sachspende kommt Kinderschutzprojekten zu Gute, die sich um misshandelte, missbrauchte und vernachl\u00e4ssigte Kinder k\u00fcmmern.<\/strong><\/p>\n<p style=\"font-size: 16px\" class=\"Primary__ParagraphPrimary-nxotvm-0 hWsCLA\"><strong>Wenn du deine leeren Druckerpatronen und Tonerkartuschen entsorgen bzw. spenden m\u00f6chtest, achte bitte darauf, dass es sich um Originale und keine alternativen Produkte handelt. Gerne werden Druckerpatronen und Tonerkartuschen aller g\u00e4ngigen Marken eingesammelt. Es ist dabei nicht wichtig, dass die Patronen restlos entleert sind \u2013 auch volle oder halbvolle Patronen sind m\u00f6glich. Resttonerbeh\u00e4lter k\u00f6nnen wir leider nicht entsorgen.<\/strong><\/p>\n<p style=\"font-size: 16px\" class=\"Primary__ParagraphPrimary-nxotvm-0 iMjwwM\"><strong>Die leeren Druckerpatronen und Tonerkartuschen werden \u00fcber unseren Partner Umweltbox recycelt. Dieser wertet das Spendenmaterial aus, je nachdem, ob die Produkte wieder bef\u00fcllt oder anderweitig weiter verwertet werden k\u00f6nnen. Die Druckerpatronen und Tonerkartuschen, die nicht verwertet werden k\u00f6nnen, werden geschreddert und fachgerecht entsorgt. Der Erl\u00f6s geht als Gutschrift an unsere Kinderschutzstiftung It\u2018s for Kids. Wir reichen die Gelder an verschiedene Kinderschutzprojekte in der ganzen Bundesrepublik weiter.<\/strong><\/p>\n<p style=\"font-size: 16px\" ><strong>Ansprechpartner zu allen Fragen rund um das Sammeln von Druckerpatronen und Tonerkartuschen:<\/strong><br>\n<strong>Ansgar Thiele (<a class=\"Link__LinkTertiary-sc-1dea45x-2 kTQuwi\" href=\"mailto:ansgar.thiele@umweltbox.de\">ansgar.thiele@umweltbox.de<\/a>, 0163\/1221045)<\/strong>\n\n<\/section>\t\t\t\t\t\t\t\t<\/div>\n\t\t\t\t<\/div>\n\t\t\t\t\t<\/div>\n\t\t<\/div>\n\t\t\t\t\t<\/div>\n\t\t<\/section>\n\t\t\t\t<\/div>\n\t\t","protected":false},"excerpt":{"rendered":"<p>Unsere Empfehlung gilt vorerst den Spenden-Projekten Boreal light und\/oder It&#8217;s for kids.\u00a0 Bitte im Verwendungszweck auch Computer Station erw\u00e4hnen. Wir danken\u00a0 Ihnen im Voraus. Boreal Light Der Zugang zu sauberem Wasser ist ein Menschenrecht. In<a class=\"read-more\" href=\"https:\/\/www.cs-stadthagen.de\/?page_id=1081\">Continue reading<\/a><\/p>\n","protected":false},"author":5,"featured_media":0,"parent":0,"menu_order":0,"comment_status":"closed","ping_status":"closed","template":"page-templates\/page_fullwidth.php","meta":{"footnotes":""},"class_list":["post-1081","page","type-page","status-publish","hentry"],"_links":{"self":[{"href":"https:\/\/www.cs-stadthagen.de\/index.php?rest_route=\/wp\/v2\/pages\/1081"}],"collection":[{"href":"https:\/\/www.cs-stadthagen.de\/index.php?rest_route=\/wp\/v2\/pages"}],"about":[{"href":"https:\/\/www.cs-stadthagen.de\/index.php?rest_route=\/wp\/v2\/types\/page"}],"author":[{"embeddable":true,"href":"https:\/\/www.cs-stadthagen.de\/index.php?rest_route=\/wp\/v2\/users\/5"}],"replies":[{"embeddable":true,"href":"https:\/\/www.cs-stadthagen.de\/index.php?rest_route=%2Fwp%2Fv2%2Fcomments&post=1081"}],"version-history":[{"count":81,"href":"https:\/\/www.cs-stadthagen.de\/index.php?rest_route=\/wp\/v2\/pages\/1081\/revisions"}],"predecessor-version":[{"id":1718,"href":"https:\/\/www.cs-stadthagen.de\/index.php?rest_route=\/wp\/v2\/pages\/1081\/revisions\/1718"}],"wp:attachment":[{"href":"https:\/\/www.cs-stadthagen.de\/index.php?rest_route=%2Fwp%2Fv2%2Fmedia&parent=1081"}],"curies":[{"name":"wp","href":"https:\/\/api.w.org\/{rel}","templated":true}]}}