{"id":113,"date":"2018-08-08T11:23:23","date_gmt":"2018-08-08T11:23:23","guid":{"rendered":"http:\/\/cs-stadthagen.de\/?page_id=113"},"modified":"2021-11-09T13:42:07","modified_gmt":"2021-11-09T13:42:07","slug":"grafikbearbeitung","status":"publish","type":"page","link":"https:\/\/www.cs-stadthagen.de\/?page_id=113","title":{"rendered":"Grafikbearbeitung"},"content":{"rendered":"\t\t<div data-elementor-type=\"wp-page\" data-elementor-id=\"113\" class=\"elementor elementor-113\">\n\t\t\t\t\t\t<section class=\"elementor-section elementor-top-section elementor-element elementor-element-879ddf7 elementor-section-boxed elementor-section-height-default elementor-section-height-default\" data-id=\"879ddf7\" data-element_type=\"section\" data-e-type=\"section\">\n\t\t\t\t\t\t<div class=\"elementor-container elementor-column-gap-default\">\n\t\t\t\t\t<div class=\"elementor-column elementor-col-100 elementor-top-column elementor-element elementor-element-70928d7\" data-id=\"70928d7\" data-element_type=\"column\" data-e-type=\"column\">\n\t\t\t<div class=\"elementor-widget-wrap elementor-element-populated\">\n\t\t\t\t\t\t<div class=\"elementor-element elementor-element-93a8840 elementor-widget elementor-widget-text-editor\" data-id=\"93a8840\" data-element_type=\"widget\" data-e-type=\"widget\" data-widget_type=\"text-editor.default\">\n\t\t\t\t<div class=\"elementor-widget-container\">\n\t\t\t\t\t\t\t\t\t<p><strong>Wir bieten ihnen eine vielfalt an Grafikleistungen an z.B. Flyer, Visitenkarten, Werbetechnick u.v.m. Gerne setzen wir uns mit ihnen zusammen sodass sie ihre Grafik nach ihren Vorstellungen und Vorlieben bekommen!<\/strong><\/p>\t\t\t\t\t\t\t\t<\/div>\n\t\t\t\t<\/div>\n\t\t\t\t\t<\/div>\n\t\t<\/div>\n\t\t\t\t\t<\/div>\n\t\t<\/section>\n\t\t\t\t<section class=\"elementor-section elementor-top-section elementor-element elementor-element-a2902cb elementor-section-boxed elementor-section-height-default elementor-section-height-default\" data-id=\"a2902cb\" data-element_type=\"section\" data-e-type=\"section\">\n\t\t\t\t\t\t<div class=\"elementor-container elementor-column-gap-default\">\n\t\t\t\t\t<div class=\"elementor-column elementor-col-33 elementor-top-column elementor-element elementor-element-577b3c8\" data-id=\"577b3c8\" data-element_type=\"column\" data-e-type=\"column\">\n\t\t\t<div class=\"elementor-widget-wrap elementor-element-populated\">\n\t\t\t\t\t\t<div class=\"elementor-element elementor-element-f614bc9 elementor-widget elementor-widget-text-editor\" data-id=\"f614bc9\" data-element_type=\"widget\" data-e-type=\"widget\" data-widget_type=\"text-editor.default\">\n\t\t\t\t<div class=\"elementor-widget-container\">\n\t\t\t\t\t\t\t\t\t<h1><strong>Flyer<\/strong><\/h1><p><strong>Ob f\u00fcr eine Veranstaltung, eine Neuer\u00f6ffnung oder eine \u00dcberarbeitung veralteter Flyer \u2013 wir entwerfen und drucken Ihnen Ihre Werbemedien.<\/strong><\/p><p><strong>Sie k\u00f6nnen zwischen verschiedenen Formen, Materialen oder Besonderheiten wie der Struktur w\u00e4hlen, so dass Ihr Wunschflyer Gestalt annimmt.<\/strong><\/p>\t\t\t\t\t\t\t\t<\/div>\n\t\t\t\t<\/div>\n\t\t\t\t<div class=\"elementor-element elementor-element-c90a0e4 elementor-widget elementor-widget-text-editor\" data-id=\"c90a0e4\" data-element_type=\"widget\" data-e-type=\"widget\" data-widget_type=\"text-editor.default\">\n\t\t\t\t<div class=\"elementor-widget-container\">\n\t\t\t\t\t\t\t\t\t<h1><strong>Logoerstellung<\/strong><\/h1><p><strong>Suchen Sie f\u00fcr Ihre Firma, ihr Team oder Ihren Verein noch ein einschl\u00e4giges Logo?<\/strong><br \/><strong>Bei uns k\u00f6nnen Sie ein bereits bestehendes Logo aufarbeiten lassen oder wir erstellen nach Ihren Vorstellungen ein v\u00f6llig neues. <\/strong><br \/><strong>Gerne stehen wir Ihnen auch mit Erfahrung und kreativen Ideen bei der Erstellung Ihrer Firmenidentit\u00e4t zur Seite.<\/strong><\/p>\t\t\t\t\t\t\t\t<\/div>\n\t\t\t\t<\/div>\n\t\t\t\t<div class=\"elementor-element elementor-element-bdc4bfe elementor-widget elementor-widget-text-editor\" data-id=\"bdc4bfe\" data-element_type=\"widget\" data-e-type=\"widget\" data-widget_type=\"text-editor.default\">\n\t\t\t\t<div class=\"elementor-widget-container\">\n\t\t\t\t\t\t\t\t\t<h1><strong>Speisekarten<\/strong><\/h1><p><strong>Sind Sie Gastronom und m\u00f6chten gerne eine Speisekarte erstellen oder aufwerten?<\/strong><br \/><strong>Wir verf\u00fcgen \u00fcber zahlreiche Erfahrungswerte in der Erstellung und dem Design von Speisekarten aller Art.<\/strong><br \/><strong>Gerne beraten wir Sie, welche M\u00f6glichkeiten wir anbieten k\u00f6nnen und bereichern ihr Unternehmen mit ausdrucksstarker Grafik, klarer Linie und Struktur.<\/strong><\/p><p><strong>\u00a0<\/strong><\/p>\t\t\t\t\t\t\t\t<\/div>\n\t\t\t\t<\/div>\n\t\t\t\t\t<\/div>\n\t\t<\/div>\n\t\t\t\t<div class=\"elementor-column elementor-col-33 elementor-top-column elementor-element elementor-element-2d67694\" data-id=\"2d67694\" data-element_type=\"column\" data-e-type=\"column\">\n\t\t\t<div class=\"elementor-widget-wrap elementor-element-populated\">\n\t\t\t\t\t\t<div class=\"elementor-element elementor-element-09e573a elementor-widget elementor-widget-text-editor\" data-id=\"09e573a\" data-element_type=\"widget\" data-e-type=\"widget\" data-widget_type=\"text-editor.default\">\n\t\t\t\t<div class=\"elementor-widget-container\">\n\t\t\t\t\t\t\t\t\t<h1><strong>Visitenkarten<\/strong><\/h1><p><strong>Seit vielen Jahren ist die Visitenkarte Standard, um Kontaktdaten schnell, effizient und mit pers\u00f6nlicher Note weiterzugeben.<\/strong><\/p><p><strong>In der Computer Station k\u00f6nnen Sie Ihren pers\u00f6nlichen Visitenkartenwunsch individuell realisieren lassen. Bei der Gestaltung, der Pr\u00e4gung und der Papierauswahl sind die M\u00f6glichkeiten \u00fcberaus vielf\u00e4ltig.<\/strong><\/p><p><strong>\u00a0<\/strong><\/p>\t\t\t\t\t\t\t\t<\/div>\n\t\t\t\t<\/div>\n\t\t\t\t<div class=\"elementor-element elementor-element-c236653 elementor-widget elementor-widget-image\" data-id=\"c236653\" data-element_type=\"widget\" data-e-type=\"widget\" data-widget_type=\"image.default\">\n\t\t\t\t<div class=\"elementor-widget-container\">\n\t\t\t\t\t\t\t\t\t\t\t\t\t\t\t<img fetchpriority=\"high\" decoding=\"async\" width=\"724\" height=\"1024\" src=\"https:\/\/www.cs-stadthagen.de\/wp-content\/uploads\/2020\/03\/grafikbearbeitung-724x1024.jpg\" class=\"attachment-large size-large wp-image-741\" alt=\"\" srcset=\"https:\/\/www.cs-stadthagen.de\/wp-content\/uploads\/2020\/03\/grafikbearbeitung-724x1024.jpg 724w, https:\/\/www.cs-stadthagen.de\/wp-content\/uploads\/2020\/03\/grafikbearbeitung-212x300.jpg 212w, https:\/\/www.cs-stadthagen.de\/wp-content\/uploads\/2020\/03\/grafikbearbeitung-768x1086.jpg 768w, https:\/\/www.cs-stadthagen.de\/wp-content\/uploads\/2020\/03\/grafikbearbeitung-1086x1536.jpg 1086w, https:\/\/www.cs-stadthagen.de\/wp-content\/uploads\/2020\/03\/grafikbearbeitung-1448x2048.jpg 1448w, https:\/\/www.cs-stadthagen.de\/wp-content\/uploads\/2020\/03\/grafikbearbeitung-520x736.jpg 520w, https:\/\/www.cs-stadthagen.de\/wp-content\/uploads\/2020\/03\/grafikbearbeitung-740x1047.jpg 740w, https:\/\/www.cs-stadthagen.de\/wp-content\/uploads\/2020\/03\/grafikbearbeitung-scaled.jpg 1810w\" sizes=\"(max-width: 724px) 100vw, 724px\" \/>\t\t\t\t\t\t\t\t\t\t\t\t\t\t\t<\/div>\n\t\t\t\t<\/div>\n\t\t\t\t\t<\/div>\n\t\t<\/div>\n\t\t\t\t<div class=\"elementor-column elementor-col-33 elementor-top-column elementor-element elementor-element-98416d8\" data-id=\"98416d8\" data-element_type=\"column\" data-e-type=\"column\">\n\t\t\t<div class=\"elementor-widget-wrap elementor-element-populated\">\n\t\t\t\t\t\t<div class=\"elementor-element elementor-element-9150071 elementor-widget elementor-widget-text-editor\" data-id=\"9150071\" data-element_type=\"widget\" data-e-type=\"widget\" data-widget_type=\"text-editor.default\">\n\t\t\t\t<div class=\"elementor-widget-container\">\n\t\t\t\t\t\t\t\t\t<h1><strong>Werbetechnik<\/strong><\/h1><p><strong>Neben den g\u00e4ngigsten Werbetechniken wie Logos, Flyer, Visitenkarten und Internetpr\u00e4senzen bieten wir Ihnen auch ein weites Portfolio an spezifischen Darstellungen ihrer Werbung.<\/strong><br \/><strong>Hierunter fallen zum Beispiel Aufsteller und gr\u00f6\u00dfere Werbebanner f\u00fcr Veranstaltungen.<\/strong><\/p><p><strong>Oder ben\u00f6tigen Sie eine Folierung Ihrer Schaufenster? Eine Beklebung Ihres Firmenwagens? Bekleidung mit Ihrem Firmenlogo?<\/strong><\/p><p><strong>Diese Angebote listen wir unter der Rubrik Printmedien separat auf.<\/strong><\/p>\t\t\t\t\t\t\t\t<\/div>\n\t\t\t\t<\/div>\n\t\t\t\t<div class=\"elementor-element elementor-element-495dcc9 elementor-widget elementor-widget-image\" data-id=\"495dcc9\" data-element_type=\"widget\" data-e-type=\"widget\" data-widget_type=\"image.default\">\n\t\t\t\t<div class=\"elementor-widget-container\">\n\t\t\t\t\t\t\t\t\t\t\t\t\t\t\t<img decoding=\"async\" width=\"819\" height=\"1024\" src=\"https:\/\/www.cs-stadthagen.de\/wp-content\/uploads\/2020\/04\/Grafikstation-819x1024.jpg\" class=\"attachment-large size-large wp-image-891\" alt=\"\" srcset=\"https:\/\/www.cs-stadthagen.de\/wp-content\/uploads\/2020\/04\/Grafikstation-819x1024.jpg 819w, https:\/\/www.cs-stadthagen.de\/wp-content\/uploads\/2020\/04\/Grafikstation-240x300.jpg 240w, https:\/\/www.cs-stadthagen.de\/wp-content\/uploads\/2020\/04\/Grafikstation-768x960.jpg 768w, https:\/\/www.cs-stadthagen.de\/wp-content\/uploads\/2020\/04\/Grafikstation-1229x1536.jpg 1229w, https:\/\/www.cs-stadthagen.de\/wp-content\/uploads\/2020\/04\/Grafikstation-520x650.jpg 520w, https:\/\/www.cs-stadthagen.de\/wp-content\/uploads\/2020\/04\/Grafikstation-740x925.jpg 740w, https:\/\/www.cs-stadthagen.de\/wp-content\/uploads\/2020\/04\/Grafikstation.jpg 1280w\" sizes=\"(max-width: 819px) 100vw, 819px\" \/>\t\t\t\t\t\t\t\t\t\t\t\t\t\t\t<\/div>\n\t\t\t\t<\/div>\n\t\t\t\t\t<\/div>\n\t\t<\/div>\n\t\t\t\t\t<\/div>\n\t\t<\/section>\n\t\t\t\t<section class=\"elementor-section elementor-top-section elementor-element elementor-element-6f38117 elementor-section-boxed elementor-section-height-default elementor-section-height-default\" data-id=\"6f38117\" data-element_type=\"section\" data-e-type=\"section\">\n\t\t\t\t\t\t<div class=\"elementor-container elementor-column-gap-default\">\n\t\t\t\t\t<div class=\"elementor-column elementor-col-33 elementor-top-column elementor-element elementor-element-714b52f\" data-id=\"714b52f\" data-element_type=\"column\" data-e-type=\"column\">\n\t\t\t<div class=\"elementor-widget-wrap\">\n\t\t\t\t\t\t\t<\/div>\n\t\t<\/div>\n\t\t\t\t<div class=\"elementor-column elementor-col-33 elementor-top-column elementor-element elementor-element-42c5936\" data-id=\"42c5936\" data-element_type=\"column\" data-e-type=\"column\">\n\t\t\t<div class=\"elementor-widget-wrap\">\n\t\t\t\t\t\t\t<\/div>\n\t\t<\/div>\n\t\t\t\t<div class=\"elementor-column elementor-col-33 elementor-top-column elementor-element elementor-element-52d7d5c\" data-id=\"52d7d5c\" data-element_type=\"column\" data-e-type=\"column\">\n\t\t\t<div class=\"elementor-widget-wrap\">\n\t\t\t\t\t\t\t<\/div>\n\t\t<\/div>\n\t\t\t\t\t<\/div>\n\t\t<\/section>\n\t\t\t\t<\/div>\n\t\t","protected":false},"excerpt":{"rendered":"<p>Wir bieten ihnen eine vielfalt an Grafikleistungen an z.B. Flyer, Visitenkarten, Werbetechnick u.v.m. Gerne setzen wir uns mit ihnen zusammen sodass sie ihre Grafik nach ihren Vorstellungen und Vorlieben bekommen! Flyer Ob f\u00fcr eine Veranstaltung,<a class=\"read-more\" href=\"https:\/\/www.cs-stadthagen.de\/?page_id=113\">Continue reading<\/a><\/p>\n","protected":false},"author":1,"featured_media":0,"parent":0,"menu_order":0,"comment_status":"closed","ping_status":"closed","template":"page-templates\/page_fullwidth.php","meta":{"footnotes":""},"class_list":["post-113","page","type-page","status-publish","hentry"],"_links":{"self":[{"href":"https:\/\/www.cs-stadthagen.de\/index.php?rest_route=\/wp\/v2\/pages\/113"}],"collection":[{"href":"https:\/\/www.cs-stadthagen.de\/index.php?rest_route=\/wp\/v2\/pages"}],"about":[{"href":"https:\/\/www.cs-stadthagen.de\/index.php?rest_route=\/wp\/v2\/types\/page"}],"author":[{"embeddable":true,"href":"https:\/\/www.cs-stadthagen.de\/index.php?rest_route=\/wp\/v2\/users\/1"}],"replies":[{"embeddable":true,"href":"https:\/\/www.cs-stadthagen.de\/index.php?rest_route=%2Fwp%2Fv2%2Fcomments&post=113"}],"version-history":[{"count":13,"href":"https:\/\/www.cs-stadthagen.de\/index.php?rest_route=\/wp\/v2\/pages\/113\/revisions"}],"predecessor-version":[{"id":1641,"href":"https:\/\/www.cs-stadthagen.de\/index.php?rest_route=\/wp\/v2\/pages\/113\/revisions\/1641"}],"wp:attachment":[{"href":"https:\/\/www.cs-stadthagen.de\/index.php?rest_route=%2Fwp%2Fv2%2Fmedia&parent=113"}],"curies":[{"name":"wp","href":"https:\/\/api.w.org\/{rel}","templated":true}]}}