{"id":129,"date":"2018-08-08T11:39:07","date_gmt":"2018-08-08T11:39:07","guid":{"rendered":"http:\/\/cs-stadthagen.de\/?page_id=129"},"modified":"2020-04-27T10:41:32","modified_gmt":"2020-04-27T10:41:32","slug":"impressum","status":"publish","type":"page","link":"https:\/\/www.cs-stadthagen.de\/?page_id=129","title":{"rendered":"Impressum"},"content":{"rendered":"\t\t<div data-elementor-type=\"wp-post\" data-elementor-id=\"129\" class=\"elementor elementor-129\">\n\t\t\t\t\t\t<section class=\"elementor-section elementor-top-section elementor-element elementor-element-52b53792 elementor-section-boxed elementor-section-height-default elementor-section-height-default\" data-id=\"52b53792\" data-element_type=\"section\" data-e-type=\"section\">\n\t\t\t\t\t\t<div class=\"elementor-container elementor-column-gap-default\">\n\t\t\t\t\t<div class=\"elementor-column elementor-col-100 elementor-top-column elementor-element elementor-element-7a3d8027\" data-id=\"7a3d8027\" data-element_type=\"column\" data-e-type=\"column\">\n\t\t\t<div class=\"elementor-widget-wrap elementor-element-populated\">\n\t\t\t\t\t\t\t<\/div>\n\t\t<\/div>\n\t\t\t\t\t<\/div>\n\t\t<\/section>\n\t\t\t\t<section class=\"elementor-section elementor-top-section elementor-element elementor-element-730590e elementor-section-boxed elementor-section-height-default elementor-section-height-default\" data-id=\"730590e\" data-element_type=\"section\" data-e-type=\"section\">\n\t\t\t\t\t\t<div class=\"elementor-container elementor-column-gap-default\">\n\t\t\t\t\t<div class=\"elementor-column elementor-col-33 elementor-top-column elementor-element elementor-element-f9aac44\" data-id=\"f9aac44\" data-element_type=\"column\" data-e-type=\"column\">\n\t\t\t<div class=\"elementor-widget-wrap elementor-element-populated\">\n\t\t\t\t\t\t<div class=\"elementor-element elementor-element-8eec3a8 elementor-widget elementor-widget-text-editor\" data-id=\"8eec3a8\" data-element_type=\"widget\" data-e-type=\"widget\" data-widget_type=\"text-editor.default\">\n\t\t\t\t<div class=\"elementor-widget-container\">\n\t\t\t\t\t\t\t\t\t<h3><strong>Computer Station<\/strong><br \/>Echternstra\u00dfe 7<br \/>31655 Stadthagen<\/h3><p><b>Telefon:\u00a0\u00a005721 \/ 980 079 0<\/b><\/p><p><b>Telefax:\u00a0\u00a005721 \/ 980 075 2<\/b><\/p><p><strong>E-Mail:\u00a0\u00a0\u00a0<\/strong><a href=\"mailto:m.oezata@ce-stadthagen.de\"><strong>m.oezata@cs-stadthagen.de<\/strong><\/a><\/p><p><strong>Internet:\u00a0\u00a0<\/strong><a href=\"http:\/\/www.cs-stadthagen.de\/impressum.php\"><strong>www.cs-stadthagen.de<\/strong><\/a><\/p><p><strong>Schlichtungsvermerk<\/strong><\/p><p><strong>Bereitschaft zur Teilnahme am Streitbeilegungsverfahren<\/strong><br \/><strong>Hinweis nach \u00a7 36 Verbraucherstreitbeilegungsgesetz (VS BG)<\/strong><\/p><p><strong>Rechtliche Informationen:<\/strong><\/p><p><strong>Gesch\u00e4ftsf\u00fchrer:\u00a0Mustafa \u00d6zata e. Kfm.<\/strong><\/p><p><strong>Rechtsform:\u00a0Einzelunternehmen<\/strong><\/p><p><strong>Kammer:\u00a0IHK Hannover<\/strong><\/p><p><strong>Registerort:\u00a0Amtsgericht Stadthagen<\/strong><\/p><p><strong>Registernummer:\u00a0200110<\/strong><\/p><p><strong>Umsatzsteuer-ID:\u00a0DE-254654033<\/strong><\/p>\t\t\t\t\t\t\t\t<\/div>\n\t\t\t\t<\/div>\n\t\t\t\t\t<\/div>\n\t\t<\/div>\n\t\t\t\t<div class=\"elementor-column elementor-col-66 elementor-top-column elementor-element elementor-element-8a6968c\" data-id=\"8a6968c\" data-element_type=\"column\" data-e-type=\"column\">\n\t\t\t<div class=\"elementor-widget-wrap elementor-element-populated\">\n\t\t\t\t\t\t<div class=\"elementor-element elementor-element-fccced4 elementor-widget elementor-widget-image\" data-id=\"fccced4\" data-element_type=\"widget\" data-e-type=\"widget\" data-widget_type=\"image.default\">\n\t\t\t\t<div class=\"elementor-widget-container\">\n\t\t\t\t\t\t\t\t\t\t\t\t\t\t\t<img fetchpriority=\"high\" decoding=\"async\" width=\"620\" height=\"232\" src=\"https:\/\/www.cs-stadthagen.de\/wp-content\/uploads\/2018\/10\/LOGO_Computer-Station_small.png\" class=\"attachment-large size-large wp-image-251\" alt=\"\" srcset=\"https:\/\/www.cs-stadthagen.de\/wp-content\/uploads\/2018\/10\/LOGO_Computer-Station_small.png 620w, https:\/\/www.cs-stadthagen.de\/wp-content\/uploads\/2018\/10\/LOGO_Computer-Station_small-300x112.png 300w, https:\/\/www.cs-stadthagen.de\/wp-content\/uploads\/2018\/10\/LOGO_Computer-Station_small-520x195.png 520w\" sizes=\"(max-width: 620px) 100vw, 620px\" \/>\t\t\t\t\t\t\t\t\t\t\t\t\t\t\t<\/div>\n\t\t\t\t<\/div>\n\t\t\t\t\t<\/div>\n\t\t<\/div>\n\t\t\t\t\t<\/div>\n\t\t<\/section>\n\t\t\t\t<\/div>\n\t\t","protected":false},"excerpt":{"rendered":"<p>Computer Station Echternstra\u00dfe 7 31655 Stadthagen Telefon:&nbsp;&nbsp;05721 \/ 980 079 0 Telefax:&nbsp;&nbsp;05721 \/ 980 075 2 E-Mail:&nbsp;&nbsp;&nbsp;m.oezata@cs-stadthagen.de Internet:&nbsp;&nbsp;www.cs-stadthagen.de Schlichtungsvermerk Bereitschaft zur Teilnahme am Streitbeilegungsverfahren Hinweis nach \u00a7 36 Verbraucherstreitbeilegungsgesetz (VS BG) Rechtliche Informationen: Gesch\u00e4ftsf\u00fchrer:&nbsp;Mustafa \u00d6zata<a class=\"read-more\" href=\"https:\/\/www.cs-stadthagen.de\/?page_id=129\">Continue reading<\/a><\/p>\n","protected":false},"author":1,"featured_media":0,"parent":0,"menu_order":0,"comment_status":"closed","ping_status":"closed","template":"page-templates\/page_fullwidth.php","meta":{"footnotes":""},"class_list":["post-129","page","type-page","status-publish","hentry"],"_links":{"self":[{"href":"https:\/\/www.cs-stadthagen.de\/index.php?rest_route=\/wp\/v2\/pages\/129"}],"collection":[{"href":"https:\/\/www.cs-stadthagen.de\/index.php?rest_route=\/wp\/v2\/pages"}],"about":[{"href":"https:\/\/www.cs-stadthagen.de\/index.php?rest_route=\/wp\/v2\/types\/page"}],"author":[{"embeddable":true,"href":"https:\/\/www.cs-stadthagen.de\/index.php?rest_route=\/wp\/v2\/users\/1"}],"replies":[{"embeddable":true,"href":"https:\/\/www.cs-stadthagen.de\/index.php?rest_route=%2Fwp%2Fv2%2Fcomments&post=129"}],"version-history":[{"count":8,"href":"https:\/\/www.cs-stadthagen.de\/index.php?rest_route=\/wp\/v2\/pages\/129\/revisions"}],"predecessor-version":[{"id":888,"href":"https:\/\/www.cs-stadthagen.de\/index.php?rest_route=\/wp\/v2\/pages\/129\/revisions\/888"}],"wp:attachment":[{"href":"https:\/\/www.cs-stadthagen.de\/index.php?rest_route=%2Fwp%2Fv2%2Fmedia&parent=129"}],"curies":[{"name":"wp","href":"https:\/\/api.w.org\/{rel}","templated":true}]}}