{"id":132,"date":"2018-08-08T11:40:44","date_gmt":"2018-08-08T11:40:44","guid":{"rendered":"http:\/\/cs-stadthagen.de\/?page_id=132"},"modified":"2022-06-28T08:34:47","modified_gmt":"2022-06-28T08:34:47","slug":"anfahrt","status":"publish","type":"page","link":"https:\/\/www.cs-stadthagen.de\/?page_id=132","title":{"rendered":"Anfahrt"},"content":{"rendered":"\t\t<div data-elementor-type=\"wp-post\" data-elementor-id=\"132\" class=\"elementor elementor-132\">\n\t\t\t\t\t\t<section class=\"elementor-section elementor-top-section elementor-element elementor-element-ac606c0 elementor-section-boxed elementor-section-height-default elementor-section-height-default\" data-id=\"ac606c0\" data-element_type=\"section\" data-e-type=\"section\">\n\t\t\t\t\t\t<div class=\"elementor-container elementor-column-gap-default\">\n\t\t\t\t\t<div class=\"elementor-column elementor-col-50 elementor-top-column elementor-element elementor-element-4c67f51\" data-id=\"4c67f51\" data-element_type=\"column\" data-e-type=\"column\">\n\t\t\t<div class=\"elementor-widget-wrap elementor-element-populated\">\n\t\t\t\t\t\t<div class=\"elementor-element elementor-element-7a497fe elementor-widget elementor-widget-text-editor\" data-id=\"7a497fe\" data-element_type=\"widget\" data-e-type=\"widget\" data-widget_type=\"text-editor.default\">\n\t\t\t\t<div class=\"elementor-widget-container\">\n\t\t\t\t\t\t\t\t\t<h1><strong>Liefer-M\u00f6glichkeiten:<\/strong><\/h1><h4><strong>VOR unserem Ladenlokal um<br \/>Ihre Ger\u00e4te abzugeben oder abzuholen.<\/strong><\/h4><h3><strong>Montags bis Samstags:<\/strong><\/h3><p>06 Uhr bis 11 Uhr<br \/>14 Uhr bis 15 Uhr<br \/>18 Uhr bis 19 Uhr<\/p><p><strong>Au\u00dferhalb dieser Zeiten parken <br \/>Sie bitte auf dem Parkplatz hinter <br \/>unserem Ladenlokal.<\/strong><\/p>\t\t\t\t\t\t\t\t<\/div>\n\t\t\t\t<\/div>\n\t\t\t\t\t<\/div>\n\t\t<\/div>\n\t\t\t\t<div class=\"elementor-column elementor-col-50 elementor-top-column elementor-element elementor-element-9f1620a\" data-id=\"9f1620a\" data-element_type=\"column\" data-e-type=\"column\">\n\t\t\t<div class=\"elementor-widget-wrap elementor-element-populated\">\n\t\t\t\t\t\t<div class=\"elementor-element elementor-element-fc5253d elementor-widget elementor-widget-text-editor\" data-id=\"fc5253d\" data-element_type=\"widget\" data-e-type=\"widget\" data-widget_type=\"text-editor.default\">\n\t\t\t\t<div class=\"elementor-widget-container\">\n\t\t\t\t\t\t\t\t\t<h1><strong>Park-M\u00f6glichkeiten:<\/strong><\/h1><h4><strong>HINTER unserem Ladenlokal um<br \/>Ihre Ger\u00e4te abzugeben oder abzuholen.<\/strong><\/h4><h3><strong>Montags bis Samstags:<\/strong><\/h3><p><strong>Bitte versuchen Sie m\u00f6glichst nicht auf unserem Hinterhof zu Parken, es sei denn wir fordern Sie dazu auf.<\/strong><\/p><p><strong>Bitte Parken Sie auf den Parkpl\u00e4tzen hinter unserem Ladenlokal. (siehe Skizze)<\/strong><\/p><h2>\u00a0<\/h2>\t\t\t\t\t\t\t\t<\/div>\n\t\t\t\t<\/div>\n\t\t\t\t\t<\/div>\n\t\t<\/div>\n\t\t\t\t\t<\/div>\n\t\t<\/section>\n\t\t\t\t<section class=\"elementor-section elementor-top-section elementor-element elementor-element-ce86cfa elementor-section-boxed elementor-section-height-default elementor-section-height-default\" data-id=\"ce86cfa\" data-element_type=\"section\" data-e-type=\"section\">\n\t\t\t\t\t\t<div class=\"elementor-container elementor-column-gap-default\">\n\t\t\t\t\t<div class=\"elementor-column elementor-col-100 elementor-top-column elementor-element elementor-element-c230127\" data-id=\"c230127\" data-element_type=\"column\" data-e-type=\"column\">\n\t\t\t<div class=\"elementor-widget-wrap\">\n\t\t\t\t\t\t\t<\/div>\n\t\t<\/div>\n\t\t\t\t\t<\/div>\n\t\t<\/section>\n\t\t\t\t<section class=\"elementor-section elementor-top-section elementor-element elementor-element-b083450 elementor-section-boxed elementor-section-height-default elementor-section-height-default\" data-id=\"b083450\" data-element_type=\"section\" data-e-type=\"section\">\n\t\t\t\t\t\t<div class=\"elementor-container elementor-column-gap-default\">\n\t\t\t\t\t<div class=\"elementor-column elementor-col-100 elementor-top-column elementor-element elementor-element-0df2726\" data-id=\"0df2726\" data-element_type=\"column\" data-e-type=\"column\">\n\t\t\t<div class=\"elementor-widget-wrap elementor-element-populated\">\n\t\t\t\t\t\t<div class=\"elementor-element elementor-element-dd2cdbc elementor-widget elementor-widget-image\" data-id=\"dd2cdbc\" data-element_type=\"widget\" data-e-type=\"widget\" data-widget_type=\"image.default\">\n\t\t\t\t<div class=\"elementor-widget-container\">\n\t\t\t\t\t\t\t\t\t\t\t\t\t\t\t<img fetchpriority=\"high\" decoding=\"async\" width=\"1024\" height=\"733\" src=\"https:\/\/www.cs-stadthagen.de\/wp-content\/uploads\/2021\/02\/Anfahrt-1024x733.jpg\" class=\"attachment-large size-large wp-image-1116\" alt=\"\" srcset=\"https:\/\/www.cs-stadthagen.de\/wp-content\/uploads\/2021\/02\/Anfahrt-1024x733.jpg 1024w, https:\/\/www.cs-stadthagen.de\/wp-content\/uploads\/2021\/02\/Anfahrt-300x215.jpg 300w, https:\/\/www.cs-stadthagen.de\/wp-content\/uploads\/2021\/02\/Anfahrt-768x550.jpg 768w, https:\/\/www.cs-stadthagen.de\/wp-content\/uploads\/2021\/02\/Anfahrt-520x372.jpg 520w, https:\/\/www.cs-stadthagen.de\/wp-content\/uploads\/2021\/02\/Anfahrt-740x530.jpg 740w, https:\/\/www.cs-stadthagen.de\/wp-content\/uploads\/2021\/02\/Anfahrt.jpg 1105w\" sizes=\"(max-width: 1024px) 100vw, 1024px\" \/>\t\t\t\t\t\t\t\t\t\t\t\t\t\t\t<\/div>\n\t\t\t\t<\/div>\n\t\t\t\t\t<\/div>\n\t\t<\/div>\n\t\t\t\t\t<\/div>\n\t\t<\/section>\n\t\t\t\t<section class=\"elementor-section elementor-top-section elementor-element elementor-element-561f812 elementor-section-boxed elementor-section-height-default elementor-section-height-default\" data-id=\"561f812\" data-element_type=\"section\" data-e-type=\"section\">\n\t\t\t\t\t\t<div class=\"elementor-container elementor-column-gap-default\">\n\t\t\t\t\t<div class=\"elementor-column elementor-col-50 elementor-top-column elementor-element elementor-element-15676f1\" data-id=\"15676f1\" data-element_type=\"column\" data-e-type=\"column\">\n\t\t\t<div class=\"elementor-widget-wrap\">\n\t\t\t\t\t\t\t<\/div>\n\t\t<\/div>\n\t\t\t\t<div class=\"elementor-column elementor-col-50 elementor-top-column elementor-element elementor-element-6157ed8\" data-id=\"6157ed8\" data-element_type=\"column\" data-e-type=\"column\">\n\t\t\t<div class=\"elementor-widget-wrap elementor-element-populated\">\n\t\t\t\t\t\t\t<\/div>\n\t\t<\/div>\n\t\t\t\t\t<\/div>\n\t\t<\/section>\n\t\t\t\t<section class=\"elementor-section elementor-top-section elementor-element elementor-element-e109a5e elementor-section-boxed elementor-section-height-default elementor-section-height-default\" data-id=\"e109a5e\" data-element_type=\"section\" data-e-type=\"section\">\n\t\t\t\t\t\t<div class=\"elementor-container elementor-column-gap-default\">\n\t\t\t\t\t<div class=\"elementor-column elementor-col-100 elementor-top-column elementor-element elementor-element-733fbd6\" data-id=\"733fbd6\" data-element_type=\"column\" data-e-type=\"column\">\n\t\t\t<div class=\"elementor-widget-wrap elementor-element-populated\">\n\t\t\t\t\t\t<div class=\"elementor-element elementor-element-beb3d25 elementor-widget elementor-widget-google_maps\" data-id=\"beb3d25\" data-element_type=\"widget\" data-e-type=\"widget\" data-widget_type=\"google_maps.default\">\n\t\t\t\t<div class=\"elementor-widget-container\">\n\t\t\t\t\t\t\t<div class=\"elementor-custom-embed\">\n\t\t\t<iframe loading=\"lazy\"\n\t\t\t\t\tsrc=\"https:\/\/maps.google.com\/maps?q=Echternstra%C3%9Fe%207%2C%2031655%20Stadthagen&#038;t=m&#038;z=16&#038;output=embed&#038;iwloc=near\"\n\t\t\t\t\ttitle=\"Echternstra\u00dfe 7, 31655 Stadthagen\"\n\t\t\t\t\taria-label=\"Echternstra\u00dfe 7, 31655 Stadthagen\"\n\t\t\t><\/iframe>\n\t\t<\/div>\n\t\t\t\t\t\t<\/div>\n\t\t\t\t<\/div>\n\t\t\t\t\t<\/div>\n\t\t<\/div>\n\t\t\t\t\t<\/div>\n\t\t<\/section>\n\t\t\t\t<\/div>\n\t\t","protected":false},"excerpt":{"rendered":"<p>Liefer-M\u00f6glichkeiten: VOR unserem Ladenlokal umIhre Ger\u00e4te abzugeben oder abzuholen. Montags bis Samstags: 06 Uhr bis 11 Uhr14 Uhr bis 15 Uhr18 Uhr bis 19 Uhr Au\u00dferhalb dieser Zeiten parken Sie bitte auf dem Parkplatz hinter<a class=\"read-more\" href=\"https:\/\/www.cs-stadthagen.de\/?page_id=132\">Continue reading<\/a><\/p>\n","protected":false},"author":1,"featured_media":0,"parent":0,"menu_order":0,"comment_status":"closed","ping_status":"closed","template":"page-templates\/page_fullwidth.php","meta":{"footnotes":""},"class_list":["post-132","page","type-page","status-publish","hentry"],"_links":{"self":[{"href":"https:\/\/www.cs-stadthagen.de\/index.php?rest_route=\/wp\/v2\/pages\/132"}],"collection":[{"href":"https:\/\/www.cs-stadthagen.de\/index.php?rest_route=\/wp\/v2\/pages"}],"about":[{"href":"https:\/\/www.cs-stadthagen.de\/index.php?rest_route=\/wp\/v2\/types\/page"}],"author":[{"embeddable":true,"href":"https:\/\/www.cs-stadthagen.de\/index.php?rest_route=\/wp\/v2\/users\/1"}],"replies":[{"embeddable":true,"href":"https:\/\/www.cs-stadthagen.de\/index.php?rest_route=%2Fwp%2Fv2%2Fcomments&post=132"}],"version-history":[{"count":45,"href":"https:\/\/www.cs-stadthagen.de\/index.php?rest_route=\/wp\/v2\/pages\/132\/revisions"}],"predecessor-version":[{"id":1988,"href":"https:\/\/www.cs-stadthagen.de\/index.php?rest_route=\/wp\/v2\/pages\/132\/revisions\/1988"}],"wp:attachment":[{"href":"https:\/\/www.cs-stadthagen.de\/index.php?rest_route=%2Fwp%2Fv2%2Fmedia&parent=132"}],"curies":[{"name":"wp","href":"https:\/\/api.w.org\/{rel}","templated":true}]}}