{"id":135,"date":"2018-08-08T11:41:46","date_gmt":"2018-08-08T11:41:46","guid":{"rendered":"http:\/\/cs-stadthagen.de\/?page_id=135"},"modified":"2020-12-03T11:38:28","modified_gmt":"2020-12-03T11:38:28","slug":"vip-kunden","status":"publish","type":"page","link":"https:\/\/www.cs-stadthagen.de\/?page_id=135","title":{"rendered":"VIP Kunden"},"content":{"rendered":"\t\t<div data-elementor-type=\"wp-post\" data-elementor-id=\"135\" class=\"elementor elementor-135\">\n\t\t\t\t\t\t<section class=\"elementor-section elementor-top-section elementor-element elementor-element-eca508c elementor-section-boxed elementor-section-height-default elementor-section-height-default\" data-id=\"eca508c\" data-element_type=\"section\" data-e-type=\"section\">\n\t\t\t\t\t\t<div class=\"elementor-container elementor-column-gap-default\">\n\t\t\t\t\t<div class=\"elementor-column elementor-col-66 elementor-top-column elementor-element elementor-element-d28b68f\" data-id=\"d28b68f\" data-element_type=\"column\" data-e-type=\"column\">\n\t\t\t<div class=\"elementor-widget-wrap elementor-element-populated\">\n\t\t\t\t\t\t<div class=\"elementor-element elementor-element-41efed7 elementor-widget elementor-widget-text-editor\" data-id=\"41efed7\" data-element_type=\"widget\" data-e-type=\"widget\" data-widget_type=\"text-editor.default\">\n\t\t\t\t<div class=\"elementor-widget-container\">\n\t\t\t\t\t\t\t\t\t<p><strong>In der Computer Station Stadthagen haben Sie die M\u00f6glichkeit einen VIP-Kundenstatus zu erhalten.\u00a0Wir arbeiten hier als erste Firma Stadthagens mit einem Cashback-System, an dem viele Unternehmen angeschlossen sind.<\/strong><\/p><p><strong>Dieses erm\u00f6glicht Ihnen bei jedem Einkauf, den Sie bei uns oder bei unseren Partnern t\u00e4tigen, einen prozentualen Betrag in Form eines Guthabens zur\u00fcckzuerhalten, welches Sie sich bar auszahlen lassen k\u00f6nnen. Bei uns erhalten Sie 2% des Geldes zur\u00fcck pro 100 Euro Einkauf.<\/strong><\/p><p><strong>Hierf\u00fcr ist es nur erforderlich, sich bei uns zu registrieren und eine Ihnen im Anschluss zugestellte Email zu best\u00e4tigen.<\/strong><\/p><p><strong>Nichts weiter ist erforderlich \u2013 jeder kann auf Anfrage zum VIP werden und Geld sparen.<\/strong><\/p><p><strong>Unser System hat viele tausend Partner \u2013 und bei jedem k\u00f6nnen Sie mit unserer Karte Geld zur\u00fcckbekommen. Hier seien beispielsweise aufgez\u00e4hlt: Microsoft, REWE, OBI, Lotto, Mc Donalds, Zalando, Galeria Kaufhof, Star-Tankstellen, ATU, Maxdome, Conrad und viele, viele mehr.<\/strong><\/p>\t\t\t\t\t\t\t\t<\/div>\n\t\t\t\t<\/div>\n\t\t\t\t\t<\/div>\n\t\t<\/div>\n\t\t\t\t<div class=\"elementor-column elementor-col-33 elementor-top-column elementor-element elementor-element-41035ea\" data-id=\"41035ea\" data-element_type=\"column\" data-e-type=\"column\">\n\t\t\t<div class=\"elementor-widget-wrap elementor-element-populated\">\n\t\t\t\t\t\t<div class=\"elementor-element elementor-element-cb7975f elementor-widget elementor-widget-image\" data-id=\"cb7975f\" data-element_type=\"widget\" data-e-type=\"widget\" data-widget_type=\"image.default\">\n\t\t\t\t<div class=\"elementor-widget-container\">\n\t\t\t\t\t\t\t\t\t\t\t\t\t\t\t<img fetchpriority=\"high\" decoding=\"async\" width=\"300\" height=\"192\" src=\"https:\/\/www.cs-stadthagen.de\/wp-content\/uploads\/2018\/08\/cashback_card_Layout_CS_finalone-300x192.jpg\" class=\"attachment-medium size-medium wp-image-27\" alt=\"\" srcset=\"https:\/\/www.cs-stadthagen.de\/wp-content\/uploads\/2018\/08\/cashback_card_Layout_CS_finalone-300x192.jpg 300w, https:\/\/www.cs-stadthagen.de\/wp-content\/uploads\/2018\/08\/cashback_card_Layout_CS_finalone-768x493.jpg 768w, https:\/\/www.cs-stadthagen.de\/wp-content\/uploads\/2018\/08\/cashback_card_Layout_CS_finalone-1024x657.jpg 1024w, https:\/\/www.cs-stadthagen.de\/wp-content\/uploads\/2018\/08\/cashback_card_Layout_CS_finalone.jpg 1068w\" sizes=\"(max-width: 300px) 100vw, 300px\" \/>\t\t\t\t\t\t\t\t\t\t\t\t\t\t\t<\/div>\n\t\t\t\t<\/div>\n\t\t\t\t\t<\/div>\n\t\t<\/div>\n\t\t\t\t\t<\/div>\n\t\t<\/section>\n\t\t\t\t<\/div>\n\t\t","protected":false},"excerpt":{"rendered":"<p>In der Computer Station Stadthagen haben Sie die M\u00f6glichkeit einen VIP-Kundenstatus zu erhalten.\u00a0Wir arbeiten hier als erste Firma Stadthagens mit einem Cashback-System, an dem viele Unternehmen angeschlossen sind. Dieses erm\u00f6glicht Ihnen bei jedem Einkauf, den<a class=\"read-more\" href=\"https:\/\/www.cs-stadthagen.de\/?page_id=135\">Continue reading<\/a><\/p>\n","protected":false},"author":1,"featured_media":0,"parent":0,"menu_order":0,"comment_status":"closed","ping_status":"closed","template":"page-templates\/page_fullwidth.php","meta":{"footnotes":""},"class_list":["post-135","page","type-page","status-publish","hentry"],"_links":{"self":[{"href":"https:\/\/www.cs-stadthagen.de\/index.php?rest_route=\/wp\/v2\/pages\/135"}],"collection":[{"href":"https:\/\/www.cs-stadthagen.de\/index.php?rest_route=\/wp\/v2\/pages"}],"about":[{"href":"https:\/\/www.cs-stadthagen.de\/index.php?rest_route=\/wp\/v2\/types\/page"}],"author":[{"embeddable":true,"href":"https:\/\/www.cs-stadthagen.de\/index.php?rest_route=\/wp\/v2\/users\/1"}],"replies":[{"embeddable":true,"href":"https:\/\/www.cs-stadthagen.de\/index.php?rest_route=%2Fwp%2Fv2%2Fcomments&post=135"}],"version-history":[{"count":7,"href":"https:\/\/www.cs-stadthagen.de\/index.php?rest_route=\/wp\/v2\/pages\/135\/revisions"}],"predecessor-version":[{"id":997,"href":"https:\/\/www.cs-stadthagen.de\/index.php?rest_route=\/wp\/v2\/pages\/135\/revisions\/997"}],"wp:attachment":[{"href":"https:\/\/www.cs-stadthagen.de\/index.php?rest_route=%2Fwp%2Fv2%2Fmedia&parent=135"}],"curies":[{"name":"wp","href":"https:\/\/api.w.org\/{rel}","templated":true}]}}