{"id":156,"date":"2018-08-08T11:47:13","date_gmt":"2018-08-08T11:47:13","guid":{"rendered":"http:\/\/cs-stadthagen.de\/?page_id=156"},"modified":"2020-10-24T09:12:20","modified_gmt":"2020-10-24T09:12:20","slug":"ausbildung","status":"publish","type":"page","link":"https:\/\/www.cs-stadthagen.de\/?page_id=156","title":{"rendered":"Ausbildung"},"content":{"rendered":"\t\t<div data-elementor-type=\"wp-page\" data-elementor-id=\"156\" class=\"elementor elementor-156\">\n\t\t\t\t\t\t<section class=\"elementor-section elementor-top-section elementor-element elementor-element-3d2f131 elementor-section-boxed elementor-section-height-default elementor-section-height-default\" data-id=\"3d2f131\" data-element_type=\"section\" data-e-type=\"section\">\n\t\t\t\t\t\t<div class=\"elementor-container elementor-column-gap-default\">\n\t\t\t\t\t<div class=\"elementor-column elementor-col-50 elementor-top-column elementor-element elementor-element-4de0490\" data-id=\"4de0490\" data-element_type=\"column\" data-e-type=\"column\">\n\t\t\t<div class=\"elementor-widget-wrap elementor-element-populated\">\n\t\t\t\t\t\t<div class=\"elementor-element elementor-element-17cbafb elementor-widget elementor-widget-text-editor\" data-id=\"17cbafb\" data-element_type=\"widget\" data-e-type=\"widget\" data-widget_type=\"text-editor.default\">\n\t\t\t\t<div class=\"elementor-widget-container\">\n\t\t\t\t\t\t\t\t\t<p>Seit der Unternehmensgr\u00fcndung sind wir ein anerkannter IHK-Betrieb und bilden in Bereichen der meisten<strong> IT-Berufe<\/strong> aus. <\/p><p>Ebenso ist bei uns eine Ausbildung als<strong> Mediengestalter im Bereich Digital &amp; Print<\/strong> m\u00f6glich.<\/p>\t\t\t\t\t\t\t\t<\/div>\n\t\t\t\t<\/div>\n\t\t\t\t\t<\/div>\n\t\t<\/div>\n\t\t\t\t<div class=\"elementor-column elementor-col-50 elementor-top-column elementor-element elementor-element-9e17521\" data-id=\"9e17521\" data-element_type=\"column\" data-e-type=\"column\">\n\t\t\t<div class=\"elementor-widget-wrap elementor-element-populated\">\n\t\t\t\t\t\t<div class=\"elementor-element elementor-element-aa7aed4 elementor-widget elementor-widget-text-editor\" data-id=\"aa7aed4\" data-element_type=\"widget\" data-e-type=\"widget\" data-widget_type=\"text-editor.default\">\n\t\t\t\t<div class=\"elementor-widget-container\">\n\t\t\t\t\t\t\t\t\t<h3>Aktuell k\u00f6nnen wir leider <strong>keine<\/strong> Ausbildungspl\u00e4tze anbieten.<\/h3>\t\t\t\t\t\t\t\t<\/div>\n\t\t\t\t<\/div>\n\t\t\t\t\t<\/div>\n\t\t<\/div>\n\t\t\t\t\t<\/div>\n\t\t<\/section>\n\t\t\t\t<section class=\"elementor-section elementor-top-section elementor-element elementor-element-20a37c1 elementor-section-boxed elementor-section-height-default elementor-section-height-default\" data-id=\"20a37c1\" data-element_type=\"section\" data-e-type=\"section\">\n\t\t\t\t\t\t<div class=\"elementor-container elementor-column-gap-default\">\n\t\t\t\t\t<div class=\"elementor-column elementor-col-100 elementor-top-column elementor-element elementor-element-e0847df\" data-id=\"e0847df\" data-element_type=\"column\" data-e-type=\"column\">\n\t\t\t<div class=\"elementor-widget-wrap elementor-element-populated\">\n\t\t\t\t\t\t<div class=\"elementor-element elementor-element-743e68f elementor-widget elementor-widget-image\" data-id=\"743e68f\" data-element_type=\"widget\" data-e-type=\"widget\" data-widget_type=\"image.default\">\n\t\t\t\t<div class=\"elementor-widget-container\">\n\t\t\t\t\t\t\t\t\t\t\t\t\t\t\t<img fetchpriority=\"high\" decoding=\"async\" width=\"765\" height=\"169\" src=\"https:\/\/www.cs-stadthagen.de\/wp-content\/uploads\/2020\/10\/Logo-IHK-Hannover_image_full.jpg\" class=\"attachment-large size-large wp-image-927\" alt=\"\" srcset=\"https:\/\/www.cs-stadthagen.de\/wp-content\/uploads\/2020\/10\/Logo-IHK-Hannover_image_full.jpg 765w, https:\/\/www.cs-stadthagen.de\/wp-content\/uploads\/2020\/10\/Logo-IHK-Hannover_image_full-300x66.jpg 300w, https:\/\/www.cs-stadthagen.de\/wp-content\/uploads\/2020\/10\/Logo-IHK-Hannover_image_full-520x115.jpg 520w, https:\/\/www.cs-stadthagen.de\/wp-content\/uploads\/2020\/10\/Logo-IHK-Hannover_image_full-740x163.jpg 740w\" sizes=\"(max-width: 765px) 100vw, 765px\" \/>\t\t\t\t\t\t\t\t\t\t\t\t\t\t\t<\/div>\n\t\t\t\t<\/div>\n\t\t\t\t\t<\/div>\n\t\t<\/div>\n\t\t\t\t\t<\/div>\n\t\t<\/section>\n\t\t\t\t<section class=\"elementor-section elementor-top-section elementor-element elementor-element-a352340 elementor-section-boxed elementor-section-height-default elementor-section-height-default\" data-id=\"a352340\" data-element_type=\"section\" data-e-type=\"section\">\n\t\t\t\t\t\t<div class=\"elementor-container elementor-column-gap-default\">\n\t\t\t\t\t<div class=\"elementor-column elementor-col-100 elementor-top-column elementor-element elementor-element-1f2859c\" data-id=\"1f2859c\" data-element_type=\"column\" data-e-type=\"column\">\n\t\t\t<div class=\"elementor-widget-wrap elementor-element-populated\">\n\t\t\t\t\t\t<div class=\"elementor-element elementor-element-73daa86 elementor-widget elementor-widget-text-editor\" data-id=\"73daa86\" data-element_type=\"widget\" data-e-type=\"widget\" data-widget_type=\"text-editor.default\">\n\t\t\t\t<div class=\"elementor-widget-container\">\n\t\t\t\t\t\t\t\t\t<div class=\"csc-header csc-header-n1\"><h1 class=\"csc-firstHeader\">IT-Berufe: Neue Verordnungen ab 1. August 2020<\/h1><\/div><p class=\"bodytext\">F\u00fcr die Ausbildungsberufe der IT-Berufe wurden am 5. M\u00e4rz 2020 im Bundesgesetzblatt folgende Ausbildungsverordnungen ver\u00f6ffentlicht:<\/p><p class=\"bodytext\"><b>Fachinformatiker\/-in mit den Fachrichtungen: &#8211; Anwendungsentwicklung- Systemintegration- Daten- und Prozessanalyse- digitale Vernetzung<\/b><\/p><ul><li><a class=\"download\" title=\"Dateidownload starten\" href=\"https:\/\/www.hannover.ihk.de\/fileadmin\/data\/Dokumente\/Themen\/Aus-_und_Weiterbildung\/Ausbildung\/Fachinformatiker_VO_2020.pdf\" target=\"_blank\" rel=\"noopener\">Verordnung<\/a><\/li><li><a class=\"download\" title=\"Dateidownload starten\" href=\"https:\/\/www.hannover.ihk.de\/fileadmin\/data\/Dokumente\/Themen\/Aus-_und_Weiterbildung\/Ausbildung\/BiBB-Umsetzungshilfe_Fachinformatiker__VO_2020_.pdf\" target=\"_blank\" rel=\"noopener\">Umsetzungshilfe<\/a><\/li><li><a class=\"download\" title=\"Dateidownload starten\" href=\"https:\/\/www.hannover.ihk.de\/fileadmin\/data\/Dokumente\/Themen\/Aus-_und_Weiterbildung\/Ausbildung\/BiBB-Umsetzungshilfe_FI_Kap_2.1.5_Muster_Betr_Ausbildungsplan.pdf\" target=\"_blank\" rel=\"noopener\">Muster Ausbildungsplan<\/a><\/li><li><a class=\"download\" title=\"Dateidownload starten\" href=\"https:\/\/www.hannover.ihk.de\/fileadmin\/data\/Dokumente\/Themen\/Aus-_und_Weiterbildung\/Ausbildung\/Rahmenlehrplan_FI-ITSE.pdf\" target=\"_blank\" rel=\"noopener\">Rahmenlehrplan<\/a><\/li><\/ul><p class=\"bodytext\"><b>Kaufmann\/-frau f\u00fcr IT-System-Management<\/b><\/p><ul><li><a class=\"download\" title=\"Dateidownload starten\" href=\"https:\/\/www.hannover.ihk.de\/fileadmin\/data\/Dokumente\/Themen\/Aus-_und_Weiterbildung\/Ausbildung\/Kaufmann_f%C3%BCr_IT-System-Management_VO_2020.pdf\" target=\"_blank\" rel=\"noopener\">Verordnung<\/a><\/li><li><a class=\"download\" title=\"Dateidownload starten\" href=\"https:\/\/www.hannover.ihk.de\/fileadmin\/data\/Dokumente\/Themen\/Aus-_und_Weiterbildung\/Ausbildung\/BiBB-Umsetzungshilfe_Kaufmann_f%C3%BCr_IT-System-Management__VO_2020_.pdf\" target=\"_blank\" rel=\"noopener\">Umsetzungshilfe<\/a><\/li><li><a class=\"download\" title=\"Dateidownload starten\" href=\"https:\/\/www.hannover.ihk.de\/fileadmin\/data\/Dokumente\/Themen\/Aus-_und_Weiterbildung\/Ausbildung\/BiBB-Umsetzungshilfe_KfIS_Kap_2.1.5_Muster_Betr_Ausbildungsplan.pdf\" target=\"_blank\" rel=\"noopener\">Muster Ausbildungsplan<\/a><\/li><li><a class=\"download\" title=\"Dateidownload starten\" href=\"https:\/\/www.hannover.ihk.de\/fileadmin\/data\/Dokumente\/Themen\/Aus-_und_Weiterbildung\/Ausbildung\/Rahmenlehrplan_KfIS.pdf\" target=\"_blank\" rel=\"noopener\">Rahmenlehrplan<\/a><\/li><\/ul><p class=\"bodytext\"><b>Kaufmann\/-frau f\u00fcr Digitalisierungsmanagement<\/b><\/p><ul><li><a class=\"download\" title=\"Dateidownload starten\" href=\"https:\/\/www.hannover.ihk.de\/fileadmin\/data\/Dokumente\/Themen\/Aus-_und_Weiterbildung\/Ausbildung\/Kaufmann_fuer_Digitalisierungsmanagement_VO_2020.pdf\" target=\"_blank\" rel=\"noopener\">Verordnung<\/a><\/li><li><a class=\"download\" title=\"Dateidownload starten\" href=\"https:\/\/www.hannover.ihk.de\/fileadmin\/data\/Dokumente\/Themen\/Aus-_und_Weiterbildung\/Ausbildung\/BiBB-Umsetzungshilfe_Kaufmann_f%C3%BCr_Digitalisierungsmanagement__VO_2020_.pdf\" target=\"_blank\" rel=\"noopener\">Umsetzungshilfe<\/a><\/li><li><a class=\"download\" title=\"Dateidownload starten\" href=\"https:\/\/www.hannover.ihk.de\/fileadmin\/data\/Dokumente\/Themen\/Aus-_und_Weiterbildung\/Ausbildung\/BiBB-Umsetzungshilfe_KfDM_Kap_2.1.5_Muster_Betr_Ausbildungsplan.pdf\" target=\"_blank\" rel=\"noopener\">Muster Ausbildungsplan<\/a><\/li><li><a class=\"download\" title=\"Dateidownload starten\" href=\"https:\/\/www.hannover.ihk.de\/fileadmin\/data\/Dokumente\/Themen\/Aus-_und_Weiterbildung\/Ausbildung\/Rahmenlehrplan_KfDM.pdf\" target=\"_blank\" rel=\"noopener\">Rahmenlehrplan<\/a><\/li><\/ul><p class=\"bodytext\"><b>IT-System-Elektroniker\/-in<\/b><\/p><ul><li><a class=\"download\" title=\"Dateidownload starten\" href=\"https:\/\/www.hannover.ihk.de\/fileadmin\/data\/Dokumente\/Themen\/Aus-_und_Weiterbildung\/Ausbildung\/IT-System-Elektroniker_VO_2020.pdf\" target=\"_blank\" rel=\"noopener\">Verordnung<\/a><\/li><li><a class=\"download\" title=\"Dateidownload starten\" href=\"https:\/\/www.hannover.ihk.de\/fileadmin\/data\/Dokumente\/Themen\/Aus-_und_Weiterbildung\/Ausbildung\/BiBB-Umsetzungshilfe_ITSE_Kap_2.1.5_Muster_Betr_Ausbildungsplan.pdf\" target=\"_blank\" rel=\"noopener\">Umsetzungshilfe<\/a><\/li><li><a class=\"download\" title=\"Dateidownload starten\" href=\"https:\/\/www.hannover.ihk.de\/fileadmin\/data\/Dokumente\/Themen\/Aus-_und_Weiterbildung\/Ausbildung\/BiBB-Umsetzungshilfe_IT-System-Elektroniker__VO_2020_.pdf\" target=\"_blank\" rel=\"noopener\">Muster Ausbildungsplan<\/a><\/li><li><a class=\"download\" title=\"Dateidownload starten\" href=\"https:\/\/www.hannover.ihk.de\/fileadmin\/data\/Dokumente\/Themen\/Aus-_und_Weiterbildung\/Ausbildung\/Rahmenlehrplan_FI-ITSE.pdf\" target=\"_blank\" rel=\"noopener\">Rahmenlehrplan<\/a><\/li><\/ul><p>Quelle: https:\/\/www.hannover.ihk.de\/ausbildung-weiterbildung\/ausbildung\/ausbildungsinfos\/berufe\/neuordnungen-und-geaenderte-ausbildungsordnungen\/itberufe2020.html<\/p>\t\t\t\t\t\t\t\t<\/div>\n\t\t\t\t<\/div>\n\t\t\t\t\t<\/div>\n\t\t<\/div>\n\t\t\t\t\t<\/div>\n\t\t<\/section>\n\t\t\t\t<\/div>\n\t\t","protected":false},"excerpt":{"rendered":"<p>Seit der Unternehmensgr\u00fcndung sind wir ein anerkannter IHK-Betrieb und bilden in Bereichen der meisten IT-Berufe aus. Ebenso ist bei uns eine Ausbildung als Mediengestalter im Bereich Digital &amp; Print m\u00f6glich. Aktuell k\u00f6nnen wir leider keine<a class=\"read-more\" href=\"https:\/\/www.cs-stadthagen.de\/?page_id=156\">Continue reading<\/a><\/p>\n","protected":false},"author":1,"featured_media":0,"parent":0,"menu_order":0,"comment_status":"closed","ping_status":"closed","template":"page-templates\/page_fullwidth.php","meta":{"footnotes":""},"class_list":["post-156","page","type-page","status-publish","hentry"],"_links":{"self":[{"href":"https:\/\/www.cs-stadthagen.de\/index.php?rest_route=\/wp\/v2\/pages\/156"}],"collection":[{"href":"https:\/\/www.cs-stadthagen.de\/index.php?rest_route=\/wp\/v2\/pages"}],"about":[{"href":"https:\/\/www.cs-stadthagen.de\/index.php?rest_route=\/wp\/v2\/types\/page"}],"author":[{"embeddable":true,"href":"https:\/\/www.cs-stadthagen.de\/index.php?rest_route=\/wp\/v2\/users\/1"}],"replies":[{"embeddable":true,"href":"https:\/\/www.cs-stadthagen.de\/index.php?rest_route=%2Fwp%2Fv2%2Fcomments&post=156"}],"version-history":[{"count":6,"href":"https:\/\/www.cs-stadthagen.de\/index.php?rest_route=\/wp\/v2\/pages\/156\/revisions"}],"predecessor-version":[{"id":930,"href":"https:\/\/www.cs-stadthagen.de\/index.php?rest_route=\/wp\/v2\/pages\/156\/revisions\/930"}],"wp:attachment":[{"href":"https:\/\/www.cs-stadthagen.de\/index.php?rest_route=%2Fwp%2Fv2%2Fmedia&parent=156"}],"curies":[{"name":"wp","href":"https:\/\/api.w.org\/{rel}","templated":true}]}}