{"id":158,"date":"2018-08-08T11:47:32","date_gmt":"2018-08-08T11:47:32","guid":{"rendered":"http:\/\/cs-stadthagen.de\/?page_id=158"},"modified":"2022-01-25T15:23:17","modified_gmt":"2022-01-25T15:23:17","slug":"praktika","status":"publish","type":"page","link":"https:\/\/www.cs-stadthagen.de\/?page_id=158","title":{"rendered":"Stellenangebote"},"content":{"rendered":"\t\t<div data-elementor-type=\"wp-page\" data-elementor-id=\"158\" class=\"elementor elementor-158\">\n\t\t\t\t\t\t<section class=\"elementor-section elementor-top-section elementor-element elementor-element-5ce29d8 elementor-section-boxed elementor-section-height-default elementor-section-height-default\" data-id=\"5ce29d8\" data-element_type=\"section\" data-e-type=\"section\">\n\t\t\t\t\t\t<div class=\"elementor-container elementor-column-gap-default\">\n\t\t\t\t\t<div class=\"elementor-column elementor-col-100 elementor-top-column elementor-element elementor-element-64273d8\" data-id=\"64273d8\" data-element_type=\"column\" data-e-type=\"column\">\n\t\t\t<div class=\"elementor-widget-wrap elementor-element-populated\">\n\t\t\t\t\t\t<div class=\"elementor-element elementor-element-3d47202c elementor-widget elementor-widget-text-editor\" data-id=\"3d47202c\" data-element_type=\"widget\" data-e-type=\"widget\" data-widget_type=\"text-editor.default\">\n\t\t\t\t<div class=\"elementor-widget-container\">\n\t\t\t\t\t\t\t\t\t<p><strong>Im Rahmen einer schulischen Ausbildung oder des praktischen Teils einer Fachhochschulreife k\u00f6nnen Sie bei uns ein <span style=\"color: #ff6600;\">einj\u00e4hriges Praktikum<\/span> absolvieren.<\/strong><\/p><p><strong>Vorkenntnisse sind erw\u00fcnscht.<\/strong><\/p><p><strong>Unser Betrieb bietet den Vorteil, dass Sie \u00fcber den Umfang ihres Ausbildungsberufes hinaus Einblick in viele andere Bereiche bekommen k\u00f6nnen, wie z.B. alles rund um Foto, Video, Grafik, Musik, Gaming, Verwaltung, Kundenumgang und Networking.<\/strong><\/p><p><strong>Aus organisatorischen Gr\u00fcnden ist unser Betrieb zu dem Schluss gekommen, <span style=\"color: #ff6600;\">keine Kurzzeitpraktikas<\/span> mehr anzubieten.<\/strong><\/p>\t\t\t\t\t\t\t\t<\/div>\n\t\t\t\t<\/div>\n\t\t\t\t\t<\/div>\n\t\t<\/div>\n\t\t\t\t\t<\/div>\n\t\t<\/section>\n\t\t\t\t<section class=\"elementor-section elementor-top-section elementor-element elementor-element-b2a3ca4 elementor-section-boxed elementor-section-height-default elementor-section-height-default\" data-id=\"b2a3ca4\" data-element_type=\"section\" data-e-type=\"section\">\n\t\t\t\t\t\t<div class=\"elementor-container elementor-column-gap-default\">\n\t\t\t\t\t<div class=\"elementor-column elementor-col-100 elementor-top-column elementor-element elementor-element-a295c96\" data-id=\"a295c96\" data-element_type=\"column\" data-e-type=\"column\">\n\t\t\t<div class=\"elementor-widget-wrap elementor-element-populated\">\n\t\t\t\t\t\t<div class=\"elementor-element elementor-element-8ec5c3d elementor-widget-divider--view-line elementor-widget elementor-widget-divider\" data-id=\"8ec5c3d\" data-element_type=\"widget\" data-e-type=\"widget\" data-widget_type=\"divider.default\">\n\t\t\t\t<div class=\"elementor-widget-container\">\n\t\t\t\t\t\t\t<div class=\"elementor-divider\">\n\t\t\t<span class=\"elementor-divider-separator\">\n\t\t\t\t\t\t<\/span>\n\t\t<\/div>\n\t\t\t\t\t\t<\/div>\n\t\t\t\t<\/div>\n\t\t\t\t\t<\/div>\n\t\t<\/div>\n\t\t\t\t\t<\/div>\n\t\t<\/section>\n\t\t\t\t<section class=\"elementor-section elementor-top-section elementor-element elementor-element-5cc2f5e elementor-section-boxed elementor-section-height-default elementor-section-height-default\" data-id=\"5cc2f5e\" data-element_type=\"section\" data-e-type=\"section\">\n\t\t\t\t\t\t<div class=\"elementor-container elementor-column-gap-default\">\n\t\t\t\t\t<div class=\"elementor-column elementor-col-100 elementor-top-column elementor-element elementor-element-235759e\" data-id=\"235759e\" data-element_type=\"column\" data-e-type=\"column\">\n\t\t\t<div class=\"elementor-widget-wrap elementor-element-populated\">\n\t\t\t\t\t\t<div class=\"elementor-element elementor-element-d44e035 elementor-widget elementor-widget-text-editor\" data-id=\"d44e035\" data-element_type=\"widget\" data-e-type=\"widget\" data-widget_type=\"text-editor.default\">\n\t\t\t\t<div class=\"elementor-widget-container\">\n\t\t\t\t\t\t\t\t\t<h2>Online Marketing Manager\/Social Media Manager (m\/w\/d)<\/h2>\t\t\t\t\t\t\t\t<\/div>\n\t\t\t\t<\/div>\n\t\t\t\t\t<\/div>\n\t\t<\/div>\n\t\t\t\t\t<\/div>\n\t\t<\/section>\n\t\t\t\t<section class=\"elementor-section elementor-top-section elementor-element elementor-element-1f961dc elementor-section-boxed elementor-section-height-default elementor-section-height-default\" data-id=\"1f961dc\" data-element_type=\"section\" data-e-type=\"section\">\n\t\t\t\t\t\t<div class=\"elementor-container elementor-column-gap-default\">\n\t\t\t\t\t<div class=\"elementor-column elementor-col-50 elementor-top-column elementor-element elementor-element-de8cacc\" data-id=\"de8cacc\" data-element_type=\"column\" data-e-type=\"column\">\n\t\t\t<div class=\"elementor-widget-wrap elementor-element-populated\">\n\t\t\t\t\t\t<div class=\"elementor-element elementor-element-100eaf7 elementor-widget elementor-widget-text-editor\" data-id=\"100eaf7\" data-element_type=\"widget\" data-e-type=\"widget\" data-widget_type=\"text-editor.default\">\n\t\t\t\t<div class=\"elementor-widget-container\">\n\t\t\t\t\t\t\t\t\t<p><strong>Im Rahmen einer Schulischen Ausbildung als <span style=\"color: #ff6600;\">Jahrespraktkikum<\/span> oder als eine Umschulung bieten wir eine Stelle als<\/strong><strong> Online Marketing Manager an. <\/strong><\/p><p><strong>In unserem Unternehmen kannst du viele verschiedene Sachen Lernen unter anderem, das Pflegen einer Webseite mit einem Content Managment System, wie z.B. WordPress. Au\u00dferdem w\u00fcrde es zu deinen Aufgaben geh\u00f6ren unsere Social Media Kan\u00e4le zu pflegen.<br \/><\/strong><\/p><p><strong>Senden Sie uns eine entsprechende Bewerbung an unsere Email: <a href=\"mailto:info@cs-stadthagen.de\">info@cs-stadthagen.de.<\/a><\/strong><\/p><p><strong>\u00a0<\/strong><\/p><p><strong>\u00a0<\/strong><\/p>\t\t\t\t\t\t\t\t<\/div>\n\t\t\t\t<\/div>\n\t\t\t\t\t<\/div>\n\t\t<\/div>\n\t\t\t\t<div class=\"elementor-column elementor-col-50 elementor-top-column elementor-element elementor-element-97d658e\" data-id=\"97d658e\" data-element_type=\"column\" data-e-type=\"column\">\n\t\t\t<div class=\"elementor-widget-wrap elementor-element-populated\">\n\t\t\t\t\t\t<div class=\"elementor-element elementor-element-8daf6b6 elementor-widget elementor-widget-text-editor\" data-id=\"8daf6b6\" data-element_type=\"widget\" data-e-type=\"widget\" data-widget_type=\"text-editor.default\">\n\t\t\t\t<div class=\"elementor-widget-container\">\n\t\t\t\t\t\t\t\t\t<h3 style=\"text-align: center;\">Deine Aufgaben:<\/h3><ul><li><strong>Konzeption und Durchf\u00fchrung von Social-Media-Strategien und -Projekten<\/strong><\/li><li><strong>Operative Steuerung verschiedener Social-Media-Kan\u00e4le<\/strong><\/li><li><strong>\u00a0Erstellung von kreativem Content (Grafiken, Stories, Bewegtbild\u2026) f\u00fcr unsere<\/strong><br \/><strong>Community<\/strong><\/li><li><strong>Verwalten unserer Webseite und Aktuallisierung<\/strong><\/li><\/ul><h3 style=\"text-align: center;\">Was du mitbringen solltest:<\/h3><ul><li><strong>Interresse an Social Media<\/strong><\/li><li><strong>Rechtzeitiges erkennen aktueller Trends<\/strong><\/li><li><strong>Kenntnisse in Bildbearbeitung<\/strong><\/li><\/ul>\t\t\t\t\t\t\t\t<\/div>\n\t\t\t\t<\/div>\n\t\t\t\t\t<\/div>\n\t\t<\/div>\n\t\t\t\t\t<\/div>\n\t\t<\/section>\n\t\t\t\t<\/div>\n\t\t","protected":false},"excerpt":{"rendered":"<p>Im Rahmen einer schulischen Ausbildung oder des praktischen Teils einer Fachhochschulreife k\u00f6nnen Sie bei uns ein einj\u00e4hriges Praktikum absolvieren. Vorkenntnisse sind erw\u00fcnscht. Unser Betrieb bietet den Vorteil, dass Sie \u00fcber den Umfang ihres Ausbildungsberufes hinaus<a class=\"read-more\" href=\"https:\/\/www.cs-stadthagen.de\/?page_id=158\">Continue reading<\/a><\/p>\n","protected":false},"author":1,"featured_media":0,"parent":0,"menu_order":0,"comment_status":"closed","ping_status":"closed","template":"page-templates\/page_fullwidth.php","meta":{"footnotes":""},"class_list":["post-158","page","type-page","status-publish","hentry"],"_links":{"self":[{"href":"https:\/\/www.cs-stadthagen.de\/index.php?rest_route=\/wp\/v2\/pages\/158"}],"collection":[{"href":"https:\/\/www.cs-stadthagen.de\/index.php?rest_route=\/wp\/v2\/pages"}],"about":[{"href":"https:\/\/www.cs-stadthagen.de\/index.php?rest_route=\/wp\/v2\/types\/page"}],"author":[{"embeddable":true,"href":"https:\/\/www.cs-stadthagen.de\/index.php?rest_route=\/wp\/v2\/users\/1"}],"replies":[{"embeddable":true,"href":"https:\/\/www.cs-stadthagen.de\/index.php?rest_route=%2Fwp%2Fv2%2Fcomments&post=158"}],"version-history":[{"count":35,"href":"https:\/\/www.cs-stadthagen.de\/index.php?rest_route=\/wp\/v2\/pages\/158\/revisions"}],"predecessor-version":[{"id":1795,"href":"https:\/\/www.cs-stadthagen.de\/index.php?rest_route=\/wp\/v2\/pages\/158\/revisions\/1795"}],"wp:attachment":[{"href":"https:\/\/www.cs-stadthagen.de\/index.php?rest_route=%2Fwp%2Fv2%2Fmedia&parent=158"}],"curies":[{"name":"wp","href":"https:\/\/api.w.org\/{rel}","templated":true}]}}