{"id":19,"date":"2018-08-08T09:01:20","date_gmt":"2018-08-08T09:01:20","guid":{"rendered":"http:\/\/cs-stadthagen.de\/?page_id=19"},"modified":"2024-11-08T09:53:53","modified_gmt":"2024-11-08T09:53:53","slug":"startseite","status":"publish","type":"page","link":"https:\/\/www.cs-stadthagen.de\/","title":{"rendered":"Herzlich Willkommen"},"content":{"rendered":"\t\t<div data-elementor-type=\"wp-post\" data-elementor-id=\"19\" class=\"elementor elementor-19\">\n\t\t\t\t\t\t<section class=\"elementor-section elementor-top-section elementor-element elementor-element-493e0d7 elementor-section-boxed elementor-section-height-default elementor-section-height-default\" data-id=\"493e0d7\" data-element_type=\"section\" data-e-type=\"section\">\n\t\t\t\t\t\t<div class=\"elementor-container elementor-column-gap-default\">\n\t\t\t\t\t<div class=\"elementor-column elementor-col-100 elementor-top-column elementor-element elementor-element-ba55086\" data-id=\"ba55086\" data-element_type=\"column\" data-e-type=\"column\">\n\t\t\t<div class=\"elementor-widget-wrap elementor-element-populated\">\n\t\t\t\t\t\t<div class=\"elementor-element elementor-element-3cdfc88 elementor-widget elementor-widget-image\" data-id=\"3cdfc88\" data-element_type=\"widget\" data-e-type=\"widget\" data-widget_type=\"image.default\">\n\t\t\t\t<div class=\"elementor-widget-container\">\n\t\t\t\t\t\t\t\t\t\t\t\t\t\t\t<img fetchpriority=\"high\" decoding=\"async\" width=\"843\" height=\"596\" src=\"https:\/\/www.cs-stadthagen.de\/wp-content\/uploads\/2022\/10\/Aufgabe.jpg\" class=\"attachment-large size-large wp-image-2019\" alt=\"\" srcset=\"https:\/\/www.cs-stadthagen.de\/wp-content\/uploads\/2022\/10\/Aufgabe.jpg 843w, https:\/\/www.cs-stadthagen.de\/wp-content\/uploads\/2022\/10\/Aufgabe-300x212.jpg 300w, https:\/\/www.cs-stadthagen.de\/wp-content\/uploads\/2022\/10\/Aufgabe-768x543.jpg 768w, https:\/\/www.cs-stadthagen.de\/wp-content\/uploads\/2022\/10\/Aufgabe-520x368.jpg 520w, https:\/\/www.cs-stadthagen.de\/wp-content\/uploads\/2022\/10\/Aufgabe-740x523.jpg 740w\" sizes=\"(max-width: 843px) 100vw, 843px\" \/>\t\t\t\t\t\t\t\t\t\t\t\t\t\t\t<\/div>\n\t\t\t\t<\/div>\n\t\t\t\t\t<\/div>\n\t\t<\/div>\n\t\t\t\t\t<\/div>\n\t\t<\/section>\n\t\t\t\t<section class=\"elementor-section elementor-top-section elementor-element elementor-element-8740a42 elementor-section-boxed elementor-section-height-default elementor-section-height-default\" data-id=\"8740a42\" data-element_type=\"section\" data-e-type=\"section\">\n\t\t\t\t\t\t<div class=\"elementor-container elementor-column-gap-default\">\n\t\t\t\t\t<div class=\"elementor-column elementor-col-25 elementor-top-column elementor-element elementor-element-8913e6a\" data-id=\"8913e6a\" data-element_type=\"column\" data-e-type=\"column\">\n\t\t\t<div class=\"elementor-widget-wrap elementor-element-populated\">\n\t\t\t\t\t\t<div class=\"elementor-element elementor-element-718c39e elementor-widget elementor-widget-image\" data-id=\"718c39e\" data-element_type=\"widget\" data-e-type=\"widget\" data-widget_type=\"image.default\">\n\t\t\t\t<div class=\"elementor-widget-container\">\n\t\t\t\t\t\t\t\t\t\t\t\t\t\t\t<img decoding=\"async\" width=\"306\" height=\"230\" src=\"https:\/\/www.cs-stadthagen.de\/wp-content\/uploads\/2022\/05\/2021CS01small-min.png\" class=\"attachment-large size-large wp-image-1888\" alt=\"\" srcset=\"https:\/\/www.cs-stadthagen.de\/wp-content\/uploads\/2022\/05\/2021CS01small-min.png 306w, https:\/\/www.cs-stadthagen.de\/wp-content\/uploads\/2022\/05\/2021CS01small-min-300x225.png 300w\" sizes=\"(max-width: 306px) 100vw, 306px\" \/>\t\t\t\t\t\t\t\t\t\t\t\t\t\t\t<\/div>\n\t\t\t\t<\/div>\n\t\t\t\t\t<\/div>\n\t\t<\/div>\n\t\t\t\t<div class=\"elementor-column elementor-col-25 elementor-top-column elementor-element elementor-element-fa1e90d\" data-id=\"fa1e90d\" data-element_type=\"column\" data-e-type=\"column\">\n\t\t\t<div class=\"elementor-widget-wrap elementor-element-populated\">\n\t\t\t\t\t\t<div class=\"elementor-element elementor-element-23a7acb elementor-widget elementor-widget-image\" data-id=\"23a7acb\" data-element_type=\"widget\" data-e-type=\"widget\" data-widget_type=\"image.default\">\n\t\t\t\t<div class=\"elementor-widget-container\">\n\t\t\t\t\t\t\t\t\t\t\t\t\t\t\t<img decoding=\"async\" width=\"297\" height=\"223\" src=\"https:\/\/www.cs-stadthagen.de\/wp-content\/uploads\/2022\/05\/2021CS03small-min.png\" class=\"attachment-large size-large wp-image-1890\" alt=\"\" \/>\t\t\t\t\t\t\t\t\t\t\t\t\t\t\t<\/div>\n\t\t\t\t<\/div>\n\t\t\t\t\t<\/div>\n\t\t<\/div>\n\t\t\t\t<div class=\"elementor-column elementor-col-25 elementor-top-column elementor-element elementor-element-42d5d3d\" data-id=\"42d5d3d\" data-element_type=\"column\" data-e-type=\"column\">\n\t\t\t<div class=\"elementor-widget-wrap elementor-element-populated\">\n\t\t\t\t\t\t<div class=\"elementor-element elementor-element-59b8425 elementor-widget elementor-widget-image\" data-id=\"59b8425\" data-element_type=\"widget\" data-e-type=\"widget\" data-widget_type=\"image.default\">\n\t\t\t\t<div class=\"elementor-widget-container\">\n\t\t\t\t\t\t\t\t\t\t\t\t\t\t\t<img loading=\"lazy\" decoding=\"async\" width=\"292\" height=\"218\" src=\"https:\/\/www.cs-stadthagen.de\/wp-content\/uploads\/2022\/05\/2021CS02small-min.png\" class=\"attachment-large size-large wp-image-1889\" alt=\"\" \/>\t\t\t\t\t\t\t\t\t\t\t\t\t\t\t<\/div>\n\t\t\t\t<\/div>\n\t\t\t\t\t<\/div>\n\t\t<\/div>\n\t\t\t\t<div class=\"elementor-column elementor-col-25 elementor-top-column elementor-element elementor-element-637cdc1\" data-id=\"637cdc1\" data-element_type=\"column\" data-e-type=\"column\">\n\t\t\t<div class=\"elementor-widget-wrap elementor-element-populated\">\n\t\t\t\t\t\t<div class=\"elementor-element elementor-element-91f8381 elementor-widget elementor-widget-image\" data-id=\"91f8381\" data-element_type=\"widget\" data-e-type=\"widget\" data-widget_type=\"image.default\">\n\t\t\t\t<div class=\"elementor-widget-container\">\n\t\t\t\t\t\t\t\t\t\t\t\t\t\t\t<img loading=\"lazy\" decoding=\"async\" width=\"960\" height=\"720\" src=\"https:\/\/www.cs-stadthagen.de\/wp-content\/uploads\/2021\/03\/2021CS04_small.jpg\" class=\"attachment-large size-large wp-image-1143\" alt=\"\" srcset=\"https:\/\/www.cs-stadthagen.de\/wp-content\/uploads\/2021\/03\/2021CS04_small.jpg 960w, https:\/\/www.cs-stadthagen.de\/wp-content\/uploads\/2021\/03\/2021CS04_small-300x225.jpg 300w, https:\/\/www.cs-stadthagen.de\/wp-content\/uploads\/2021\/03\/2021CS04_small-768x576.jpg 768w, https:\/\/www.cs-stadthagen.de\/wp-content\/uploads\/2021\/03\/2021CS04_small-520x390.jpg 520w, https:\/\/www.cs-stadthagen.de\/wp-content\/uploads\/2021\/03\/2021CS04_small-740x555.jpg 740w\" sizes=\"(max-width: 960px) 100vw, 960px\" \/>\t\t\t\t\t\t\t\t\t\t\t\t\t\t\t<\/div>\n\t\t\t\t<\/div>\n\t\t\t\t\t<\/div>\n\t\t<\/div>\n\t\t\t\t\t<\/div>\n\t\t<\/section>\n\t\t\t\t<section class=\"elementor-section elementor-top-section elementor-element elementor-element-17cc96e elementor-section-boxed elementor-section-height-default elementor-section-height-default\" data-id=\"17cc96e\" data-element_type=\"section\" data-e-type=\"section\" data-settings=\"{&quot;background_background&quot;:&quot;classic&quot;}\">\n\t\t\t\t\t\t\t<div class=\"elementor-background-overlay\"><\/div>\n\t\t\t\t\t\t\t<div class=\"elementor-container elementor-column-gap-default\">\n\t\t\t\t\t<div class=\"elementor-column elementor-col-100 elementor-top-column elementor-element elementor-element-445aa8f\" data-id=\"445aa8f\" data-element_type=\"column\" data-e-type=\"column\">\n\t\t\t<div class=\"elementor-widget-wrap elementor-element-populated\">\n\t\t\t\t\t\t<div class=\"elementor-element elementor-element-51b5209 elementor-widget elementor-widget-text-editor\" data-id=\"51b5209\" data-element_type=\"widget\" data-e-type=\"widget\" data-widget_type=\"text-editor.default\">\n\t\t\t\t<div class=\"elementor-widget-container\">\n\t\t\t\t\t\t\t\t\t<h1><strong>Service-Hotline: 05721-9800790XX<\/strong><\/h1>\t\t\t\t\t\t\t\t<\/div>\n\t\t\t\t<\/div>\n\t\t\t\t<div class=\"elementor-element elementor-element-19c37e2 elementor-widget-divider--view-line elementor-widget elementor-widget-divider\" data-id=\"19c37e2\" data-element_type=\"widget\" data-e-type=\"widget\" data-widget_type=\"divider.default\">\n\t\t\t\t<div class=\"elementor-widget-container\">\n\t\t\t\t\t\t\t<div class=\"elementor-divider\">\n\t\t\t<span class=\"elementor-divider-separator\">\n\t\t\t\t\t\t<\/span>\n\t\t<\/div>\n\t\t\t\t\t\t<\/div>\n\t\t\t\t<\/div>\n\t\t\t\t\t<\/div>\n\t\t<\/div>\n\t\t\t\t\t<\/div>\n\t\t<\/section>\n\t\t\t\t<section class=\"elementor-section elementor-top-section elementor-element elementor-element-63aafb9 elementor-section-boxed elementor-section-height-default elementor-section-height-default\" data-id=\"63aafb9\" data-element_type=\"section\" data-e-type=\"section\">\n\t\t\t\t\t\t<div class=\"elementor-container elementor-column-gap-default\">\n\t\t\t\t\t<div class=\"elementor-column elementor-col-100 elementor-top-column elementor-element elementor-element-496df10\" data-id=\"496df10\" data-element_type=\"column\" data-e-type=\"column\">\n\t\t\t<div class=\"elementor-widget-wrap elementor-element-populated\">\n\t\t\t\t\t\t<div class=\"elementor-element elementor-element-8c11c32 elementor-arrows-position-inside elementor-pagination-position-outside elementor-widget elementor-widget-image-carousel\" data-id=\"8c11c32\" data-element_type=\"widget\" data-e-type=\"widget\" data-settings=\"{&quot;slides_to_show&quot;:&quot;3&quot;,&quot;autoplay_speed&quot;:1600,&quot;image_spacing_custom&quot;:{&quot;unit&quot;:&quot;px&quot;,&quot;size&quot;:89,&quot;sizes&quot;:[]},&quot;navigation&quot;:&quot;both&quot;,&quot;autoplay&quot;:&quot;yes&quot;,&quot;pause_on_hover&quot;:&quot;yes&quot;,&quot;pause_on_interaction&quot;:&quot;yes&quot;,&quot;infinite&quot;:&quot;yes&quot;,&quot;speed&quot;:500,&quot;image_spacing_custom_tablet&quot;:{&quot;unit&quot;:&quot;px&quot;,&quot;size&quot;:&quot;&quot;,&quot;sizes&quot;:[]},&quot;image_spacing_custom_mobile&quot;:{&quot;unit&quot;:&quot;px&quot;,&quot;size&quot;:&quot;&quot;,&quot;sizes&quot;:[]}}\" data-widget_type=\"image-carousel.default\">\n\t\t\t\t<div class=\"elementor-widget-container\">\n\t\t\t\t\t\t\t<div class=\"elementor-image-carousel-wrapper swiper\" role=\"region\" aria-roledescription=\"carousel\" aria-label=\"Bild Karussell\" dir=\"ltr\">\n\t\t\t<div class=\"elementor-image-carousel swiper-wrapper\" aria-live=\"off\">\n\t\t\t\t\t\t\t\t<div class=\"swiper-slide\" role=\"group\" aria-roledescription=\"slide\" aria-label=\"1 von 6\"><figure class=\"swiper-slide-inner\"><img decoding=\"async\" class=\"swiper-slide-image\" src=\"https:\/\/www.cs-stadthagen.de\/wp-content\/uploads\/2020\/02\/Vor-Ort-Service-768x1086.jpg\" alt=\"Vor Ort Service\" \/><\/figure><\/div><div class=\"swiper-slide\" role=\"group\" aria-roledescription=\"slide\" aria-label=\"2 von 6\"><figure class=\"swiper-slide-inner\"><img decoding=\"async\" class=\"swiper-slide-image\" src=\"https:\/\/www.cs-stadthagen.de\/wp-content\/uploads\/2020\/02\/Textildruck-768x1086.jpg\" alt=\"Textildruck\" \/><\/figure><\/div><div class=\"swiper-slide\" role=\"group\" aria-roledescription=\"slide\" aria-label=\"3 von 6\"><figure class=\"swiper-slide-inner\"><img decoding=\"async\" class=\"swiper-slide-image\" src=\"https:\/\/www.cs-stadthagen.de\/wp-content\/uploads\/2020\/03\/gamingsysteme_a4-768x1086.jpg\" alt=\"gamingsysteme_a4\" \/><\/figure><\/div><div class=\"swiper-slide\" role=\"group\" aria-roledescription=\"slide\" aria-label=\"4 von 6\"><figure class=\"swiper-slide-inner\"><img decoding=\"async\" class=\"swiper-slide-image\" src=\"https:\/\/www.cs-stadthagen.de\/wp-content\/uploads\/2020\/02\/Datensicherung-768x1086.jpg\" alt=\"Datensicherung\" \/><\/figure><\/div><div class=\"swiper-slide\" role=\"group\" aria-roledescription=\"slide\" aria-label=\"5 von 6\"><figure class=\"swiper-slide-inner\"><img decoding=\"async\" class=\"swiper-slide-image\" src=\"https:\/\/www.cs-stadthagen.de\/wp-content\/uploads\/2020\/02\/Schaufenster-Beklebung-768x1086.jpg\" alt=\"Schaufenster Beklebung\" \/><\/figure><\/div><div class=\"swiper-slide\" role=\"group\" aria-roledescription=\"slide\" aria-label=\"6 von 6\"><figure class=\"swiper-slide-inner\"><img decoding=\"async\" class=\"swiper-slide-image\" src=\"https:\/\/www.cs-stadthagen.de\/wp-content\/uploads\/2020\/02\/Handyreperatur-768x1086.jpg\" alt=\"Handyreperatur\" \/><\/figure><\/div>\t\t\t<\/div>\n\t\t\t\t\t\t\t\t\t\t\t\t<div class=\"elementor-swiper-button elementor-swiper-button-prev\" role=\"button\" tabindex=\"0\">\n\t\t\t\t\t\t<i aria-hidden=\"true\" class=\"eicon-chevron-left\"><\/i>\t\t\t\t\t<\/div>\n\t\t\t\t\t<div class=\"elementor-swiper-button elementor-swiper-button-next\" role=\"button\" tabindex=\"0\">\n\t\t\t\t\t\t<i aria-hidden=\"true\" class=\"eicon-chevron-right\"><\/i>\t\t\t\t\t<\/div>\n\t\t\t\t\n\t\t\t\t\t\t\t\t\t<div class=\"swiper-pagination\"><\/div>\n\t\t\t\t\t\t\t\t\t<\/div>\n\t\t\t\t\t\t<\/div>\n\t\t\t\t<\/div>\n\t\t\t\t\t<\/div>\n\t\t<\/div>\n\t\t\t\t\t<\/div>\n\t\t<\/section>\n\t\t\t\t<section class=\"elementor-section elementor-top-section elementor-element elementor-element-03bd502 elementor-section-boxed elementor-section-height-default elementor-section-height-default\" data-id=\"03bd502\" data-element_type=\"section\" data-e-type=\"section\">\n\t\t\t\t\t\t<div class=\"elementor-container elementor-column-gap-default\">\n\t\t\t\t\t<div class=\"elementor-column elementor-col-50 elementor-top-column elementor-element elementor-element-0852a6c\" data-id=\"0852a6c\" data-element_type=\"column\" data-e-type=\"column\">\n\t\t\t<div class=\"elementor-widget-wrap elementor-element-populated\">\n\t\t\t\t\t\t<div class=\"elementor-element elementor-element-82d0e75 elementor-widget elementor-widget-text-editor\" data-id=\"82d0e75\" data-element_type=\"widget\" data-e-type=\"widget\" data-widget_type=\"text-editor.default\">\n\t\t\t\t<div class=\"elementor-widget-container\">\n\t\t\t\t\t\t\t\t\t<p><strong>Um Ihnen unter den Einschr\u00e4nkungen der aktuellen Situation beiseite stehen zu k\u00f6nnen, und insbesondere um eine M\u00f6glichkeit zu finden, isolierten Menschen zur wichtigen Sozialteilhabe zu verhelfen, haben wir uns Konzepte \u00fcberlegt dies zu erm\u00f6glichen.<\/strong><\/p><p><strong>So ist es zum Beispiel m\u00f6glich \u00fcber einen authorisierten Fremdzugriff den Computer ihrer \u2013 beispielsweise \u2013 Oma fernzusteuern. Auf diese Weise k\u00f6nnte dann ein Videotelefonieprogramm installiert, eingerichtet und gestartet werden, ohne dass \u201cOma\u201d sich mit irgendetwas davon auskennen m\u00fcsste.<\/strong><\/p><p><strong>Auch unsere Beratungen und Hilfestellungen sind selbstverst\u00e4ndlich auf diesen Wegen m\u00f6glich.<\/strong><\/p><p><strong>Grunds\u00e4tzlich gilt: Auch wenn hier etwas nicht explizit beworben oder angek\u00fcndigt ist \u2013 solange es sich um ein technisches oder Kommunikationsproblem handelt, k\u00f6nnen Sie gerne mit uns Kontakt aufnehmen, und wir werden unser Bestes geben eine L\u00f6sung zu erm\u00f6glichen.<\/strong><\/p>\t\t\t\t\t\t\t\t<\/div>\n\t\t\t\t<\/div>\n\t\t\t\t\t<\/div>\n\t\t<\/div>\n\t\t\t\t<div class=\"elementor-column elementor-col-50 elementor-top-column elementor-element elementor-element-2380005\" data-id=\"2380005\" data-element_type=\"column\" data-e-type=\"column\">\n\t\t\t<div class=\"elementor-widget-wrap elementor-element-populated\">\n\t\t\t\t\t\t<div class=\"elementor-element elementor-element-e144ae8 elementor-widget elementor-widget-image\" data-id=\"e144ae8\" data-element_type=\"widget\" data-e-type=\"widget\" data-widget_type=\"image.default\">\n\t\t\t\t<div class=\"elementor-widget-container\">\n\t\t\t\t\t\t\t\t\t\t\t\t\t\t\t<img loading=\"lazy\" decoding=\"async\" width=\"768\" height=\"493\" src=\"https:\/\/www.cs-stadthagen.de\/wp-content\/uploads\/2021\/09\/Frau-Eveline-Meier01-768x493-1.jpg\" class=\"attachment-large size-large wp-image-1203\" alt=\"zufriedenerKunde der Computerstation\" srcset=\"https:\/\/www.cs-stadthagen.de\/wp-content\/uploads\/2021\/09\/Frau-Eveline-Meier01-768x493-1.jpg 768w, https:\/\/www.cs-stadthagen.de\/wp-content\/uploads\/2021\/09\/Frau-Eveline-Meier01-768x493-1-300x193.jpg 300w, https:\/\/www.cs-stadthagen.de\/wp-content\/uploads\/2021\/09\/Frau-Eveline-Meier01-768x493-1-520x334.jpg 520w, https:\/\/www.cs-stadthagen.de\/wp-content\/uploads\/2021\/09\/Frau-Eveline-Meier01-768x493-1-740x475.jpg 740w\" sizes=\"(max-width: 768px) 100vw, 768px\" \/>\t\t\t\t\t\t\t\t\t\t\t\t\t\t\t<\/div>\n\t\t\t\t<\/div>\n\t\t\t\t<div class=\"elementor-element elementor-element-5448217 elementor-widget elementor-widget-text-editor\" data-id=\"5448217\" data-element_type=\"widget\" data-e-type=\"widget\" data-widget_type=\"text-editor.default\">\n\t\t\t\t<div class=\"elementor-widget-container\">\n\t\t\t\t\t\t\t\t\t<p style=\"text-align: center;\">Zufriedene Kunden der Computer Station.<\/p>\t\t\t\t\t\t\t\t<\/div>\n\t\t\t\t<\/div>\n\t\t\t\t\t<\/div>\n\t\t<\/div>\n\t\t\t\t\t<\/div>\n\t\t<\/section>\n\t\t\t\t<section class=\"elementor-section elementor-top-section elementor-element elementor-element-f725f43 elementor-section-boxed elementor-section-height-default elementor-section-height-default\" data-id=\"f725f43\" data-element_type=\"section\" data-e-type=\"section\">\n\t\t\t\t\t\t<div class=\"elementor-container elementor-column-gap-default\">\n\t\t\t\t\t<div class=\"elementor-column elementor-col-100 elementor-top-column elementor-element elementor-element-d4ef0c4\" data-id=\"d4ef0c4\" data-element_type=\"column\" data-e-type=\"column\">\n\t\t\t<div class=\"elementor-widget-wrap elementor-element-populated\">\n\t\t\t\t\t\t<div class=\"elementor-element elementor-element-572aedd elementor-widget-divider--view-line elementor-widget elementor-widget-divider\" data-id=\"572aedd\" data-element_type=\"widget\" data-e-type=\"widget\" data-widget_type=\"divider.default\">\n\t\t\t\t<div class=\"elementor-widget-container\">\n\t\t\t\t\t\t\t<div class=\"elementor-divider\">\n\t\t\t<span class=\"elementor-divider-separator\">\n\t\t\t\t\t\t<\/span>\n\t\t<\/div>\n\t\t\t\t\t\t<\/div>\n\t\t\t\t<\/div>\n\t\t\t\t\t<\/div>\n\t\t<\/div>\n\t\t\t\t\t<\/div>\n\t\t<\/section>\n\t\t\t\t<\/div>\n\t\t","protected":false},"excerpt":{"rendered":"<p>Service-Hotline: 05721-9800790XX Um Ihnen unter den Einschr\u00e4nkungen der aktuellen Situation beiseite stehen zu k\u00f6nnen, und insbesondere um eine M\u00f6glichkeit zu finden, isolierten Menschen zur wichtigen Sozialteilhabe zu verhelfen, haben wir uns Konzepte \u00fcberlegt dies zu<a class=\"read-more\" href=\"https:\/\/www.cs-stadthagen.de\/\">Continue reading<\/a><\/p>\n","protected":false},"author":1,"featured_media":0,"parent":0,"menu_order":0,"comment_status":"closed","ping_status":"closed","template":"page-templates\/page_fullwidth.php","meta":{"footnotes":""},"class_list":["post-19","page","type-page","status-publish","hentry"],"_links":{"self":[{"href":"https:\/\/www.cs-stadthagen.de\/index.php?rest_route=\/wp\/v2\/pages\/19"}],"collection":[{"href":"https:\/\/www.cs-stadthagen.de\/index.php?rest_route=\/wp\/v2\/pages"}],"about":[{"href":"https:\/\/www.cs-stadthagen.de\/index.php?rest_route=\/wp\/v2\/types\/page"}],"author":[{"embeddable":true,"href":"https:\/\/www.cs-stadthagen.de\/index.php?rest_route=\/wp\/v2\/users\/1"}],"replies":[{"embeddable":true,"href":"https:\/\/www.cs-stadthagen.de\/index.php?rest_route=%2Fwp%2Fv2%2Fcomments&post=19"}],"version-history":[{"count":344,"href":"https:\/\/www.cs-stadthagen.de\/index.php?rest_route=\/wp\/v2\/pages\/19\/revisions"}],"predecessor-version":[{"id":2031,"href":"https:\/\/www.cs-stadthagen.de\/index.php?rest_route=\/wp\/v2\/pages\/19\/revisions\/2031"}],"wp:attachment":[{"href":"https:\/\/www.cs-stadthagen.de\/index.php?rest_route=%2Fwp%2Fv2%2Fmedia&parent=19"}],"curies":[{"name":"wp","href":"https:\/\/api.w.org\/{rel}","templated":true}]}}