{"id":1941,"date":"2022-06-27T14:31:44","date_gmt":"2022-06-27T14:31:44","guid":{"rendered":"https:\/\/cs-stadthagen.de\/?page_id=1941"},"modified":"2022-06-27T14:47:40","modified_gmt":"2022-06-27T14:47:40","slug":"computer-station","status":"publish","type":"page","link":"https:\/\/www.cs-stadthagen.de\/?page_id=1941","title":{"rendered":"Computer Station"},"content":{"rendered":"\t\t<div data-elementor-type=\"wp-page\" data-elementor-id=\"1941\" class=\"elementor elementor-1941\">\n\t\t\t\t\t\t<section class=\"elementor-section elementor-top-section elementor-element elementor-element-fef0a51 elementor-section-boxed elementor-section-height-default elementor-section-height-default\" data-id=\"fef0a51\" data-element_type=\"section\" data-e-type=\"section\">\n\t\t\t\t\t\t<div class=\"elementor-container elementor-column-gap-default\">\n\t\t\t\t\t<div class=\"elementor-column elementor-col-50 elementor-top-column elementor-element elementor-element-914ba1a\" data-id=\"914ba1a\" data-element_type=\"column\" data-e-type=\"column\">\n\t\t\t<div class=\"elementor-widget-wrap elementor-element-populated\">\n\t\t\t\t\t\t<div class=\"elementor-element elementor-element-5800eb9 elementor-widget elementor-widget-text-editor\" data-id=\"5800eb9\" data-element_type=\"widget\" data-e-type=\"widget\" data-widget_type=\"text-editor.default\">\n\t\t\t\t<div class=\"elementor-widget-container\">\n\t\t\t\t\t\t\t\t\t<p><strong>Die Computer Station Stadthagen hat es sich zur Aufgabe gesetzt, Kunden problemorientiert und individuell zu beraten.<\/strong><\/p><p><strong>Unser Gesch\u00e4ft besteht schon \u00fcber 10 Jahre und erfreut sich eines festen Kundenstammes sowie der h\u00e4ufigen Zusammenarbeit mit vielen anderen Unternehmen Stadthagens und in den Regionen Schaumburg und Hannover.<\/strong><\/p><p><strong>Um in einer Kleinstadt, der es oft an einem breitgef\u00e4cherten Angebot mangelt, m\u00f6glichst viel Service bieten zu k\u00f6nnen, bieten wir Ihnen ein umfassendes Repertoire an IT-Dienstleistungen an.<\/strong><\/p><p><strong>So beschr\u00e4nkt sich unser Angebot nicht nur auf die typischen IT-Bereiche wie Hard- und Software, Netzwerkadministration, Virenbeseitigung, sondern auch IT-Schulungen an, befassen uns mit professioneller Medienbearbeitung in Film, Ton und Grafik, reparieren Mobiltelefone und betreuen Unternehmen.<img decoding=\"async\" class=\"alignnone size-medium wp-image-226\" src=\"https:\/\/cs-stadthagen.de\/wp-content\/uploads\/2018\/09\/LOGO_Computer-Station.png\" alt=\"\" width=\"1\" height=\"1\" \/><\/strong><\/p>\t\t\t\t\t\t\t\t<\/div>\n\t\t\t\t<\/div>\n\t\t\t\t\t<\/div>\n\t\t<\/div>\n\t\t\t\t<div class=\"elementor-column elementor-col-50 elementor-top-column elementor-element elementor-element-07a2f8a\" data-id=\"07a2f8a\" data-element_type=\"column\" data-e-type=\"column\">\n\t\t\t<div class=\"elementor-widget-wrap elementor-element-populated\">\n\t\t\t\t\t\t<div class=\"elementor-element elementor-element-d1644fc elementor-widget elementor-widget-text-editor\" data-id=\"d1644fc\" data-element_type=\"widget\" data-e-type=\"widget\" data-widget_type=\"text-editor.default\">\n\t\t\t\t<div class=\"elementor-widget-container\">\n\t\t\t\t\t\t\t\t\t<p><strong>F\u00fcr einen vollst\u00e4ndigen Einblick in den Umfang unserer Dienstleistungen klicken sie einfach auf den entsprechenden Reiter.<\/strong><\/p><p><strong>Uns liegt ein pers\u00f6nlicher, barrierefreier Umgang mit dem Kunden sehr am Herzen. So herrscht in unserem Ladengesch\u00e4ft ein offener Kontakt, der sich nicht auf gek\u00fcnstelter Freundlichkeit gr\u00fcndet, sondern der aufrichtigen \u00dcberzeugung, jedes Menschen Raum und Individualit\u00e4t zu respektieren.<\/strong><\/p><p><strong>Wir w\u00fcrden uns freuen auch Sie als Kunden begr\u00fc\u00dfen zu d\u00fcrfen.<\/strong><br \/><strong>Ihr Computer Station Team<\/strong><\/p><p><strong><img decoding=\"async\" class=\"alignnone size-medium wp-image-251\" src=\"https:\/\/cs-stadthagen.de\/wp-content\/uploads\/2018\/10\/LOGO_Computer-Station_small-300x112.png\" alt=\"\" width=\"300\" height=\"112\" srcset=\"https:\/\/www.cs-stadthagen.de\/wp-content\/uploads\/2018\/10\/LOGO_Computer-Station_small-300x112.png 300w, https:\/\/www.cs-stadthagen.de\/wp-content\/uploads\/2018\/10\/LOGO_Computer-Station_small-520x195.png 520w, https:\/\/www.cs-stadthagen.de\/wp-content\/uploads\/2018\/10\/LOGO_Computer-Station_small.png 620w\" sizes=\"(max-width: 300px) 100vw, 300px\" \/><\/strong><\/p>\t\t\t\t\t\t\t\t<\/div>\n\t\t\t\t<\/div>\n\t\t\t\t\t<\/div>\n\t\t<\/div>\n\t\t\t\t\t<\/div>\n\t\t<\/section>\n\t\t\t\t<\/div>\n\t\t","protected":false},"excerpt":{"rendered":"<p>Die Computer Station Stadthagen hat es sich zur Aufgabe gesetzt, Kunden problemorientiert und individuell zu beraten. Unser Gesch\u00e4ft besteht schon \u00fcber 10 Jahre und erfreut sich eines festen Kundenstammes sowie der h\u00e4ufigen Zusammenarbeit mit vielen<a class=\"read-more\" href=\"https:\/\/www.cs-stadthagen.de\/?page_id=1941\">Continue reading<\/a><\/p>\n","protected":false},"author":6,"featured_media":0,"parent":0,"menu_order":0,"comment_status":"closed","ping_status":"closed","template":"page-templates\/page_fullwidth.php","meta":{"footnotes":""},"class_list":["post-1941","page","type-page","status-publish","hentry"],"_links":{"self":[{"href":"https:\/\/www.cs-stadthagen.de\/index.php?rest_route=\/wp\/v2\/pages\/1941"}],"collection":[{"href":"https:\/\/www.cs-stadthagen.de\/index.php?rest_route=\/wp\/v2\/pages"}],"about":[{"href":"https:\/\/www.cs-stadthagen.de\/index.php?rest_route=\/wp\/v2\/types\/page"}],"author":[{"embeddable":true,"href":"https:\/\/www.cs-stadthagen.de\/index.php?rest_route=\/wp\/v2\/users\/6"}],"replies":[{"embeddable":true,"href":"https:\/\/www.cs-stadthagen.de\/index.php?rest_route=%2Fwp%2Fv2%2Fcomments&post=1941"}],"version-history":[{"count":4,"href":"https:\/\/www.cs-stadthagen.de\/index.php?rest_route=\/wp\/v2\/pages\/1941\/revisions"}],"predecessor-version":[{"id":1953,"href":"https:\/\/www.cs-stadthagen.de\/index.php?rest_route=\/wp\/v2\/pages\/1941\/revisions\/1953"}],"wp:attachment":[{"href":"https:\/\/www.cs-stadthagen.de\/index.php?rest_route=%2Fwp%2Fv2%2Fmedia&parent=1941"}],"curies":[{"name":"wp","href":"https:\/\/api.w.org\/{rel}","templated":true}]}}