{"id":33,"date":"2018-08-08T09:32:40","date_gmt":"2018-08-08T09:32:40","guid":{"rendered":"http:\/\/cs-stadthagen.de\/?page_id=33"},"modified":"2021-10-18T13:53:34","modified_gmt":"2021-10-18T13:53:34","slug":"agb","status":"publish","type":"page","link":"https:\/\/www.cs-stadthagen.de\/?page_id=33","title":{"rendered":"AGB"},"content":{"rendered":"\t\t<div data-elementor-type=\"wp-post\" data-elementor-id=\"33\" class=\"elementor elementor-33\">\n\t\t\t\t\t\t<section class=\"elementor-section elementor-top-section elementor-element elementor-element-71b77f84 elementor-section-boxed elementor-section-height-default elementor-section-height-default\" data-id=\"71b77f84\" data-element_type=\"section\" data-e-type=\"section\">\n\t\t\t\t\t\t<div class=\"elementor-container elementor-column-gap-default\">\n\t\t\t\t\t<div class=\"elementor-column elementor-col-100 elementor-top-column elementor-element elementor-element-1e313d70\" data-id=\"1e313d70\" data-element_type=\"column\" data-e-type=\"column\">\n\t\t\t<div class=\"elementor-widget-wrap elementor-element-populated\">\n\t\t\t\t\t\t<div class=\"elementor-element elementor-element-2c2a766d elementor-widget elementor-widget-text-editor\" data-id=\"2c2a766d\" data-element_type=\"widget\" data-e-type=\"widget\" data-widget_type=\"text-editor.default\">\n\t\t\t\t<div class=\"elementor-widget-container\">\n\t\t\t\t\t\t\t\t\t<blockquote><p><b>1. Allgemeines<\/b><br \/>a.) Unseren Lieferungen und Leistungen, auch k\u00fcnftigen, liegen ausschlie\u00dflich die nachfolgenden Gesch\u00e4ftsbedingungen zugrunde. Abweichende Vereinbarungen bed\u00fcrfen der Schriftform.<br \/>b.) Wir verweisen auf Aush\u00e4nge in unserem Ladenlokal. Diese erg\u00e4nzen unsere Gesch\u00e4ftsbedingungen und sind automatisch Bestandteil von diesen.<br \/>c.) S\u00e4mtliche Angaben hinsichtlich der von uns vertriebenen Ger\u00e4te in Produktbeschreibungen, Prospekten o.\u00e4. sind dahingehend freibleibend. Im \u00dcbrigen gelten die von Computer Station bei Kauf der Ware schriftlich zugesicherten Produkteigenschaften als verbindlich.<\/p><p><br \/><b>2. Eigentumsvorbehalt<\/b><br \/>Die verkaufte und gelieferte Ware bleibt bis zur vollst\u00e4ndigen Zahlung des Kaufpreises und bis zur Abdeckung aller Nebenforderungen in unserem Eigentum. Bis zur vollst\u00e4ndigen Zahlung verwahrt der K\u00e4ufer die Ware f\u00fcr uns. Bei vertragswidrigem Verhalten des K\u00e4ufers, insbesondere bei Zahlungsverzug, sind wir berechtigt, die Kaufsache zur\u00fcckzunehmen und Schadensersatz vom K\u00e4ufer zu fordern. Darin liegt kein R\u00fccktritt vom Vertrag, es sei denn, wir h\u00e4tten dies ausdr\u00fccklich schriftlich erkl\u00e4rt.<\/p><p><br \/><b>3. Liefertermine, Verzug, Gefahren\u00fcbergang<\/b><br \/>a.) Verbindliche Liefertermine m\u00fcssen schriftlich vereinbart werden. Sie setzen die Kl\u00e4rung technischer Fragen und Selbstbelieferung voraus. Geraten wir aus Gr\u00fcnden, die wir zu vertreten haben, in Lieferverzug, so ist der Besteller berechtigt, entsprechend den gesetzlichen Bestimmungen vom Vertrag zur\u00fcckzutreten, nachdem er schriftlich eine angemessene Frist zur Leistung oder Nacherf\u00fcllung von mindestens 2 Wochen bestimmt hat und diese erfolglos verlaufen ist. Ein R\u00fccktritt ist ausgeschlossen bei unerheblicher Pflichtverletzung oder bereits erfolgter Teillieferung.<br \/>b.) Wir sind zu Teillieferungen berechtigt. Soweit Versendung oder \u00dcbergabe der Ware erfolgt, geschieht dies nach unserer freien Wahl. \u00dcbernahme von Fracht und Versendung durch uns erfolgt nur bei besonderer schriftlicher Vereinbarung. Wir sind berechtigt, jedoch nicht verpflichtet, die Ware auf Kosten des Bestellers zu versichern.<\/p><p><br \/><b>4. Abnahmeverzug<\/b><br \/>a.) Nimmt der Besteller die verkaufte Ware nicht ab, so k\u00f6nnen wir entweder auf Abnahme bestehen oder stattdessen Schadenersatz verlangen, wobei der Nachweis, dass ein niedrigerer oder gar kein Schaden entstanden ist, dem K\u00e4ufer vorbehalten bleibt.<br \/>b.) Zur\u00fcckbehaltungsanspr\u00fcche stehen dem K\u00e4ufer nur zu soweit sein Gegenanspruch auf dem gleichen Vertragsverh\u00e4ltnis beruht. Die Aufrechnung ist ausgeschlossen, au\u00dfer die Gegenanspr\u00fcche sind rechtskr\u00e4ftig gestellt, unbestritten oder von uns anerkannt.<\/p><p><br \/><b>5. Zahlungsziel<\/b><br \/>a.) Unsere Rechnungen\/Kassenbelege sind vorbehaltlich einer anderweitigen schriftlichen Vereinbarung sofort f\u00e4llig und netto ohne jeden Abzug zu zahlen.<br \/>b.) Im Verzugsfall werden s\u00e4mtliche anderen offenen Rechnungen des K\u00e4ufers f\u00e4llig, gleichg\u00fcltig, welche besonderen Zahlungsbedingungen auch vereinbart wurden.<\/p><p><br \/><b>6. Gefahren\u00fcbergang<\/b><br \/>Mit der Versendung, mit \u00dcbergabe an den Transporteur oder der \u00dcbergabe an den K\u00e4ufer geht die Gefahr auf den K\u00e4ufer \u00fcber, unabh\u00e4ngig von der Tatsache, wer die Transportkosten tr\u00e4gt.<\/p><p><br \/><b>7. Gew\u00e4hrleistungsbedingungen<\/b><br \/>a.) Die Gew\u00e4hrleistungsfrist betr\u00e4gt entsprechend der gesetzlichen Regelung 24 Monate. Bei Gebrauchtwaren wird die Gew\u00e4hrleistungsfrist auf 7 Tage begrenzt.<br \/>Gew\u00e4hrleistungsanspr\u00fcche treffen nur zu, wenn es sich um einen Sachmangel der Kaufsache zum Zeitpunkt des Kaufs handelt und dieser uns unverz\u00fcglich nach Feststellung des Mangels angezeigt wird. Erf\u00fcllungsort f\u00fcr Gew\u00e4hrleistungsanspr\u00fcche ist stets der Ort des Gefahren\u00fcbergangs an den K\u00e4ufer oder dessen Beauftragten beim Verkauf der Ware.<br \/>b.) Bei M\u00e4ngeln an der Ware ist das Gew\u00e4hrleistungsrecht der K\u00e4ufers erstrangig auf Nachbesserung oder kostenlose Ersatzlieferung begrenzt. Die Computer Station beh\u00e4lt sich dabei die Wahl der aus seiner Sicht g\u00fcnstigsten Variante vor. Ausgenommen von der Gew\u00e4hrleistung sind M\u00e4ngel infolge Verschlei\u00dferscheinungen, welches insbesondere f\u00fcr Verschlei\u00dfteile wie Druckk\u00f6pfe, Toner, Tintenpatronen und andere Verschlei\u00dfmaterialien zutrifft sowie M\u00e4ngel infolge unsachgem\u00e4\u00dfem Gebrauch, Fremdeinwirkung oder h\u00f6herer Gewalt. \u00dcbrigens gelten die von Computer Station bei Kauf der Ware schriftlich zugesicherten Produkteigenschaften als verbindlich.<br \/>c.) Software, Komponenten oder andere Waren, welche in beim K\u00e4ufer bereits existierende Hardware durch diesen oder Dritte aufgespielt, eingebaut oder anderweitig integriert werden und dadurch zu Kompatibilit\u00e4tsproblemen oder Fehlfunktionen f\u00fchren, sind von der Gew\u00e4hrleistung ausgeschlossen. F\u00fcr ge\u00f6ffnete Software und der damit verbundenen Anerkennung der Lizenzbestimmungen des jeweiligen Softwareherstellers erfolgt keine Nacherf\u00fcllung oder R\u00fccktritt.<br \/>d.) Die Gew\u00e4hrleistung erlischt bei Eingriffen, Reparaturen oder Reparaturversuchen des K\u00e4ufers oder nicht autorisierter Dritter, die den Sachmangel dadurch zur Folge haben. Die Abtretung von Gew\u00e4hrleistungsanspr\u00fcchen ist ausgeschlossen. Ersetzte Teile gehen in unser Eigentum \u00fcber.<br \/>e.) Die Geltendmachung von Schadenersatzanspr\u00fcchen ist erst nach erfolgloser M\u00e4ngelbeseitigung oder Ersatzlieferung und einer nachfolgenden schriftlichen Fristsetzung zur Realisierung der Leistung m\u00f6glich. Folgesch\u00e4den, die aus Gew\u00e4hrleistungsm\u00e4ngeln resultieren, sind von Schadenersatzanspr\u00fcchen ausgeschlossen. Insbesondere haften wir nicht f\u00fcr entgangenen Gewinn oder sonstige Verm\u00f6genssch\u00e4den des K\u00e4ufers, sowie z. B. f\u00fcr Verlust von Aufzeichnungen auf Datentr\u00e4gern, Defekte bei Ansteuerung peripherer Prozesse u.\u00e4.<br \/>f.) Der K\u00e4ufer ist verpflichtet, der Computer Station offensichtliche M\u00e4ngel innerhalb von 7 Tagen nach Abholung, \u00dcbergabe oder Zustellung anzuzeigen. Geschieht dies nicht, gilt die Ware als genehmigt.<br \/>g.) W\u00e4hrend einer f\u00fcr den K\u00e4ufer zumutbaren M\u00e4ngelbeseitigungsdauer hat dieser keinen Anspruch auf kostenlose Austauschger\u00e4te.<br \/>h.) Beim Verkauf von Software mit Hardware im Paket gilt der Kauf als einheitlicher Kaufvertrag.<br \/>i.) Soweit unsere Haftung ausgeschlossen oder beschr\u00e4nkt ist, gilt dies auch f\u00fcr die pers\u00f6nliche Haftung unserer Angestellten, Arbeitnehmer, Mitarbeiter, Vertreter und Erf\u00fcllungsgehilfen.<br \/>j.) Soweit nicht anders schriftlich vereinbart ist der K\u00e4ufer verpflichtet, seine defekte Ware zur Nacherf\u00fcllung in unser Ladengesch\u00e4ft zu bringen und dort nach erfolgter Nacherf\u00fcllung wieder abzuholen.<br \/>k.) Im Falle der M\u00e4ngelbeseitigung haften wir nicht f\u00fcr eventuellen Verlust oder Besch\u00e4digung von auf eingebauten Datentr\u00e4gern befindlichen Daten oder Software.<br \/>l.) Die Computer Station haftet grunds\u00e4tzlich nicht f\u00fcr Transport-, Versand- oder Lagerungssch\u00e4den.<br \/>m.) Die Gew\u00e4hrleistung\/Zusatzgarantie verl\u00e4ngert sich nicht nach hinten um die Dauer der durchgef\u00fchrten M\u00e4ngelbeseitigung.<\/p><p><br \/><b>8. Gebrauchte Ware<\/b><br \/>Beim Verkauf von gebrauchter Ware gilt eine Gew\u00e4hrleistungsfrist von 7 Tagen.<\/p><p><br \/><b>9. Erf\u00fcllungsort, Gerichtsstand<\/b><br \/>Salvatorische Klausel:<br \/><b>10. Sofern einzelne Klauseln der vorstehenden Nutzungsbedingungen ganz oder teilweise unwirksam sein sollten, bleibt die Wirksamkeit der \u00fcbrigen Nutzungsbedingungen hiervon unber\u00fchrt. Die unwirksame Bestimmung gilt durch eine solche ersetzt, die dem Sinn und Zweck der unwirksamen Bestimmung in rechtswirksamer Weise wirtschaftlich am n\u00e4chsten kommt. Gleiches gilt f\u00fcr eventuelle Regelungsl\u00fccken.<\/b><br \/><b>Gerichtsstand und Erf\u00fcllungsort ist die Stadt Stadthagen, sofern nicht anders vereinbart.<\/b><br \/><i>Stadthagen, den 14.05.2007<br \/>Computer Station e. Kfm.<br \/>Inhaber Mustafa \u00d6zata<\/i><\/p><\/blockquote>\t\t\t\t\t\t\t\t<\/div>\n\t\t\t\t<\/div>\n\t\t\t\t\t<\/div>\n\t\t<\/div>\n\t\t\t\t\t<\/div>\n\t\t<\/section>\n\t\t\t\t<\/div>\n\t\t","protected":false},"excerpt":{"rendered":"<p>1. Allgemeinesa.) Unseren Lieferungen und Leistungen, auch k\u00fcnftigen, liegen ausschlie\u00dflich die nachfolgenden Gesch\u00e4ftsbedingungen zugrunde. Abweichende Vereinbarungen bed\u00fcrfen der Schriftform.b.) Wir verweisen auf Aush\u00e4nge in unserem Ladenlokal. Diese erg\u00e4nzen unsere Gesch\u00e4ftsbedingungen und sind automatisch Bestandteil von<a class=\"read-more\" href=\"https:\/\/www.cs-stadthagen.de\/?page_id=33\">Continue reading<\/a><\/p>\n","protected":false},"author":1,"featured_media":0,"parent":0,"menu_order":0,"comment_status":"closed","ping_status":"closed","template":"page-templates\/page_fullwidth.php","meta":{"footnotes":""},"class_list":["post-33","page","type-page","status-publish","hentry"],"_links":{"self":[{"href":"https:\/\/www.cs-stadthagen.de\/index.php?rest_route=\/wp\/v2\/pages\/33"}],"collection":[{"href":"https:\/\/www.cs-stadthagen.de\/index.php?rest_route=\/wp\/v2\/pages"}],"about":[{"href":"https:\/\/www.cs-stadthagen.de\/index.php?rest_route=\/wp\/v2\/types\/page"}],"author":[{"embeddable":true,"href":"https:\/\/www.cs-stadthagen.de\/index.php?rest_route=\/wp\/v2\/users\/1"}],"replies":[{"embeddable":true,"href":"https:\/\/www.cs-stadthagen.de\/index.php?rest_route=%2Fwp%2Fv2%2Fcomments&post=33"}],"version-history":[{"count":7,"href":"https:\/\/www.cs-stadthagen.de\/index.php?rest_route=\/wp\/v2\/pages\/33\/revisions"}],"predecessor-version":[{"id":1453,"href":"https:\/\/www.cs-stadthagen.de\/index.php?rest_route=\/wp\/v2\/pages\/33\/revisions\/1453"}],"wp:attachment":[{"href":"https:\/\/www.cs-stadthagen.de\/index.php?rest_route=%2Fwp%2Fv2%2Fmedia&parent=33"}],"curies":[{"name":"wp","href":"https:\/\/api.w.org\/{rel}","templated":true}]}}