{"id":35,"date":"2018-08-08T09:33:05","date_gmt":"2018-08-08T09:33:05","guid":{"rendered":"http:\/\/cs-stadthagen.de\/?page_id=35"},"modified":"2020-04-27T10:41:52","modified_gmt":"2020-04-27T10:41:52","slug":"dsvo","status":"publish","type":"page","link":"https:\/\/www.cs-stadthagen.de\/?page_id=35","title":{"rendered":"DSGVO"},"content":{"rendered":"\t\t<div data-elementor-type=\"wp-page\" data-elementor-id=\"35\" class=\"elementor elementor-35\">\n\t\t\t\t\t\t<section class=\"elementor-section elementor-top-section elementor-element elementor-element-d246b39 elementor-section-boxed elementor-section-height-default elementor-section-height-default\" data-id=\"d246b39\" data-element_type=\"section\" data-e-type=\"section\">\n\t\t\t\t\t\t<div class=\"elementor-container elementor-column-gap-default\">\n\t\t\t\t\t<div class=\"elementor-column elementor-col-100 elementor-top-column elementor-element elementor-element-1fe11e3\" data-id=\"1fe11e3\" data-element_type=\"column\" data-e-type=\"column\">\n\t\t\t<div class=\"elementor-widget-wrap elementor-element-populated\">\n\t\t\t\t\t\t<div class=\"elementor-element elementor-element-057a594 elementor-widget elementor-widget-text-editor\" data-id=\"057a594\" data-element_type=\"widget\" data-e-type=\"widget\" data-widget_type=\"text-editor.default\">\n\t\t\t\t<div class=\"elementor-widget-container\">\n\t\t\t\t\t\t\t\t\t<div id=\"left-area\"><article id=\"post-941\" class=\"clearfix post-941 page type-page status-publish hentry\"><div class=\"post_content\"><div class=\"l-main\"><div class=\"l-main-h i-cf\"><section class=\"l-section wpb_row height_medium\"><div class=\"l-section-h i-cf\"><div class=\"g-cols vc_row type_default valign_top\"><div class=\"vc_col-sm-12 wpb_column vc_column_container\"><div class=\"vc_column-inner\"><div class=\"wpb_wrapper\"><div class=\"wpb_text_column \"><div class=\"wpb_wrapper\"><h2>Angaben gem\u00e4\u00df \u00a7 5 TMG:<\/h2><h3><a href=\"https:\/\/www.ferienwohnung-sorpesee.de\/\">www.cs-stadthagen.de<\/a><\/h3><h2>Kontakt:<\/h2><blockquote><div class=\"elementor-element elementor-element-f9aac44 elementor-column elementor-col-33 elementor-top-column\" data-id=\"f9aac44\" data-element_type=\"column\"><div class=\"elementor-column-wrap elementor-element-populated\"><div class=\"elementor-widget-wrap\"><div class=\"elementor-element elementor-element-8eec3a8 elementor-widget elementor-widget-text-editor\" data-id=\"8eec3a8\" data-element_type=\"widget\" data-widget_type=\"text-editor.default\"><div class=\"elementor-widget-container\"><div class=\"elementor-text-editor elementor-clearfix\"><p><strong>Computer Station<\/strong><br \/>Echternstra\u00dfe 7<br \/>31655 Stadthagen<\/p><p><b>Telefon:\u00a0\u00a005721 \/ 980 079 <br \/><\/b><b>Telefax:\u00a0\u00a005721 \/ 980 075 2<\/b><strong><br \/>E-Mail:\u00a0\u00a0\u00a0<\/strong><a href=\"mailto:m.oezata@ce-stadthagen.de\"><strong>m.oezata@cs-stadthagen.de<\/strong><\/a><strong><br \/>Internet:\u00a0\u00a0<\/strong><a href=\"https:\/\/www.cs-stadthagen.de\/impressum.php\"><strong>www.cs-stadthagen.de<\/strong><\/a><\/p><p><strong>Rechtliche Informationen:<\/strong><strong><br \/>Gesch\u00e4ftsf\u00fchrer:\u00a0Mustafa \u00d6zata e. Kfm.<br \/>Rechtsform:\u00a0Einzelunternehmen<\/strong><strong><br \/>Kammer:\u00a0IHK Hannover<br \/>Registerort:\u00a0Amtsgericht Stadthagen<\/strong><strong><br \/>Registernummer:\u00a0200110<br \/>Umsatzsteuer-ID:\u00a0DE-254654033<\/strong><\/p><\/div><\/div><\/div><\/div><\/div><\/div><\/blockquote><\/div><\/div><\/div><\/div><\/div><\/div><\/div><\/section><section class=\"l-section wpb_row height_medium\"><div class=\"l-section-h i-cf\"><div class=\"g-cols vc_row type_default valign_top\"><div class=\"vc_col-sm-12 wpb_column vc_column_container\"><div class=\"vc_column-inner\"><div class=\"wpb_wrapper\"><div class=\"wpb_text_column \"><div class=\"wpb_wrapper\"><h1>Haftungsausschluss (Disclaimer)<\/h1><h2>Haftung f\u00fcr Inhalte<\/h2><p>Als Diensteanbieter sind wir<br \/>gem\u00e4\u00df \u00a7 7 Abs.1 TMG f\u00fcr eigene Inhalte auf diesen Seiten nach den allgemeinen<br \/>Gesetzen verantwortlich. Nach \u00a7\u00a7 8 bis 10 TMG sind wir als Diensteanbieter jedoch nicht verpflichtet,<br \/>\u00fcbermittelte oder gespeicherte fremde Informationen zu \u00fcberwachen oder nach Umst\u00e4nden zu<br \/>forschen, die auf eine rechtswidrige T\u00e4tigkeit hinweisen.<\/p><p>Verpflichtungen zur Entfernung oder<br \/>Sperrung der Nutzung von Informationen nach den allgemeinen Gesetzen bleiben hiervon unber\u00fchrt. Eine<br \/>diesbez\u00fcgliche Haftung ist jedoch erst ab dem Zeitpunkt der Kenntnis einer konkreten Rechtsverletzung<br \/>m\u00f6glich. Bei Bekanntwerden von entsprechenden Rechtsverletzungen werden wir diese Inhalte umgehend<br \/>entfernen.<\/p><h2>Haftung f\u00fcr Links<\/h2><p>Unser Angebot enth\u00e4lt Links zu externen Webseiten<br \/>Dritter, auf deren Inhalte wir keinen Einfluss haben. Deshalb k\u00f6nnen wir f\u00fcr diese fremden Inhalte<br \/>auch keine Gew\u00e4hr \u00fcbernehmen. F\u00fcr die Inhalte der verlinkten Seiten ist stets der jeweilige<br \/>Anbieter oder Betreiber der Seiten verantwortlich. Die verlinkten Seiten wurden zum Zeitpunkt der Verlinkung auf<br \/>m\u00f6gliche Rechtsverst\u00f6\u00dfe \u00fcberpr\u00fcft. Rechtswidrige Inhalte waren zum Zeitpunkt der<br \/>Verlinkung nicht erkennbar.<\/p><p>Eine permanente inhaltliche Kontrolle der verlinkten Seiten ist jedoch ohne<br \/>konkrete Anhaltspunkte einer Rechtsverletzung nicht zumutbar. Bei Bekanntwerden von Rechtsverletzungen<br \/>werden wir derartige Links umgehend entfernen.<\/p><h2>Urheberrecht<\/h2><p>Die durch die Seitenbetreiber<br \/>erstellten Inhalte und Werke auf diesen Seiten unterliegen dem deutschen Urheberrecht. Die<br \/>Vervielf\u00e4ltigung, Bearbeitung, Verbreitung und jede Art der Verwertung au\u00dferhalb der Grenzen des<br \/>Urheberrechtes bed\u00fcrfen der schriftlichen Zustimmung des jeweiligen Autors bzw. Erstellers. Downloads<br \/>und Kopien dieser Seite sind nur f\u00fcr den privaten, nicht kommerziellen Gebrauch gestattet.<\/p><p>Soweit<br \/>die Inhalte auf dieser Seite nicht vom Betreiber erstellt wurden, werden die Urheberrechte Dritter beachtet.<br \/>Insbesondere werden Inhalte Dritter als solche gekennzeichnet. Sollten Sie trotzdem auf eine<br \/>Urheberrechtsverletzung aufmerksam werden, bitten wir um einen entsprechenden Hinweis. Bei Bekanntwerden<br \/>von Rechtsverletzungen werden wir derartige Inhalte umgehend entfernen.<\/p><\/div><\/div><\/div><\/div><\/div><\/div><\/div><\/section><section class=\"l-section wpb_row height_medium\"><div class=\"l-section-h i-cf\"><div class=\"g-cols vc_row type_default valign_top\"><div class=\"vc_col-sm-12 wpb_column vc_column_container\"><div class=\"vc_column-inner\"><div class=\"wpb_wrapper\"><div class=\"wpb_text_column \"><div class=\"wpb_wrapper\"><h1>Datenschutzerkl\u00e4rung<\/h1><h2>Datenschutz<\/h2><p>Die Betreiber dieser Seiten nehmen den<br \/>Schutz Ihrer pers\u00f6nlichen Daten sehr ernst. Wir behandeln Ihre personenbezogenen Daten vertraulich und<br \/>entsprechend der gesetzlichen Datenschutzvorschriften sowie dieser Datenschutzerkl\u00e4rung.<\/p><p>Die<br \/>Nutzung unserer Webseite ist in der Regel ohne Angabe personenbezogener Daten m\u00f6glich. Soweit auf<br \/>unseren Seiten personenbezogene Daten (beispielsweise Name, Anschrift oder E-Mail-Adressen) erhoben<br \/>werden, erfolgt dies, soweit m\u00f6glich, stets auf freiwilliger Basis. Diese Daten werden ohne Ihre<br \/>ausdr\u00fcckliche Zustimmung nicht an Dritte weitergegeben.<\/p><p>Wir weisen darauf hin, dass die<br \/>Daten\u00fcbertragung im Internet (z.B. bei der Kommunikation per E-Mail) Sicherheitsl\u00fccken aufweisen<br \/>kann. Ein l\u00fcckenloser Schutz der Daten vor dem Zugriff durch Dritte ist nicht<br \/>m\u00f6glich.<\/p><h2>Cookies<\/h2><p>Die Internetseiten verwenden teilweise so genannte<br \/>Cookies. Cookies richten auf Ihrem Rechner keinen Schaden an und enthalten keine Viren. Cookies dienen<br \/>dazu, unser Angebot nutzerfreundlicher, effektiver und sicherer zu machen. Cookies sind kleine Textdateien, die<br \/>auf Ihrem Rechner abgelegt werden und die Ihr Browser speichert.<\/p><p>Die meisten der von uns<br \/>verwendeten Cookies sind so genannte \u201eSession-Cookies\u201c. Sie werden nach Ende Ihres Besuchs automatisch<br \/>gel\u00f6scht. Andere Cookies bleiben auf Ihrem Endger\u00e4t gespeichert, bis Sie diese l\u00f6schen. Diese<br \/>Cookies erm\u00f6glichen es uns, Ihren Browser beim n\u00e4chsten Besuch wiederzuerkennen.<\/p><p>Sie<br \/>k\u00f6nnen Ihren Browser so einstellen, dass Sie \u00fcber das Setzen von Cookies informiert werden und<br \/>Cookies nur im Einzelfall erlauben, die Annahme von Cookies f\u00fcr bestimmte F\u00e4lle oder generell<br \/>ausschlie\u00dfen sowie das automatische L\u00f6schen der Cookies beim Schlie\u00dfen des Browser<br \/>aktivieren. Bei der Deaktivierung von Cookies kann die Funktionalit\u00e4t dieser Website eingeschr\u00e4nkt<br \/>sein.<\/p><h2>Kontaktformular<\/h2><p>Wenn Sie uns per Kontaktformular Anfragen zukommen<br \/>lassen, werden Ihre Angaben aus dem Anfrageformular inklusive der von Ihnen dort angegebenen Kontaktdaten<br \/>zwecks Bearbeitung der Anfrage und f\u00fcr den Fall von Anschlussfragen bei uns gespeichert. Diese Daten<br \/>geben wir nicht ohne Ihre Einwilligung weiter.<\/p><h2>Newsletterdaten<\/h2><p>Wenn Sie den<br \/>auf der Webseite angebotenen Newsletter beziehen m\u00f6chten, ben\u00f6tigen wir von Ihnen eine E-Mail-<br \/>Adresse sowie Informationen, welche uns die \u00dcberpr\u00fcfung gestatten, dass Sie der Inhaber der<br \/>angegebenen E-Mail-Adresse sind und mit dem Empfang des Newsletters einverstanden sind. Weitere Daten<br \/>werden nicht erhoben. Diese Daten verwenden wir ausschlie\u00dflich f\u00fcr den Versand der angeforderten<br \/>Informationen und geben sie nicht an Dritte weiter.<\/p><p>Die erteilte Einwilligung zur Speicherung der Daten,<br \/>der E-Mail-Adresse sowie deren Nutzung zum Versand des Newsletters k\u00f6nnen Sie jederzeit widerrufen,<br \/>etwa \u00fcber den \u201cAustragen\u201d-Link im Newsletter.<\/p><h2>Datenschutzerkl\u00e4rung<br \/>f\u00fcr die Nutzung von Google Analytics<\/h2><p>Diese Website nutzt Funktionen des Webanalysedienstes<br \/>Google Analytics. Anbieter ist die Google Inc., 1600 Amphitheatre Parkway Mountain View, CA 94043, USA.<\/p><p>Google Analytics verwendet so genannte \u201cCookies\u201d. Das sind Textdateien, die auf Ihrem Computer<br \/>gespeichert werden und die eine Analyse der Benutzung der Website durch Sie erm\u00f6glichen. Die durch<br \/>den Cookie erzeugten Informationen \u00fcber Ihre Benutzung dieser Website werden in der Regel an einen<br \/>Server von Google in den USA \u00fcbertragen und dort gespeichert.<\/p><p>Mehr Informationen zum Umgang<br \/>mit Nutzerdaten bei Google Analytics finden Sie in der Datenschutzerkl\u00e4rung von Google: <a href=\"https:\/\/support.google.com\/analytics\/answer\/6004245?hl=de\">https:\/\/support.google.com\/analytics\/answer\/6004245?<\/a><\/p><p><strong>Browser Plugin<\/strong><\/p><p>Sie k\u00f6nnen die Speicherung der Cookies durch eine<br \/>entsprechende Einstellung Ihrer Browser-Software verhindern; wir weisen Sie jedoch darauf hin, dass Sie in<br \/>diesem Fall gegebenenfalls nicht s\u00e4mtliche Funktionen dieser Website vollumf\u00e4nglich werden nutzen<br \/>k\u00f6nnen. Sie k\u00f6nnen dar\u00fcber hinaus die Erfassung der durch den Cookie erzeugten und auf<br \/>Ihre Nutzung der Website bezogenen Daten (inkl. Ihrer IP-Adresse) an Google sowie die Verarbeitung dieser<br \/>Daten durch Google verhindern, indem Sie das unter dem folgenden Link verf\u00fcgbare Browser-Plugin<br \/>herunterladen und installieren: <a href=\"https:\/\/tools.google.com\/dlpage\/gaoptout?hl=de\">https:\/\/tools.google.com\/dlpage\/gaoptout?hl=de<\/a><\/p><p><strong>Widerspruch gegen Datenerfassung<\/strong><\/p><p>Sie k\u00f6nnen die Erfassung Ihrer Daten<br \/>durch Google Analytics verhindern, indem Sie auf folgenden Link klicken. Es wird ein Opt-Out-Cookie gesetzt,<br \/>der die Erfassung Ihrer Daten bei zuk\u00fcnftigen Besuchen dieser Website verhindert: <a>Google Analytics deaktivieren<\/a><\/p><p><strong>Auftragsdatenverarbeitung<\/strong><\/p><p>Wir haben mit Google einen Vertrag zur<br \/>Auftragsdatenverarbeitung abgeschlossen und setzen die strengen Vorgaben der deutschen<br \/>Datenschutzbeh\u00f6rden bei der Nutzung von Google Analytics vollst\u00e4ndig um.<\/p><p><strong>IPAnonymisierung<\/strong><\/p><p>Wir nutzen die Funktion \u201cAktivierung der IP-Anonymisierung\u201d auf<br \/>dieser Webseite. Dadurch wird Ihre IP-Adresse von Google jedoch innerhalb von Mitgliedstaaten der<br \/>Europ\u00e4ischen Union oder in anderen Vertragsstaaten des Abkommens \u00fcber den Europ\u00e4ischen<br \/>Wirtschaftsraum zuvor gek\u00fcrzt. Nur in Ausnahmef\u00e4llen wird die volle IP-Adresse an einen Server von<br \/>Google in den USA \u00fcbertragen und dort gek\u00fcrzt. Im Auftrag des Betreibers dieser Website wird<br \/>Google diese Informationen benutzen, um Ihre Nutzung der Website auszuwerten, um Reports \u00fcber die<br \/>Websiteaktivit\u00e4ten zusammenzustellen und um weitere mit der Websitenutzung und der Internetnutzung<br \/>verbundene Dienstleistungen gegen\u00fcber dem Websitebetreiber zu erbringen. Die im Rahmen von Google<br \/>Analytics von Ihrem Browser \u00fcbermittelte IP-Adresse wird nicht mit anderen Daten von Google<br \/>zusammengef\u00fchrt.<\/p><h2>Datenschutzerkl\u00e4rung f\u00fcr die Nutzung von<br \/>Facebook-Plugins (Like-Button)<\/h2><p>Auf unseren Seiten sind Plugins des sozialen Netzwerks Facebook,<br \/>Anbieter Facebook Inc., 1 Hacker Way, Menlo Park, California 94025, USA, integriert. Die Facebook-Plugins<br \/>erkennen Sie an dem Facebook-Logo oder dem \u201cLike-Button\u201d (\u201cGef\u00e4llt mir\u201d) auf unserer Seite. Eine<br \/>\u00dcbersicht \u00fcber die Facebook-Plugins finden Sie hier: <a href=\"http:\/\/developers.facebook.com\/docs\/plugins\/\">http:\/\/developers.facebook.com\/docs\/plugins\/<\/a>.<\/p><p>Wenn Sie unsere Seiten besuchen, wird \u00fcber das Plugin eine direkte Verbindung zwischen Ihrem<br \/>Browser und dem Facebook-Server hergestellt. Facebook erh\u00e4lt dadurch die Information, dass Sie mit<br \/>Ihrer IP-Adresse unsere Seite besucht haben. Wenn Sie den Facebook \u201cLike-Button\u201d anklicken w\u00e4hrend<br \/>Sie in Ihrem Facebook-Account eingeloggt sind, k\u00f6nnen Sie die Inhalte unserer Seiten auf Ihrem<br \/>Facebook-Profil verlinken. Dadurch kann Facebook den Besuch unserer Seiten Ihrem Benutzerkonto zuordnen.<br \/>Wir weisen darauf hin, dass wir als Anbieter der Seiten keine Kenntnis vom Inhalt der \u00fcbermittelten Daten<br \/>sowie deren Nutzung durch Facebook erhalten. Weitere Informationen hierzu finden Sie in der<br \/>Datenschutzerkl\u00e4rung von Facebook unter <a href=\"http:\/\/de-de.facebook.com\/policy.php\">http:\/\/dede.<br \/>facebook.com\/policy.php<\/a>.<\/p><p>Wenn Sie nicht w\u00fcnschen, dass Facebook den Besuch unserer<br \/>Seiten Ihrem Facebook-Nutzerkonto zuordnen kann, loggen Sie sich bitte aus Ihrem Facebook-Benutzerkonto<br \/>aus.<\/p><h2>Datenschutzerkl\u00e4rung f\u00fcr die Nutzung von Instagram<\/h2><p>Auf<br \/>unseren Seiten sind Funktionen des Dienstes Instagram eingebunden. Diese Funktionen werden angeboten<br \/>durch die Instagram Inc., 1601 Willow Road, Menlo Park, CA, 94025, USA integriert. Wenn Sie in Ihrem<br \/>Instagram-Account eingeloggt sind k\u00f6nnen Sie durch Anklicken des Instagram-Buttons die Inhalte unserer<br \/>Seiten mit Ihrem Instagram-Profil verlinken. Dadurch kann Instagram den Besuch unserer Seiten Ihrem<br \/>Benutzerkonto zuordnen. Wir weisen darauf hin, dass wir als Anbieter der Seiten keine Kenntnis vom Inhalt der<br \/>u?bermittelten Daten sowie deren Nutzung durch Instagram erhalten.<\/p><p>Weitere Informationen hierzu<br \/>finden Sie in der Datenschutzerkl\u00e4rung von Instagram: <a href=\"http:\/\/instagram.com\/about\/legal\/privacy\/\">http:\/\/instagram.com\/about\/legal\/privacy\/<\/a><\/p><h2>Datenschutzerkl\u00e4rung f\u00fcr die Nutzung von Pinterest<\/h2><p>Auf unserer Seite verwenden wir<br \/>Social Plugins des sozialen Netzwerkes Pinterest, das von der Pinterest Inc., 808 Brannan Street San Francisco,<br \/>CA 94103-490, USA (\u201cPinterest\u201d) betrieben wird. Wenn Sie eine Seite aufrufen, die ein solches Plugin<br \/>enth\u00e4lt, stellt Ihr Browser eine direkte Verbindung zu den Servern von Pinterest her. Das Plugin<br \/>\u00fcbermittelt dabei Protokolldaten an den Server von Pinterest in die USA. Diese Protokolldaten enthalten<br \/>m\u00f6glicherweise Ihre IP-Adresse, die Adresse der besuchten Websites, die ebenfalls Pinterest-Funktionen<br \/>enthalten, Art und Einstellungen des Browsers, Datum und Zeitpunkt der Anfrage, Ihre Verwendungsweise von<br \/>Pinterest sowie Cookies.<\/p><p>Weitere Informationen zu Zweck, Umfang und weiterer Verarbeitung und<br \/>Nutzung der Daten durch Pinterest sowie Ihre diesbez\u00fcglichen Rechte und M\u00f6glichkeiten zum<br \/>Schutz Ihrer Privatsph\u00e4re finden Sie in den den Datenschutzhinweisen von Pinterest: <a href=\"https:\/\/about.pinterest.com\/de\/privacy-policy\">https:\/\/about.pinterest.com\/de\/privacypolicy<\/a><\/p><p>Quelle: <em><a href=\"https:\/\/www.erecht24. de\">https:\/\/www.e-recht24.de<\/a><\/em><\/p><\/div><\/div><\/div><\/div><\/div><\/div><\/div><\/section><\/div><\/div><\/div><\/article><\/div>\t\t\t\t\t\t\t\t<\/div>\n\t\t\t\t<\/div>\n\t\t\t\t\t<\/div>\n\t\t<\/div>\n\t\t\t\t\t<\/div>\n\t\t<\/section>\n\t\t\t\t<\/div>\n\t\t","protected":false},"excerpt":{"rendered":"<p>Angaben gem\u00e4\u00df \u00a7 5 TMG: www.cs-stadthagen.de Kontakt: Computer Station Echternstra\u00dfe 7 31655 Stadthagen Telefon:&nbsp;&nbsp;05721 \/ 980 079 Telefax:&nbsp;&nbsp;05721 \/ 980 075 2 E-Mail:&nbsp;&nbsp;&nbsp;m.oezata@cs-stadthagen.de Internet:&nbsp;&nbsp;www.cs-stadthagen.de Rechtliche Informationen: Gesch\u00e4ftsf\u00fchrer:&nbsp;Mustafa \u00d6zata e. Kfm. Rechtsform:&nbsp;Einzelunternehmen Kammer:&nbsp;IHK Hannover Registerort:&nbsp;Amtsgericht Stadthagen<a class=\"read-more\" href=\"https:\/\/www.cs-stadthagen.de\/?page_id=35\">Continue reading<\/a><\/p>\n","protected":false},"author":1,"featured_media":0,"parent":0,"menu_order":0,"comment_status":"closed","ping_status":"closed","template":"page-templates\/page_fullwidth.php","meta":{"footnotes":""},"class_list":["post-35","page","type-page","status-publish","hentry"],"_links":{"self":[{"href":"https:\/\/www.cs-stadthagen.de\/index.php?rest_route=\/wp\/v2\/pages\/35"}],"collection":[{"href":"https:\/\/www.cs-stadthagen.de\/index.php?rest_route=\/wp\/v2\/pages"}],"about":[{"href":"https:\/\/www.cs-stadthagen.de\/index.php?rest_route=\/wp\/v2\/types\/page"}],"author":[{"embeddable":true,"href":"https:\/\/www.cs-stadthagen.de\/index.php?rest_route=\/wp\/v2\/users\/1"}],"replies":[{"embeddable":true,"href":"https:\/\/www.cs-stadthagen.de\/index.php?rest_route=%2Fwp%2Fv2%2Fcomments&post=35"}],"version-history":[{"count":8,"href":"https:\/\/www.cs-stadthagen.de\/index.php?rest_route=\/wp\/v2\/pages\/35\/revisions"}],"predecessor-version":[{"id":889,"href":"https:\/\/www.cs-stadthagen.de\/index.php?rest_route=\/wp\/v2\/pages\/35\/revisions\/889"}],"wp:attachment":[{"href":"https:\/\/www.cs-stadthagen.de\/index.php?rest_route=%2Fwp%2Fv2%2Fmedia&parent=35"}],"curies":[{"name":"wp","href":"https:\/\/api.w.org\/{rel}","templated":true}]}}