{"id":377,"date":"2019-02-20T16:24:30","date_gmt":"2019-02-20T16:24:30","guid":{"rendered":"http:\/\/cs-stadthagen.de\/?page_id=377"},"modified":"2020-12-03T11:25:16","modified_gmt":"2020-12-03T11:25:16","slug":"audiobearbeitung","status":"publish","type":"page","link":"https:\/\/www.cs-stadthagen.de\/?page_id=377","title":{"rendered":"Audiobearbeitung"},"content":{"rendered":"\t\t<div data-elementor-type=\"wp-post\" data-elementor-id=\"377\" class=\"elementor elementor-377\">\n\t\t\t\t\t\t<section class=\"elementor-section elementor-top-section elementor-element elementor-element-2fc93f3 elementor-section-boxed elementor-section-height-default elementor-section-height-default\" data-id=\"2fc93f3\" data-element_type=\"section\" data-e-type=\"section\">\n\t\t\t\t\t\t<div class=\"elementor-container elementor-column-gap-default\">\n\t\t\t\t\t<div class=\"elementor-column elementor-col-50 elementor-top-column elementor-element elementor-element-64ebe4f\" data-id=\"64ebe4f\" data-element_type=\"column\" data-e-type=\"column\">\n\t\t\t<div class=\"elementor-widget-wrap elementor-element-populated\">\n\t\t\t\t\t\t<div class=\"elementor-element elementor-element-ac010ae elementor-widget elementor-widget-text-editor\" data-id=\"ac010ae\" data-element_type=\"widget\" data-e-type=\"widget\" data-widget_type=\"text-editor.default\">\n\t\t\t\t<div class=\"elementor-widget-container\">\n\t\t\t\t\t\t\t\t\t<h1><strong>Vertonung<\/strong><\/h1><p><strong>Durch unsere hauseigene Tonkabine sind wir in der Lage qualitative Vertonungen anzubieten. Wir unterlegen Werbefilme mit Sprache und Effekten, k\u00f6nnen H\u00f6rb\u00fccher erstellen und vieles mehr.<\/strong><\/p><p><strong>Dabei k\u00f6nnen Sie w\u00e4hlen, ob Sie selber einsprechen m\u00f6chten, dies durch uns geschehen soll, oder aber eine bekannte Synchronisationsstimme zu buchen ist.<br \/><\/strong><\/p><p><strong>Auch die Unterlegung ihres Mediums mit eingebetteten Soundeffekten stellt kein Problem dar.<\/strong><\/p>\t\t\t\t\t\t\t\t<\/div>\n\t\t\t\t<\/div>\n\t\t\t\t<div class=\"elementor-element elementor-element-c9674fa elementor-widget elementor-widget-text-editor\" data-id=\"c9674fa\" data-element_type=\"widget\" data-e-type=\"widget\" data-widget_type=\"text-editor.default\">\n\t\t\t\t<div class=\"elementor-widget-container\">\n\t\t\t\t\t\t\t\t\t<h1><strong>Abmischen \/ Mix<\/strong><\/h1><p><strong>W\u00fcnschen Sie sich, dass ihr Musikprojekt auf semi-professioneller Basis abgemischt wird, so dass es auf allen Tontr\u00e4gern gut klingt?<\/strong><\/p><p><strong>Wir mischen ihr Projekt nach ihren individuellen Vorlieben.<\/strong><\/p><p><strong>Voraussetzung hierf\u00fcr ist entweder eine vollst\u00e4ndige Projektdatei oder eine Aufnahme in unserem Studio.<\/strong><\/p><p><strong>Bereits erstellte Audiodateien (Mp3, Wave, WMV und andere g\u00e4ngige Formate) k\u00f6nnen nachtr\u00e4glich nur geringf\u00fcgig aufgewertet werden. Bei diesen passen wir gerne f\u00fcr Sie das Lautst\u00e4rkelevel oder die Frequenzspitzen an.<\/strong><\/p><p>\u00a0<\/p>\t\t\t\t\t\t\t\t<\/div>\n\t\t\t\t<\/div>\n\t\t\t\t\t<\/div>\n\t\t<\/div>\n\t\t\t\t<div class=\"elementor-column elementor-col-50 elementor-top-column elementor-element elementor-element-916b662\" data-id=\"916b662\" data-element_type=\"column\" data-e-type=\"column\">\n\t\t\t<div class=\"elementor-widget-wrap elementor-element-populated\">\n\t\t\t\t\t\t<div class=\"elementor-element elementor-element-33a92d3 elementor-widget elementor-widget-image\" data-id=\"33a92d3\" data-element_type=\"widget\" data-e-type=\"widget\" data-widget_type=\"image.default\">\n\t\t\t\t<div class=\"elementor-widget-container\">\n\t\t\t\t\t\t\t\t\t\t\t\t\t\t\t<img fetchpriority=\"high\" decoding=\"async\" width=\"724\" height=\"1024\" src=\"https:\/\/www.cs-stadthagen.de\/wp-content\/uploads\/2020\/03\/audiobearbeitung-724x1024.jpg\" class=\"attachment-large size-large wp-image-735\" alt=\"\" srcset=\"https:\/\/www.cs-stadthagen.de\/wp-content\/uploads\/2020\/03\/audiobearbeitung-724x1024.jpg 724w, https:\/\/www.cs-stadthagen.de\/wp-content\/uploads\/2020\/03\/audiobearbeitung-212x300.jpg 212w, https:\/\/www.cs-stadthagen.de\/wp-content\/uploads\/2020\/03\/audiobearbeitung-768x1086.jpg 768w, https:\/\/www.cs-stadthagen.de\/wp-content\/uploads\/2020\/03\/audiobearbeitung-1086x1536.jpg 1086w, https:\/\/www.cs-stadthagen.de\/wp-content\/uploads\/2020\/03\/audiobearbeitung-1448x2048.jpg 1448w, https:\/\/www.cs-stadthagen.de\/wp-content\/uploads\/2020\/03\/audiobearbeitung-520x736.jpg 520w, https:\/\/www.cs-stadthagen.de\/wp-content\/uploads\/2020\/03\/audiobearbeitung-740x1047.jpg 740w, https:\/\/www.cs-stadthagen.de\/wp-content\/uploads\/2020\/03\/audiobearbeitung-scaled.jpg 1810w\" sizes=\"(max-width: 724px) 100vw, 724px\" \/>\t\t\t\t\t\t\t\t\t\t\t\t\t\t\t<\/div>\n\t\t\t\t<\/div>\n\t\t\t\t\t<\/div>\n\t\t<\/div>\n\t\t\t\t\t<\/div>\n\t\t<\/section>\n\t\t\t\t<section class=\"elementor-section elementor-top-section elementor-element elementor-element-0bdb11e elementor-section-boxed elementor-section-height-default elementor-section-height-default\" data-id=\"0bdb11e\" data-element_type=\"section\" data-e-type=\"section\">\n\t\t\t\t\t\t<div class=\"elementor-container elementor-column-gap-default\">\n\t\t\t\t\t<div class=\"elementor-column elementor-col-50 elementor-top-column elementor-element elementor-element-a7d9990\" data-id=\"a7d9990\" data-element_type=\"column\" data-e-type=\"column\">\n\t\t\t<div class=\"elementor-widget-wrap\">\n\t\t\t\t\t\t\t<\/div>\n\t\t<\/div>\n\t\t\t\t<div class=\"elementor-column elementor-col-50 elementor-top-column elementor-element elementor-element-ed994f9\" data-id=\"ed994f9\" data-element_type=\"column\" data-e-type=\"column\">\n\t\t\t<div class=\"elementor-widget-wrap\">\n\t\t\t\t\t\t\t<\/div>\n\t\t<\/div>\n\t\t\t\t\t<\/div>\n\t\t<\/section>\n\t\t\t\t<\/div>\n\t\t","protected":false},"excerpt":{"rendered":"<p>Vertonung Durch unsere hauseigene Tonkabine sind wir in der Lage qualitative Vertonungen anzubieten. Wir unterlegen Werbefilme mit Sprache und Effekten, k\u00f6nnen H\u00f6rb\u00fccher erstellen und vieles mehr. Dabei k\u00f6nnen Sie w\u00e4hlen, ob Sie selber einsprechen m\u00f6chten,<a class=\"read-more\" href=\"https:\/\/www.cs-stadthagen.de\/?page_id=377\">Continue reading<\/a><\/p>\n","protected":false},"author":1,"featured_media":0,"parent":0,"menu_order":0,"comment_status":"closed","ping_status":"closed","template":"page-templates\/page_fullwidth.php","meta":{"footnotes":""},"class_list":["post-377","page","type-page","status-publish","hentry"],"_links":{"self":[{"href":"https:\/\/www.cs-stadthagen.de\/index.php?rest_route=\/wp\/v2\/pages\/377"}],"collection":[{"href":"https:\/\/www.cs-stadthagen.de\/index.php?rest_route=\/wp\/v2\/pages"}],"about":[{"href":"https:\/\/www.cs-stadthagen.de\/index.php?rest_route=\/wp\/v2\/types\/page"}],"author":[{"embeddable":true,"href":"https:\/\/www.cs-stadthagen.de\/index.php?rest_route=\/wp\/v2\/users\/1"}],"replies":[{"embeddable":true,"href":"https:\/\/www.cs-stadthagen.de\/index.php?rest_route=%2Fwp%2Fv2%2Fcomments&post=377"}],"version-history":[{"count":13,"href":"https:\/\/www.cs-stadthagen.de\/index.php?rest_route=\/wp\/v2\/pages\/377\/revisions"}],"predecessor-version":[{"id":981,"href":"https:\/\/www.cs-stadthagen.de\/index.php?rest_route=\/wp\/v2\/pages\/377\/revisions\/981"}],"wp:attachment":[{"href":"https:\/\/www.cs-stadthagen.de\/index.php?rest_route=%2Fwp%2Fv2%2Fmedia&parent=377"}],"curies":[{"name":"wp","href":"https:\/\/api.w.org\/{rel}","templated":true}]}}