{"id":47,"date":"2018-08-08T11:07:27","date_gmt":"2018-08-08T11:07:27","guid":{"rendered":"http:\/\/cs-stadthagen.de\/?page_id=47"},"modified":"2021-10-18T13:35:32","modified_gmt":"2021-10-18T13:35:32","slug":"hard-und-software","status":"publish","type":"page","link":"https:\/\/www.cs-stadthagen.de\/?page_id=47","title":{"rendered":"Hard- und Software"},"content":{"rendered":"\t\t<div data-elementor-type=\"wp-page\" data-elementor-id=\"47\" class=\"elementor elementor-47\">\n\t\t\t\t\t\t<section class=\"elementor-section elementor-top-section elementor-element elementor-element-2d05436 elementor-section-boxed elementor-section-height-default elementor-section-height-default\" data-id=\"2d05436\" data-element_type=\"section\" data-e-type=\"section\">\n\t\t\t\t\t\t<div class=\"elementor-container elementor-column-gap-default\">\n\t\t\t\t\t<div class=\"elementor-column elementor-col-33 elementor-top-column elementor-element elementor-element-50eb50f\" data-id=\"50eb50f\" data-element_type=\"column\" data-e-type=\"column\">\n\t\t\t<div class=\"elementor-widget-wrap elementor-element-populated\">\n\t\t\t\t\t\t<div class=\"elementor-element elementor-element-3bbc976 elementor-widget elementor-widget-image\" data-id=\"3bbc976\" data-element_type=\"widget\" data-e-type=\"widget\" data-widget_type=\"image.default\">\n\t\t\t\t<div class=\"elementor-widget-container\">\n\t\t\t\t\t\t\t\t\t\t\t\t\t\t\t<img fetchpriority=\"high\" decoding=\"async\" width=\"724\" height=\"1024\" src=\"https:\/\/www.cs-stadthagen.de\/wp-content\/uploads\/2020\/03\/gamingsysteme_a4-724x1024.jpg\" class=\"attachment-large size-large wp-image-740\" alt=\"\" srcset=\"https:\/\/www.cs-stadthagen.de\/wp-content\/uploads\/2020\/03\/gamingsysteme_a4-724x1024.jpg 724w, https:\/\/www.cs-stadthagen.de\/wp-content\/uploads\/2020\/03\/gamingsysteme_a4-212x300.jpg 212w, https:\/\/www.cs-stadthagen.de\/wp-content\/uploads\/2020\/03\/gamingsysteme_a4-768x1086.jpg 768w, https:\/\/www.cs-stadthagen.de\/wp-content\/uploads\/2020\/03\/gamingsysteme_a4-1086x1536.jpg 1086w, https:\/\/www.cs-stadthagen.de\/wp-content\/uploads\/2020\/03\/gamingsysteme_a4-1448x2048.jpg 1448w, https:\/\/www.cs-stadthagen.de\/wp-content\/uploads\/2020\/03\/gamingsysteme_a4-520x736.jpg 520w, https:\/\/www.cs-stadthagen.de\/wp-content\/uploads\/2020\/03\/gamingsysteme_a4-740x1047.jpg 740w, https:\/\/www.cs-stadthagen.de\/wp-content\/uploads\/2020\/03\/gamingsysteme_a4-scaled.jpg 1810w\" sizes=\"(max-width: 724px) 100vw, 724px\" \/>\t\t\t\t\t\t\t\t\t\t\t\t\t\t\t<\/div>\n\t\t\t\t<\/div>\n\t\t\t\t\t<\/div>\n\t\t<\/div>\n\t\t\t\t<div class=\"elementor-column elementor-col-66 elementor-top-column elementor-element elementor-element-0bee5a6\" data-id=\"0bee5a6\" data-element_type=\"column\" data-e-type=\"column\">\n\t\t\t<div class=\"elementor-widget-wrap elementor-element-populated\">\n\t\t\t\t\t\t<div class=\"elementor-element elementor-element-0329a8e elementor-widget elementor-widget-text-editor\" data-id=\"0329a8e\" data-element_type=\"widget\" data-e-type=\"widget\" data-widget_type=\"text-editor.default\">\n\t\t\t\t<div class=\"elementor-widget-container\">\n\t\t\t\t\t\t\t\t\t<p><strong>Als Kernkompetenz eines IT-Dienstleisters kl\u00e4ren wir alle Fragen rund um das Thema Computer.<\/strong><\/p><p><strong>Dies umfasst ein mannigfaltiges Repertoire an Aufgabenbereichen: das Bestellen, Einbauen und Reparieren von Computerbauteilen, das korrekte Funktionieren von Betriebssystemen und Software, Komplettsystemen, Notebooks, Beratung in Gaming-Fragen, Netzwerken, Internet, Drucker, Administration, Kameras und auch Handyreparaturen.<\/strong><br \/><strong>Auch Videorecorder, DVD-Player, Soundsysteme, Controller oder Konsolen wurden bei uns schon erfolgreich wieder in Gang gesetzt.<\/strong><\/p><p><strong>Wir beraten Sie in allen Belangen und erstellen Ihnen das bestm\u00f6gliche Angebot. Dabei ist unsere Beratung individuell an Ihre Bed\u00fcrfnisse angepasst und schlie\u00dft Ihr h\u00e4usliches oder berufliches Anforderungsprofil mit ein.<\/strong><\/p><p><strong>Als Einzelhandel und aufgrund der riesigen Menge an relevanten Computerbauteilen sind die meisten Artikel bei uns nicht lagernd und m\u00fcssen daher mit Anzahlung bestellt werden. Die Artikel sind in der Regel innerhalb von 24 Stunden bei uns vor Ort.<\/strong><\/p>\t\t\t\t\t\t\t\t<\/div>\n\t\t\t\t<\/div>\n\t\t\t\t\t<\/div>\n\t\t<\/div>\n\t\t\t\t\t<\/div>\n\t\t<\/section>\n\t\t\t\t<\/div>\n\t\t","protected":false},"excerpt":{"rendered":"<p>Als Kernkompetenz eines IT-Dienstleisters kl\u00e4ren wir alle Fragen rund um das Thema Computer. Dies umfasst ein mannigfaltiges Repertoire an Aufgabenbereichen: das Bestellen, Einbauen und Reparieren von Computerbauteilen, das korrekte Funktionieren von Betriebssystemen und Software, Komplettsystemen,<a class=\"read-more\" href=\"https:\/\/www.cs-stadthagen.de\/?page_id=47\">Continue reading<\/a><\/p>\n","protected":false},"author":1,"featured_media":0,"parent":0,"menu_order":0,"comment_status":"closed","ping_status":"closed","template":"page-templates\/page_fullwidth.php","meta":{"footnotes":""},"class_list":["post-47","page","type-page","status-publish","hentry"],"_links":{"self":[{"href":"https:\/\/www.cs-stadthagen.de\/index.php?rest_route=\/wp\/v2\/pages\/47"}],"collection":[{"href":"https:\/\/www.cs-stadthagen.de\/index.php?rest_route=\/wp\/v2\/pages"}],"about":[{"href":"https:\/\/www.cs-stadthagen.de\/index.php?rest_route=\/wp\/v2\/types\/page"}],"author":[{"embeddable":true,"href":"https:\/\/www.cs-stadthagen.de\/index.php?rest_route=\/wp\/v2\/users\/1"}],"replies":[{"embeddable":true,"href":"https:\/\/www.cs-stadthagen.de\/index.php?rest_route=%2Fwp%2Fv2%2Fcomments&post=47"}],"version-history":[{"count":8,"href":"https:\/\/www.cs-stadthagen.de\/index.php?rest_route=\/wp\/v2\/pages\/47\/revisions"}],"predecessor-version":[{"id":1440,"href":"https:\/\/www.cs-stadthagen.de\/index.php?rest_route=\/wp\/v2\/pages\/47\/revisions\/1440"}],"wp:attachment":[{"href":"https:\/\/www.cs-stadthagen.de\/index.php?rest_route=%2Fwp%2Fv2%2Fmedia&parent=47"}],"curies":[{"name":"wp","href":"https:\/\/api.w.org\/{rel}","templated":true}]}}