{"id":53,"date":"2018-08-08T11:09:04","date_gmt":"2018-08-08T11:09:04","guid":{"rendered":"http:\/\/cs-stadthagen.de\/?page_id=53"},"modified":"2020-12-03T11:10:57","modified_gmt":"2020-12-03T11:10:57","slug":"client-server-systeme","status":"publish","type":"page","link":"https:\/\/www.cs-stadthagen.de\/?page_id=53","title":{"rendered":"Client Server Systeme"},"content":{"rendered":"\t\t<div data-elementor-type=\"wp-page\" data-elementor-id=\"53\" class=\"elementor elementor-53\">\n\t\t\t\t\t\t<section class=\"elementor-section elementor-top-section elementor-element elementor-element-7d59aea elementor-section-boxed elementor-section-height-default elementor-section-height-default\" data-id=\"7d59aea\" data-element_type=\"section\" data-e-type=\"section\">\n\t\t\t\t\t\t<div class=\"elementor-container elementor-column-gap-default\">\n\t\t\t\t\t<div class=\"elementor-column elementor-col-33 elementor-top-column elementor-element elementor-element-86e3b3a\" data-id=\"86e3b3a\" data-element_type=\"column\" data-e-type=\"column\">\n\t\t\t<div class=\"elementor-widget-wrap elementor-element-populated\">\n\t\t\t\t\t\t<div class=\"elementor-element elementor-element-4713bbe elementor-widget elementor-widget-image\" data-id=\"4713bbe\" data-element_type=\"widget\" data-e-type=\"widget\" data-widget_type=\"image.default\">\n\t\t\t\t<div class=\"elementor-widget-container\">\n\t\t\t\t\t\t\t\t\t\t\t\t\t\t\t<img fetchpriority=\"high\" decoding=\"async\" width=\"724\" height=\"1024\" src=\"https:\/\/www.cs-stadthagen.de\/wp-content\/uploads\/2020\/03\/administration-724x1024.jpg\" class=\"attachment-large size-large wp-image-734\" alt=\"\" srcset=\"https:\/\/www.cs-stadthagen.de\/wp-content\/uploads\/2020\/03\/administration-724x1024.jpg 724w, https:\/\/www.cs-stadthagen.de\/wp-content\/uploads\/2020\/03\/administration-212x300.jpg 212w, https:\/\/www.cs-stadthagen.de\/wp-content\/uploads\/2020\/03\/administration-768x1086.jpg 768w, https:\/\/www.cs-stadthagen.de\/wp-content\/uploads\/2020\/03\/administration-1086x1536.jpg 1086w, https:\/\/www.cs-stadthagen.de\/wp-content\/uploads\/2020\/03\/administration-1448x2048.jpg 1448w, https:\/\/www.cs-stadthagen.de\/wp-content\/uploads\/2020\/03\/administration-520x736.jpg 520w, https:\/\/www.cs-stadthagen.de\/wp-content\/uploads\/2020\/03\/administration-740x1047.jpg 740w, https:\/\/www.cs-stadthagen.de\/wp-content\/uploads\/2020\/03\/administration-scaled.jpg 1810w\" sizes=\"(max-width: 724px) 100vw, 724px\" \/>\t\t\t\t\t\t\t\t\t\t\t\t\t\t\t<\/div>\n\t\t\t\t<\/div>\n\t\t\t\t\t<\/div>\n\t\t<\/div>\n\t\t\t\t<div class=\"elementor-column elementor-col-66 elementor-top-column elementor-element elementor-element-c6ab90a\" data-id=\"c6ab90a\" data-element_type=\"column\" data-e-type=\"column\">\n\t\t\t<div class=\"elementor-widget-wrap elementor-element-populated\">\n\t\t\t\t\t\t<div class=\"elementor-element elementor-element-5bdcebd elementor-widget elementor-widget-text-editor\" data-id=\"5bdcebd\" data-element_type=\"widget\" data-e-type=\"widget\" data-widget_type=\"text-editor.default\">\n\t\t\t\t<div class=\"elementor-widget-container\">\n\t\t\t\t\t\t\t\t\t<p><strong>Ein Systemadministrator hat die Aufgabe, f\u00fcr einen reibungslosen Ablauf der IT-Infrastruktur zu sorgen. <\/strong><br \/><strong>Das bedeutet, dass sich der Administrator aller Belange der Vernetzung, der IT-Sicherheit, der Hard- und Software und der Funktionalit\u00e4t der installierten Ger\u00e4te annimmt.<\/strong><\/p><p><strong><strong>Mit \u00fcber 10 Jahren Betriebserfahrung und einzelnen Mitarbeitern, die beinahe 20 Jahre Erfahrung in der Betreuung von Firmennetzwerken haben,<\/strong> sind wir Ihnen als Unternehmer oder als Privatperson mit anspruchsvollem Netzwerk ein qualifizierter und vertrauensw\u00fcrdiger Partner. <br \/><\/strong><\/p><p><strong>Bitte schauen Sie als Unternehmer auch gern unter dem Reiter Wartungsvertr\u00e4ge, wenn sie eine langfristige Betreuung ihrer Informationstechnik w\u00fcnschen.\u00a0<\/strong><\/p><p><strong>Ein Server verkn\u00fcpft mehrere Arbeitsplatzrechner (Clients\/Workstations) miteinander und erm\u00f6glicht Ihnen, auf einen gemeinsamen Datenpool zuzugreifen, einzelne Endger\u00e4te (wie zum Beispiel Drucker) gemeinsam zu nutzen oder Serveranwendungen \u00fcber die Clients zu bedienen.<\/strong><\/p><p><strong>Wir installieren und betreuen alle g\u00e4ngigen Windows- und Linux-Clients und Serversysteme, um Ihrem Unternehmen einen komfortablen und stabilen Zentralcomputer zu gew\u00e4hrleisten.<\/strong><\/p>\t\t\t\t\t\t\t\t<\/div>\n\t\t\t\t<\/div>\n\t\t\t\t\t<\/div>\n\t\t<\/div>\n\t\t\t\t\t<\/div>\n\t\t<\/section>\n\t\t\t\t<section class=\"elementor-section elementor-top-section elementor-element elementor-element-5755192 elementor-section-boxed elementor-section-height-default elementor-section-height-default\" data-id=\"5755192\" data-element_type=\"section\" data-e-type=\"section\">\n\t\t\t\t\t\t<div class=\"elementor-container elementor-column-gap-default\">\n\t\t\t\t\t<div class=\"elementor-column elementor-col-33 elementor-top-column elementor-element elementor-element-b54cc5b\" data-id=\"b54cc5b\" data-element_type=\"column\" data-e-type=\"column\">\n\t\t\t<div class=\"elementor-widget-wrap\">\n\t\t\t\t\t\t\t<\/div>\n\t\t<\/div>\n\t\t\t\t<div class=\"elementor-column elementor-col-33 elementor-top-column elementor-element elementor-element-b2f79dc\" data-id=\"b2f79dc\" data-element_type=\"column\" data-e-type=\"column\">\n\t\t\t<div class=\"elementor-widget-wrap\">\n\t\t\t\t\t\t\t<\/div>\n\t\t<\/div>\n\t\t\t\t<div class=\"elementor-column elementor-col-33 elementor-top-column elementor-element elementor-element-95c117f\" data-id=\"95c117f\" data-element_type=\"column\" data-e-type=\"column\">\n\t\t\t<div class=\"elementor-widget-wrap\">\n\t\t\t\t\t\t\t<\/div>\n\t\t<\/div>\n\t\t\t\t\t<\/div>\n\t\t<\/section>\n\t\t\t\t<section class=\"elementor-section elementor-top-section elementor-element elementor-element-93d09ad elementor-section-boxed elementor-section-height-default elementor-section-height-default\" data-id=\"93d09ad\" data-element_type=\"section\" data-e-type=\"section\">\n\t\t\t\t\t\t<div class=\"elementor-container elementor-column-gap-default\">\n\t\t\t\t\t<div class=\"elementor-column elementor-col-25 elementor-top-column elementor-element elementor-element-6174cbc\" data-id=\"6174cbc\" data-element_type=\"column\" data-e-type=\"column\">\n\t\t\t<div class=\"elementor-widget-wrap elementor-element-populated\">\n\t\t\t\t\t\t<div class=\"elementor-element elementor-element-3dba205 elementor-widget elementor-widget-text-editor\" data-id=\"3dba205\" data-element_type=\"widget\" data-e-type=\"widget\" data-widget_type=\"text-editor.default\">\n\t\t\t\t<div class=\"elementor-widget-container\">\n\t\t\t\t\t\t\t\t\t<h2>Microsoft Serversysteme<\/h2>\n<p>Mit einem auf Windows basierendem Server bieten wir Ihrem Betrieb individualisierte M\u00f6glichkeiten, je nach Anforderung und Gr\u00f6\u00dfe Ihrer IT-Abteilung.<br \/>So realisieren Sie neben Datei- und Druckdiensten auch zentralisierte Intranet-, Messaging- und Terminfunktionen im B\u00fcro, per Webzugriff oder mit mobilen Endger\u00e4ten.<\/p>\t\t\t\t\t\t\t\t<\/div>\n\t\t\t\t<\/div>\n\t\t\t\t\t<\/div>\n\t\t<\/div>\n\t\t\t\t<div class=\"elementor-column elementor-col-25 elementor-top-column elementor-element elementor-element-60fb404\" data-id=\"60fb404\" data-element_type=\"column\" data-e-type=\"column\">\n\t\t\t<div class=\"elementor-widget-wrap elementor-element-populated\">\n\t\t\t\t\t\t<div class=\"elementor-element elementor-element-5f9a62e elementor-widget elementor-widget-text-editor\" data-id=\"5f9a62e\" data-element_type=\"widget\" data-e-type=\"widget\" data-widget_type=\"text-editor.default\">\n\t\t\t\t<div class=\"elementor-widget-container\">\n\t\t\t\t\t\t\t\t\t<h2>Linux Serversysteme<\/h2>\n<p>Serversysteme m\u00fcssen nicht zwangsl\u00e4ufig mit Windows betrieben werden. Kostenfreie Produkte (Open Source) wie Linux bieten heute den gleichen Leistungsumfang wie die weit verbreiteten Microsoft Systeme. Der Vorteil liegt einerseits bei der nicht unerheblichen Ersparnis, andererseits auch in der hohen Stabilit\u00e4t und Sicherheit.<\/p>\n<p>Mail-Server lassen sich unter Linux lizenzfrei realisieren ohne auf Funktionen verzichten zu m\u00fcssen.<\/p>\t\t\t\t\t\t\t\t<\/div>\n\t\t\t\t<\/div>\n\t\t\t\t\t<\/div>\n\t\t<\/div>\n\t\t\t\t<div class=\"elementor-column elementor-col-25 elementor-top-column elementor-element elementor-element-dbfde34\" data-id=\"dbfde34\" data-element_type=\"column\" data-e-type=\"column\">\n\t\t\t<div class=\"elementor-widget-wrap elementor-element-populated\">\n\t\t\t\t\t\t<div class=\"elementor-element elementor-element-fccdd7a elementor-widget elementor-widget-text-editor\" data-id=\"fccdd7a\" data-element_type=\"widget\" data-e-type=\"widget\" data-widget_type=\"text-editor.default\">\n\t\t\t\t<div class=\"elementor-widget-container\">\n\t\t\t\t\t\t\t\t\t<h2>NAS-Server<\/h2>\n<p>NAS-Server (Network-Attached-Storage) stellen eine kosteng\u00fcnstige, zentrale Datenspeicherung vor allem f\u00fcr kleine Unternehmen oder Haushalte dar. Die Hauptvorteile sind die einfache Handhabung und der<\/p>\n<p>geringe Wartungsaufwand.<\/p>\t\t\t\t\t\t\t\t<\/div>\n\t\t\t\t<\/div>\n\t\t\t\t\t<\/div>\n\t\t<\/div>\n\t\t\t\t<div class=\"elementor-column elementor-col-25 elementor-top-column elementor-element elementor-element-1d9b724\" data-id=\"1d9b724\" data-element_type=\"column\" data-e-type=\"column\">\n\t\t\t<div class=\"elementor-widget-wrap elementor-element-populated\">\n\t\t\t\t\t\t<div class=\"elementor-element elementor-element-26da0f7 elementor-widget elementor-widget-text-editor\" data-id=\"26da0f7\" data-element_type=\"widget\" data-e-type=\"widget\" data-widget_type=\"text-editor.default\">\n\t\t\t\t<div class=\"elementor-widget-container\">\n\t\t\t\t\t\t\t\t\t<h2>Virtualisierung Hyper-V, VMware vSphere<\/h2>\n<p>Verbessern Sie die Effizienz und Verf\u00fcgbarkeit Ihrer IT-Ressourcen durch Virtualisierung. Die Vorteile sind eine Erh\u00f6hung der Ausfallsicherheit, bessere Auslastung der IT-Systeme durch Konsolidierung der Hardware, sowie niedrigere Stromkosten.<\/p>\t\t\t\t\t\t\t\t<\/div>\n\t\t\t\t<\/div>\n\t\t\t\t\t<\/div>\n\t\t<\/div>\n\t\t\t\t\t<\/div>\n\t\t<\/section>\n\t\t\t\t<\/div>\n\t\t","protected":false},"excerpt":{"rendered":"<p>Ein Systemadministrator hat die Aufgabe, f\u00fcr einen reibungslosen Ablauf der IT-Infrastruktur zu sorgen. Das bedeutet, dass sich der Administrator aller Belange der Vernetzung, der IT-Sicherheit, der Hard- und Software und der Funktionalit\u00e4t der installierten Ger\u00e4te<a class=\"read-more\" href=\"https:\/\/www.cs-stadthagen.de\/?page_id=53\">Continue reading<\/a><\/p>\n","protected":false},"author":1,"featured_media":0,"parent":0,"menu_order":0,"comment_status":"closed","ping_status":"closed","template":"page-templates\/page_fullwidth.php","meta":{"footnotes":""},"class_list":["post-53","page","type-page","status-publish","hentry"],"_links":{"self":[{"href":"https:\/\/www.cs-stadthagen.de\/index.php?rest_route=\/wp\/v2\/pages\/53"}],"collection":[{"href":"https:\/\/www.cs-stadthagen.de\/index.php?rest_route=\/wp\/v2\/pages"}],"about":[{"href":"https:\/\/www.cs-stadthagen.de\/index.php?rest_route=\/wp\/v2\/types\/page"}],"author":[{"embeddable":true,"href":"https:\/\/www.cs-stadthagen.de\/index.php?rest_route=\/wp\/v2\/users\/1"}],"replies":[{"embeddable":true,"href":"https:\/\/www.cs-stadthagen.de\/index.php?rest_route=%2Fwp%2Fv2%2Fcomments&post=53"}],"version-history":[{"count":17,"href":"https:\/\/www.cs-stadthagen.de\/index.php?rest_route=\/wp\/v2\/pages\/53\/revisions"}],"predecessor-version":[{"id":967,"href":"https:\/\/www.cs-stadthagen.de\/index.php?rest_route=\/wp\/v2\/pages\/53\/revisions\/967"}],"wp:attachment":[{"href":"https:\/\/www.cs-stadthagen.de\/index.php?rest_route=%2Fwp%2Fv2%2Fmedia&parent=53"}],"curies":[{"name":"wp","href":"https:\/\/api.w.org\/{rel}","templated":true}]}}