{"id":65,"date":"2018-08-08T11:11:33","date_gmt":"2018-08-08T11:11:33","guid":{"rendered":"http:\/\/cs-stadthagen.de\/?page_id=65"},"modified":"2021-10-18T13:45:50","modified_gmt":"2021-10-18T13:45:50","slug":"datensicherung","status":"publish","type":"page","link":"https:\/\/www.cs-stadthagen.de\/?page_id=65","title":{"rendered":"Datensicherung"},"content":{"rendered":"\t\t<div data-elementor-type=\"wp-page\" data-elementor-id=\"65\" class=\"elementor elementor-65\">\n\t\t\t\t\t\t<section class=\"elementor-section elementor-top-section elementor-element elementor-element-7bba20a elementor-section-boxed elementor-section-height-default elementor-section-height-default\" data-id=\"7bba20a\" data-element_type=\"section\" data-e-type=\"section\">\n\t\t\t\t\t\t<div class=\"elementor-container elementor-column-gap-default\">\n\t\t\t\t\t<div class=\"elementor-column elementor-col-66 elementor-top-column elementor-element elementor-element-2c00832\" data-id=\"2c00832\" data-element_type=\"column\" data-e-type=\"column\">\n\t\t\t<div class=\"elementor-widget-wrap elementor-element-populated\">\n\t\t\t\t\t\t<div class=\"elementor-element elementor-element-9b4a016 elementor-widget elementor-widget-text-editor\" data-id=\"9b4a016\" data-element_type=\"widget\" data-e-type=\"widget\" data-widget_type=\"text-editor.default\">\n\t\t\t\t<div class=\"elementor-widget-container\">\n\t\t\t\t\t\t\t\t\t<p><strong>Ist der Zugriff auf Ihren Datentr\u00e4ger nicht mehr m\u00f6glich, obwohl der Datentr\u00e4ger mechanisch intakt ist, so sind wir in der Lage, Ihre Daten auf ein von Ihnen bereitgestelltes Alternativmedium zu \u00fcbertragen.<\/strong><\/p><p><strong>Die Kosten richten sich hier nach dem Arbeitsaufwand und der Gr\u00f6\u00dfe der zu sichernden Daten. Dies kann bis zu mehrere Tage in Anspruch nehmen.<\/strong><\/p><p><strong>Sollte sich herausstellen, dass der Speicher so zerst\u00f6rt ist, dass eine Sicherung unsererseits nicht m\u00f6glich ist, so k\u00f6nnen wir Ihren Auftrag an eine professionelle Datenrettungsfirma weiterleiten.<\/strong><\/p>\t\t\t\t\t\t\t\t<\/div>\n\t\t\t\t<\/div>\n\t\t\t\t\t<\/div>\n\t\t<\/div>\n\t\t\t\t<div class=\"elementor-column elementor-col-33 elementor-top-column elementor-element elementor-element-023fc46\" data-id=\"023fc46\" data-element_type=\"column\" data-e-type=\"column\">\n\t\t\t<div class=\"elementor-widget-wrap elementor-element-populated\">\n\t\t\t\t\t\t<div class=\"elementor-element elementor-element-0b04c16 elementor-widget elementor-widget-image\" data-id=\"0b04c16\" data-element_type=\"widget\" data-e-type=\"widget\" data-widget_type=\"image.default\">\n\t\t\t\t<div class=\"elementor-widget-container\">\n\t\t\t\t\t\t\t\t\t\t\t\t\t\t\t<img fetchpriority=\"high\" decoding=\"async\" width=\"724\" height=\"1024\" src=\"https:\/\/www.cs-stadthagen.de\/wp-content\/uploads\/2020\/03\/datensicherung-724x1024.jpg\" class=\"attachment-large size-large wp-image-736\" alt=\"\" srcset=\"https:\/\/www.cs-stadthagen.de\/wp-content\/uploads\/2020\/03\/datensicherung-724x1024.jpg 724w, https:\/\/www.cs-stadthagen.de\/wp-content\/uploads\/2020\/03\/datensicherung-212x300.jpg 212w, https:\/\/www.cs-stadthagen.de\/wp-content\/uploads\/2020\/03\/datensicherung-768x1086.jpg 768w, https:\/\/www.cs-stadthagen.de\/wp-content\/uploads\/2020\/03\/datensicherung-1086x1536.jpg 1086w, https:\/\/www.cs-stadthagen.de\/wp-content\/uploads\/2020\/03\/datensicherung-1448x2048.jpg 1448w, https:\/\/www.cs-stadthagen.de\/wp-content\/uploads\/2020\/03\/datensicherung-520x736.jpg 520w, https:\/\/www.cs-stadthagen.de\/wp-content\/uploads\/2020\/03\/datensicherung-740x1047.jpg 740w, https:\/\/www.cs-stadthagen.de\/wp-content\/uploads\/2020\/03\/datensicherung-scaled.jpg 1810w\" sizes=\"(max-width: 724px) 100vw, 724px\" \/>\t\t\t\t\t\t\t\t\t\t\t\t\t\t\t<\/div>\n\t\t\t\t<\/div>\n\t\t\t\t\t<\/div>\n\t\t<\/div>\n\t\t\t\t\t<\/div>\n\t\t<\/section>\n\t\t\t\t<\/div>\n\t\t","protected":false},"excerpt":{"rendered":"<p>Ist der Zugriff auf Ihren Datentr\u00e4ger nicht mehr m\u00f6glich, obwohl der Datentr\u00e4ger mechanisch intakt ist, so sind wir in der Lage, Ihre Daten auf ein von Ihnen bereitgestelltes Alternativmedium zu \u00fcbertragen. Die Kosten richten sich<a class=\"read-more\" href=\"https:\/\/www.cs-stadthagen.de\/?page_id=65\">Continue reading<\/a><\/p>\n","protected":false},"author":1,"featured_media":0,"parent":0,"menu_order":0,"comment_status":"closed","ping_status":"closed","template":"page-templates\/page_fullwidth.php","meta":{"footnotes":""},"class_list":["post-65","page","type-page","status-publish","hentry"],"_links":{"self":[{"href":"https:\/\/www.cs-stadthagen.de\/index.php?rest_route=\/wp\/v2\/pages\/65"}],"collection":[{"href":"https:\/\/www.cs-stadthagen.de\/index.php?rest_route=\/wp\/v2\/pages"}],"about":[{"href":"https:\/\/www.cs-stadthagen.de\/index.php?rest_route=\/wp\/v2\/types\/page"}],"author":[{"embeddable":true,"href":"https:\/\/www.cs-stadthagen.de\/index.php?rest_route=\/wp\/v2\/users\/1"}],"replies":[{"embeddable":true,"href":"https:\/\/www.cs-stadthagen.de\/index.php?rest_route=%2Fwp%2Fv2%2Fcomments&post=65"}],"version-history":[{"count":8,"href":"https:\/\/www.cs-stadthagen.de\/index.php?rest_route=\/wp\/v2\/pages\/65\/revisions"}],"predecessor-version":[{"id":1443,"href":"https:\/\/www.cs-stadthagen.de\/index.php?rest_route=\/wp\/v2\/pages\/65\/revisions\/1443"}],"wp:attachment":[{"href":"https:\/\/www.cs-stadthagen.de\/index.php?rest_route=%2Fwp%2Fv2%2Fmedia&parent=65"}],"curies":[{"name":"wp","href":"https:\/\/api.w.org\/{rel}","templated":true}]}}