{"id":67,"date":"2018-08-08T11:11:53","date_gmt":"2018-08-08T11:11:53","guid":{"rendered":"http:\/\/cs-stadthagen.de\/?page_id=67"},"modified":"2020-12-03T11:12:04","modified_gmt":"2020-12-03T11:12:04","slug":"datenrettung","status":"publish","type":"page","link":"https:\/\/www.cs-stadthagen.de\/?page_id=67","title":{"rendered":"Datenrettung"},"content":{"rendered":"\t\t<div data-elementor-type=\"wp-page\" data-elementor-id=\"67\" class=\"elementor elementor-67\">\n\t\t\t\t\t\t<section class=\"elementor-section elementor-top-section elementor-element elementor-element-13ddfad0 elementor-section-boxed elementor-section-height-default elementor-section-height-default\" data-id=\"13ddfad0\" data-element_type=\"section\" data-e-type=\"section\">\n\t\t\t\t\t\t<div class=\"elementor-container elementor-column-gap-default\">\n\t\t\t\t\t<div class=\"elementor-column elementor-col-100 elementor-top-column elementor-element elementor-element-625fcae1\" data-id=\"625fcae1\" data-element_type=\"column\" data-e-type=\"column\">\n\t\t\t<div class=\"elementor-widget-wrap elementor-element-populated\">\n\t\t\t\t\t\t\t<\/div>\n\t\t<\/div>\n\t\t\t\t\t<\/div>\n\t\t<\/section>\n\t\t\t\t<section class=\"elementor-section elementor-top-section elementor-element elementor-element-c9fbb45 elementor-section-boxed elementor-section-height-default elementor-section-height-default\" data-id=\"c9fbb45\" data-element_type=\"section\" data-e-type=\"section\">\n\t\t\t\t\t\t<div class=\"elementor-container elementor-column-gap-default\">\n\t\t\t\t\t<div class=\"elementor-column elementor-col-66 elementor-top-column elementor-element elementor-element-40eae30\" data-id=\"40eae30\" data-element_type=\"column\" data-e-type=\"column\">\n\t\t\t<div class=\"elementor-widget-wrap elementor-element-populated\">\n\t\t\t\t\t\t<div class=\"elementor-element elementor-element-89986d4 elementor-widget elementor-widget-text-editor\" data-id=\"89986d4\" data-element_type=\"widget\" data-e-type=\"widget\" data-widget_type=\"text-editor.default\">\n\t\t\t\t<div class=\"elementor-widget-container\">\n\t\t\t\t\t\t\t\t\t<p><strong>Wenn Ihnen das Ungl\u00fcck eines defekten Datentr\u00e4gers widerfahren sollte, muss dies keinen endg\u00fcltigen Verlust ihrer wichtigen Daten und Erinnerungen bedeuten.<\/strong><\/p><p><strong>Als Partner von Datenrettung Deutschland und einigen anderen professionellen Datenrettungsunternehmen besteht die M\u00f6glichkeit, ihren defekten Datentr\u00e4ger einzuschicken und Ihre Daten zu retten. Falls die Wiederherstellung der Daten trotz aller M\u00fchen nicht durchzuf\u00fchren sein sollte (was selten vorkommt), bleibt dieser Dienst, abgesehen von den Versandkosten, f\u00fcr sie kostenlos.<\/strong><\/p><p><strong><a href=\"https:\/\/datenrettung-datenretter.de\/datenrettung-stadthagen.php\">https:\/\/datenrettung-datenretter.de\/datenrettung-stadthagen.php<\/a><\/strong><\/p>\t\t\t\t\t\t\t\t<\/div>\n\t\t\t\t<\/div>\n\t\t\t\t<div class=\"elementor-element elementor-element-7c4873c elementor-widget elementor-widget-image\" data-id=\"7c4873c\" data-element_type=\"widget\" data-e-type=\"widget\" data-widget_type=\"image.default\">\n\t\t\t\t<div class=\"elementor-widget-container\">\n\t\t\t\t\t\t\t\t\t\t\t\t\t\t\t<img decoding=\"async\" width=\"86\" height=\"137\" src=\"https:\/\/www.cs-stadthagen.de\/wp-content\/uploads\/2020\/03\/datenrettung.png\" class=\"attachment-large size-large wp-image-764\" alt=\"\" \/>\t\t\t\t\t\t\t\t\t\t\t\t\t\t\t<\/div>\n\t\t\t\t<\/div>\n\t\t\t\t\t<\/div>\n\t\t<\/div>\n\t\t\t\t<div class=\"elementor-column elementor-col-33 elementor-top-column elementor-element elementor-element-4af560d\" data-id=\"4af560d\" data-element_type=\"column\" data-e-type=\"column\">\n\t\t\t<div class=\"elementor-widget-wrap elementor-element-populated\">\n\t\t\t\t\t\t<div class=\"elementor-element elementor-element-aeee2f0 elementor-widget elementor-widget-image\" data-id=\"aeee2f0\" data-element_type=\"widget\" data-e-type=\"widget\" data-widget_type=\"image.default\">\n\t\t\t\t<div class=\"elementor-widget-container\">\n\t\t\t\t\t\t\t\t\t\t\t\t\t\t\t<img fetchpriority=\"high\" decoding=\"async\" width=\"724\" height=\"1024\" src=\"https:\/\/www.cs-stadthagen.de\/wp-content\/uploads\/2020\/02\/Datensicherung-724x1024.jpg\" class=\"attachment-large size-large wp-image-658\" alt=\"\" srcset=\"https:\/\/www.cs-stadthagen.de\/wp-content\/uploads\/2020\/02\/Datensicherung-724x1024.jpg 724w, https:\/\/www.cs-stadthagen.de\/wp-content\/uploads\/2020\/02\/Datensicherung-212x300.jpg 212w, https:\/\/www.cs-stadthagen.de\/wp-content\/uploads\/2020\/02\/Datensicherung-768x1086.jpg 768w, https:\/\/www.cs-stadthagen.de\/wp-content\/uploads\/2020\/02\/Datensicherung-1086x1536.jpg 1086w, https:\/\/www.cs-stadthagen.de\/wp-content\/uploads\/2020\/02\/Datensicherung-1448x2048.jpg 1448w, https:\/\/www.cs-stadthagen.de\/wp-content\/uploads\/2020\/02\/Datensicherung-520x735.jpg 520w, https:\/\/www.cs-stadthagen.de\/wp-content\/uploads\/2020\/02\/Datensicherung-740x1047.jpg 740w, https:\/\/www.cs-stadthagen.de\/wp-content\/uploads\/2020\/02\/Datensicherung-scaled.jpg 1810w\" sizes=\"(max-width: 724px) 100vw, 724px\" \/>\t\t\t\t\t\t\t\t\t\t\t\t\t\t\t<\/div>\n\t\t\t\t<\/div>\n\t\t\t\t\t<\/div>\n\t\t<\/div>\n\t\t\t\t\t<\/div>\n\t\t<\/section>\n\t\t\t\t<\/div>\n\t\t","protected":false},"excerpt":{"rendered":"<p>Wenn Ihnen das Ungl\u00fcck eines defekten Datentr\u00e4gers widerfahren sollte, muss dies keinen endg\u00fcltigen Verlust ihrer wichtigen Daten und Erinnerungen bedeuten. Als Partner von Datenrettung Deutschland und einigen anderen professionellen Datenrettungsunternehmen besteht die M\u00f6glichkeit, ihren defekten<a class=\"read-more\" href=\"https:\/\/www.cs-stadthagen.de\/?page_id=67\">Continue reading<\/a><\/p>\n","protected":false},"author":1,"featured_media":0,"parent":0,"menu_order":0,"comment_status":"closed","ping_status":"closed","template":"page-templates\/page_fullwidth.php","meta":{"footnotes":""},"class_list":["post-67","page","type-page","status-publish","hentry"],"_links":{"self":[{"href":"https:\/\/www.cs-stadthagen.de\/index.php?rest_route=\/wp\/v2\/pages\/67"}],"collection":[{"href":"https:\/\/www.cs-stadthagen.de\/index.php?rest_route=\/wp\/v2\/pages"}],"about":[{"href":"https:\/\/www.cs-stadthagen.de\/index.php?rest_route=\/wp\/v2\/types\/page"}],"author":[{"embeddable":true,"href":"https:\/\/www.cs-stadthagen.de\/index.php?rest_route=\/wp\/v2\/users\/1"}],"replies":[{"embeddable":true,"href":"https:\/\/www.cs-stadthagen.de\/index.php?rest_route=%2Fwp%2Fv2%2Fcomments&post=67"}],"version-history":[{"count":12,"href":"https:\/\/www.cs-stadthagen.de\/index.php?rest_route=\/wp\/v2\/pages\/67\/revisions"}],"predecessor-version":[{"id":969,"href":"https:\/\/www.cs-stadthagen.de\/index.php?rest_route=\/wp\/v2\/pages\/67\/revisions\/969"}],"wp:attachment":[{"href":"https:\/\/www.cs-stadthagen.de\/index.php?rest_route=%2Fwp%2Fv2%2Fmedia&parent=67"}],"curies":[{"name":"wp","href":"https:\/\/api.w.org\/{rel}","templated":true}]}}