{"id":69,"date":"2018-08-08T11:12:17","date_gmt":"2018-08-08T11:12:17","guid":{"rendered":"http:\/\/cs-stadthagen.de\/?page_id=69"},"modified":"2020-12-03T11:34:49","modified_gmt":"2020-12-03T11:34:49","slug":"webdesign","status":"publish","type":"page","link":"https:\/\/www.cs-stadthagen.de\/?page_id=69","title":{"rendered":"Webdesign"},"content":{"rendered":"\t\t<div data-elementor-type=\"wp-page\" data-elementor-id=\"69\" class=\"elementor elementor-69\">\n\t\t\t\t\t\t<section class=\"elementor-section elementor-top-section elementor-element elementor-element-60e9b15 elementor-section-boxed elementor-section-height-default elementor-section-height-default\" data-id=\"60e9b15\" data-element_type=\"section\" data-e-type=\"section\">\n\t\t\t\t\t\t<div class=\"elementor-container elementor-column-gap-default\">\n\t\t\t\t\t<div class=\"elementor-column elementor-col-50 elementor-top-column elementor-element elementor-element-2e795b6\" data-id=\"2e795b6\" data-element_type=\"column\" data-e-type=\"column\">\n\t\t\t<div class=\"elementor-widget-wrap elementor-element-populated\">\n\t\t\t\t\t\t<div class=\"elementor-element elementor-element-249fa9c elementor-widget elementor-widget-text-editor\" data-id=\"249fa9c\" data-element_type=\"widget\" data-e-type=\"widget\" data-widget_type=\"text-editor.default\">\n\t\t\t\t<div class=\"elementor-widget-container\">\n\t\t\t\t\t\t\t\t\t<p><strong>Beim Einrichten einer Internetpr\u00e4senz gibt es viele Faktoren, die ber\u00fccksichtigt werden m\u00fcssen. Dazu z\u00e4hlen die Reservierung Ihrer Wunschdomain bei einem ausgew\u00e4hlten Anbieter, das Einrichten dieser Domain, das grafische Design, das Layout der Texte, das etwaige Programmieren eines Onlineshops, das Auftauchen und die Platzierung in Suchmaschinen bis hin zur regelm\u00e4\u00dfigen Wartung und Administration Ihrer Pr\u00e4senz.<\/strong><\/p><p><strong>Seit Beginn unseres Unternehmens befassen wir uns mit der professionellen Einrichtung und Verwaltung vieler Internetseiten. Durch unseren Fachbereich Grafikdesign und kompetente Programmierer bieten sich viele M\u00f6glichkeiten, um Ihren Webauftritt ganz nach Ihren W\u00fcnschen zu gestalten.<\/strong><\/p><p><strong>Im Zeitalter der Kommunikationstechnik kommt nahezu kein Gesch\u00e4ftszweig mehr ohne eine Vertretung im Internet aus, da potentielle Kunden ohne diese nichts von Ihrem Unternehmen erfahren k\u00f6nnen. Eine Internetpr\u00e4senz ist sozusagen Ihre Visitenkarte im weltweiten Netz und birgt enormes Potential.<\/strong><\/p><p><strong>Sie haben bei uns die M\u00f6glichkeit, je nach eigenen F\u00e4higkeiten und Kenntnissen, unsere Serviceleistungen als Bausteine zu w\u00e4hlen und in Auftrag zu geben. Oder Sie entscheiden sich direkt f\u00fcr eines unserer Komplettangebote.<\/strong><\/p>\t\t\t\t\t\t\t\t<\/div>\n\t\t\t\t<\/div>\n\t\t\t\t\t<\/div>\n\t\t<\/div>\n\t\t\t\t<div class=\"elementor-column elementor-col-50 elementor-top-column elementor-element elementor-element-8508581\" data-id=\"8508581\" data-element_type=\"column\" data-e-type=\"column\">\n\t\t\t<div class=\"elementor-widget-wrap elementor-element-populated\">\n\t\t\t\t\t\t<div class=\"elementor-element elementor-element-670755f elementor-widget elementor-widget-image\" data-id=\"670755f\" data-element_type=\"widget\" data-e-type=\"widget\" data-widget_type=\"image.default\">\n\t\t\t\t<div class=\"elementor-widget-container\">\n\t\t\t\t\t\t\t\t\t\t\t\t\t\t\t<img fetchpriority=\"high\" decoding=\"async\" width=\"724\" height=\"1024\" src=\"https:\/\/www.cs-stadthagen.de\/wp-content\/uploads\/2020\/03\/webdesign-724x1024.jpg\" class=\"attachment-large size-large wp-image-745\" alt=\"\" srcset=\"https:\/\/www.cs-stadthagen.de\/wp-content\/uploads\/2020\/03\/webdesign-724x1024.jpg 724w, https:\/\/www.cs-stadthagen.de\/wp-content\/uploads\/2020\/03\/webdesign-212x300.jpg 212w, https:\/\/www.cs-stadthagen.de\/wp-content\/uploads\/2020\/03\/webdesign-768x1086.jpg 768w, https:\/\/www.cs-stadthagen.de\/wp-content\/uploads\/2020\/03\/webdesign-1086x1536.jpg 1086w, https:\/\/www.cs-stadthagen.de\/wp-content\/uploads\/2020\/03\/webdesign-1448x2048.jpg 1448w, https:\/\/www.cs-stadthagen.de\/wp-content\/uploads\/2020\/03\/webdesign-520x736.jpg 520w, https:\/\/www.cs-stadthagen.de\/wp-content\/uploads\/2020\/03\/webdesign-740x1047.jpg 740w, https:\/\/www.cs-stadthagen.de\/wp-content\/uploads\/2020\/03\/webdesign-scaled.jpg 1810w\" sizes=\"(max-width: 724px) 100vw, 724px\" \/>\t\t\t\t\t\t\t\t\t\t\t\t\t\t\t<\/div>\n\t\t\t\t<\/div>\n\t\t\t\t\t<\/div>\n\t\t<\/div>\n\t\t\t\t\t<\/div>\n\t\t<\/section>\n\t\t\t\t<section class=\"elementor-section elementor-top-section elementor-element elementor-element-5facdf18 elementor-section-boxed elementor-section-height-default elementor-section-height-default\" data-id=\"5facdf18\" data-element_type=\"section\" data-e-type=\"section\">\n\t\t\t\t\t\t<div class=\"elementor-container elementor-column-gap-default\">\n\t\t\t\t\t<div class=\"elementor-column elementor-col-100 elementor-top-column elementor-element elementor-element-75a87cb5\" data-id=\"75a87cb5\" data-element_type=\"column\" data-e-type=\"column\">\n\t\t\t<div class=\"elementor-widget-wrap elementor-element-populated\">\n\t\t\t\t\t\t\t<\/div>\n\t\t<\/div>\n\t\t\t\t\t<\/div>\n\t\t<\/section>\n\t\t\t\t<\/div>\n\t\t","protected":false},"excerpt":{"rendered":"<p>Beim Einrichten einer Internetpr\u00e4senz gibt es viele Faktoren, die ber\u00fccksichtigt werden m\u00fcssen. Dazu z\u00e4hlen die Reservierung Ihrer Wunschdomain bei einem ausgew\u00e4hlten Anbieter, das Einrichten dieser Domain, das grafische Design, das Layout der Texte, das etwaige<a class=\"read-more\" href=\"https:\/\/www.cs-stadthagen.de\/?page_id=69\">Continue reading<\/a><\/p>\n","protected":false},"author":1,"featured_media":0,"parent":0,"menu_order":0,"comment_status":"closed","ping_status":"closed","template":"page-templates\/page_fullwidth.php","meta":{"footnotes":""},"class_list":["post-69","page","type-page","status-publish","hentry"],"_links":{"self":[{"href":"https:\/\/www.cs-stadthagen.de\/index.php?rest_route=\/wp\/v2\/pages\/69"}],"collection":[{"href":"https:\/\/www.cs-stadthagen.de\/index.php?rest_route=\/wp\/v2\/pages"}],"about":[{"href":"https:\/\/www.cs-stadthagen.de\/index.php?rest_route=\/wp\/v2\/types\/page"}],"author":[{"embeddable":true,"href":"https:\/\/www.cs-stadthagen.de\/index.php?rest_route=\/wp\/v2\/users\/1"}],"replies":[{"embeddable":true,"href":"https:\/\/www.cs-stadthagen.de\/index.php?rest_route=%2Fwp%2Fv2%2Fcomments&post=69"}],"version-history":[{"count":6,"href":"https:\/\/www.cs-stadthagen.de\/index.php?rest_route=\/wp\/v2\/pages\/69\/revisions"}],"predecessor-version":[{"id":993,"href":"https:\/\/www.cs-stadthagen.de\/index.php?rest_route=\/wp\/v2\/pages\/69\/revisions\/993"}],"wp:attachment":[{"href":"https:\/\/www.cs-stadthagen.de\/index.php?rest_route=%2Fwp%2Fv2%2Fmedia&parent=69"}],"curies":[{"name":"wp","href":"https:\/\/api.w.org\/{rel}","templated":true}]}}