{"id":782,"date":"2020-03-30T21:46:32","date_gmt":"2020-03-30T21:46:32","guid":{"rendered":"https:\/\/cs-stadthagen.de\/?page_id=782"},"modified":"2021-11-10T11:19:04","modified_gmt":"2021-11-10T11:19:04","slug":"videoueberwachung","status":"publish","type":"page","link":"https:\/\/www.cs-stadthagen.de\/?page_id=782","title":{"rendered":"Video\u00fcberwachung"},"content":{"rendered":"\t\t<div data-elementor-type=\"wp-page\" data-elementor-id=\"782\" class=\"elementor elementor-782\">\n\t\t\t\t\t\t<section class=\"elementor-section elementor-top-section elementor-element elementor-element-542e3d5 elementor-section-boxed elementor-section-height-default elementor-section-height-default\" data-id=\"542e3d5\" data-element_type=\"section\" data-e-type=\"section\">\n\t\t\t\t\t\t<div class=\"elementor-container elementor-column-gap-default\">\n\t\t\t\t\t<div class=\"elementor-column elementor-col-50 elementor-top-column elementor-element elementor-element-f5e8eb8\" data-id=\"f5e8eb8\" data-element_type=\"column\" data-e-type=\"column\">\n\t\t\t<div class=\"elementor-widget-wrap elementor-element-populated\">\n\t\t\t\t\t\t<div class=\"elementor-element elementor-element-c922b16 elementor-widget elementor-widget-text-editor\" data-id=\"c922b16\" data-element_type=\"widget\" data-e-type=\"widget\" data-widget_type=\"text-editor.default\">\n\t\t\t\t<div class=\"elementor-widget-container\">\n\t\t\t\t\t\t\t\t\t<h2>Indoor- und Outdoor Video\u00fcberwachungssysteme<br>f\u00fcr Ihr Unternehmen oder Ihr Eigenheim.<\/h2>\n<p><br>Die Kameraanlagen sind mitlerweile sehr komplex wie Computer an denen viele Einstellungsm\u00f6glichkeiten vorhanden sind. Daher ist der Anwender meist \u00fcberfordert und sucht nach einem Partner, der Vertrauensw\u00fcrdig und Kompetent genug ist, um diesen Bed\u00fcrfnissen gerecht zu werden. Wir versuchen dem Kunden eine vern\u00fcnftige, benutzerfreundliche&nbsp; und vor allem eine hohe Aufl\u00f6sung bei den Kameras zu gewehrleisten, daher unterst\u00fctzen bzw. Beraten wir Sie gerne von Anfang bis Ende bei Ihrer Kaufentscheidung.<\/p>\n<div>Netzwerkkameraanlagen f\u00fcr B\u00fcros, Juweliere, Banken oder auch im privaten Bereich werden von unserem Unternehmen komplett abgedekt. Rufen Sie uns an und vereinbaren einen Termin, <br>damit wir Ihnen ein pers\u00f6nlich angepasstes Angebot f\u00fcr Sie erstellen k\u00f6nnen.<\/div>\n<div>&nbsp;<\/div>\n<div>Ihr Computer Station Team<\/div>\n<div>&nbsp;<\/div>\n<p><\/p>\n<br>\t\t\t\t\t\t\t\t<\/div>\n\t\t\t\t<\/div>\n\t\t\t\t\t<\/div>\n\t\t<\/div>\n\t\t\t\t<div class=\"elementor-column elementor-col-50 elementor-top-column elementor-element elementor-element-50356d0\" data-id=\"50356d0\" data-element_type=\"column\" data-e-type=\"column\">\n\t\t\t<div class=\"elementor-widget-wrap elementor-element-populated\">\n\t\t\t\t\t\t<div class=\"elementor-element elementor-element-c71ece7 elementor-widget elementor-widget-image\" data-id=\"c71ece7\" data-element_type=\"widget\" data-e-type=\"widget\" data-widget_type=\"image.default\">\n\t\t\t\t<div class=\"elementor-widget-container\">\n\t\t\t\t\t\t\t\t\t\t\t\t\t\t\t<img fetchpriority=\"high\" decoding=\"async\" width=\"938\" height=\"527\" src=\"https:\/\/www.cs-stadthagen.de\/wp-content\/uploads\/2021\/11\/Indoor_Kameras.jpg\" class=\"attachment-large size-large wp-image-1668\" alt=\"\" srcset=\"https:\/\/www.cs-stadthagen.de\/wp-content\/uploads\/2021\/11\/Indoor_Kameras.jpg 938w, https:\/\/www.cs-stadthagen.de\/wp-content\/uploads\/2021\/11\/Indoor_Kameras-300x169.jpg 300w, https:\/\/www.cs-stadthagen.de\/wp-content\/uploads\/2021\/11\/Indoor_Kameras-768x431.jpg 768w, https:\/\/www.cs-stadthagen.de\/wp-content\/uploads\/2021\/11\/Indoor_Kameras-520x292.jpg 520w, https:\/\/www.cs-stadthagen.de\/wp-content\/uploads\/2021\/11\/Indoor_Kameras-740x416.jpg 740w\" sizes=\"(max-width: 938px) 100vw, 938px\" \/>\t\t\t\t\t\t\t\t\t\t\t\t\t\t\t<\/div>\n\t\t\t\t<\/div>\n\t\t\t\t<div class=\"elementor-element elementor-element-52506af elementor-widget elementor-widget-image\" data-id=\"52506af\" data-element_type=\"widget\" data-e-type=\"widget\" data-widget_type=\"image.default\">\n\t\t\t\t<div class=\"elementor-widget-container\">\n\t\t\t\t\t\t\t\t\t\t\t\t\t\t\t<img decoding=\"async\" width=\"750\" height=\"500\" src=\"https:\/\/www.cs-stadthagen.de\/wp-content\/uploads\/2021\/11\/Aussen_Kameras.jpg\" class=\"attachment-large size-large wp-image-1669\" alt=\"\" srcset=\"https:\/\/www.cs-stadthagen.de\/wp-content\/uploads\/2021\/11\/Aussen_Kameras.jpg 750w, https:\/\/www.cs-stadthagen.de\/wp-content\/uploads\/2021\/11\/Aussen_Kameras-300x200.jpg 300w, https:\/\/www.cs-stadthagen.de\/wp-content\/uploads\/2021\/11\/Aussen_Kameras-390x260.jpg 390w, https:\/\/www.cs-stadthagen.de\/wp-content\/uploads\/2021\/11\/Aussen_Kameras-520x347.jpg 520w, https:\/\/www.cs-stadthagen.de\/wp-content\/uploads\/2021\/11\/Aussen_Kameras-740x493.jpg 740w\" sizes=\"(max-width: 750px) 100vw, 750px\" \/>\t\t\t\t\t\t\t\t\t\t\t\t\t\t\t<\/div>\n\t\t\t\t<\/div>\n\t\t\t\t\t<\/div>\n\t\t<\/div>\n\t\t\t\t\t<\/div>\n\t\t<\/section>\n\t\t\t\t<\/div>\n\t\t","protected":false},"excerpt":{"rendered":"<p>Indoor- und Outdoor Video\u00fcberwachungssysteme f\u00fcr Ihr Unternehmen oder Ihr Eigenheim. Die Kameraanlagen sind mitlerweile sehr komplex wie Computer an denen viele Einstellungsm\u00f6glichkeiten vorhanden sind. Daher ist der Anwender meist \u00fcberfordert und sucht nach einem Partner,<a class=\"read-more\" href=\"https:\/\/www.cs-stadthagen.de\/?page_id=782\">Continue reading<\/a><\/p>\n","protected":false},"author":5,"featured_media":0,"parent":0,"menu_order":0,"comment_status":"closed","ping_status":"closed","template":"page-templates\/page_fullwidth.php","meta":{"footnotes":""},"class_list":["post-782","page","type-page","status-publish","hentry"],"_links":{"self":[{"href":"https:\/\/www.cs-stadthagen.de\/index.php?rest_route=\/wp\/v2\/pages\/782"}],"collection":[{"href":"https:\/\/www.cs-stadthagen.de\/index.php?rest_route=\/wp\/v2\/pages"}],"about":[{"href":"https:\/\/www.cs-stadthagen.de\/index.php?rest_route=\/wp\/v2\/types\/page"}],"author":[{"embeddable":true,"href":"https:\/\/www.cs-stadthagen.de\/index.php?rest_route=\/wp\/v2\/users\/5"}],"replies":[{"embeddable":true,"href":"https:\/\/www.cs-stadthagen.de\/index.php?rest_route=%2Fwp%2Fv2%2Fcomments&post=782"}],"version-history":[{"count":25,"href":"https:\/\/www.cs-stadthagen.de\/index.php?rest_route=\/wp\/v2\/pages\/782\/revisions"}],"predecessor-version":[{"id":1681,"href":"https:\/\/www.cs-stadthagen.de\/index.php?rest_route=\/wp\/v2\/pages\/782\/revisions\/1681"}],"wp:attachment":[{"href":"https:\/\/www.cs-stadthagen.de\/index.php?rest_route=%2Fwp%2Fv2%2Fmedia&parent=782"}],"curies":[{"name":"wp","href":"https:\/\/api.w.org\/{rel}","templated":true}]}}